{"id":2676,"date":"2025-04-17T23:12:08","date_gmt":"2025-04-17T21:12:08","guid":{"rendered":"https:\/\/www.regionalis.shop\/huizbirn\/product\/holz-kugelschreiber-drehkugelschreiber-aus-holz-hainbuche-handmade\/"},"modified":"2025-04-17T23:12:08","modified_gmt":"2025-04-17T21:12:08","slug":"holz-kugelschreiber-drehkugelschreiber-aus-holz-hainbuche-handmade","status":"publish","type":"product","link":"https:\/\/www.regionalis.shop\/huizbirn\/shop\/holz-kugelschreiber-drehkugelschreiber-aus-holz-hainbuche-handmade\/","title":{"rendered":"Holz Kugelschreiber Drehkugelschreiber aus Holz Hainbuche handmade"},"content":{"rendered":"<p>Handgearbeiteter Holz Drehkugelschreiber, handgefertigt aus \u00f6sterreichischem Hainbuchen-Holz.<\/p>\n<p>Ein absolutes Unikat!<\/p>\n<p>hochwertiger Bausatz mit Drehmechnismus und wechselbarer Mine<br \/>\nLieferung erfolgt im handgefertigtem Stoff-T\u00e4schchen<br \/>\nL\u00e4nge ca. 13.5 cm, Bausatz-Farbe: gun metallic<\/p>\n<p>Die Oberfl\u00e4che des Holzes wurde gedrechselt, fein geschliffen, ge\u00f6lt und lebensmittelecht versiegelt!<br \/>\nDadurch ist dauerhafter Schutz gew\u00e4hrleistet.<\/p>\n<p>Jedes Schreibger\u00e4t ist ein absolutes Unikat und ein ideales Geschenk.<\/p>\n<p>Eine tolle Geschenksidee zum Geburtstag, Weihnachten oder anderen Anlass.<\/p>\n","protected":false},"excerpt":{"rendered":"<p>Handgearbeiteter Holz Drehkugelschreiber, handgefertigt aus \u00f6sterreichischem Hainbuchen-Holz. Ein absolutes Unikat! hochwertiger Bausatz mit Drehmechnismus und wechselbarer Mine Lieferung erfolgt im handgefertigtem Stoff-T\u00e4schchen L\u00e4nge ca. 13.5 cm, Bausatz-Farbe: gun metallic Die Oberfl\u00e4che des Holzes wurde gedrechselt, fein geschliffen, ge\u00f6lt und lebensmittelecht versiegelt! Dadurch ist dauerhafter Schutz gew\u00e4hrleistet. Jedes Schreibger\u00e4t ist ein absolutes Unikat und ein ideales &hellip; <a href=\"https:\/\/www.regionalis.shop\/huizbirn\/shop\/holz-kugelschreiber-drehkugelschreiber-aus-holz-hainbuche-handmade\/\">Continued<\/a><\/p>\n","protected":false},"featured_media":2677,"template":"","meta":{"_acf_changed":false},"product_brand":[],"product_cat":[62,72],"product_tag":[],"class_list":{"0":"post-2676","1":"product","2":"type-product","3":"status-publish","4":"has-post-thumbnail","6":"product_cat-papeterie-schreibwaren","7":"product_cat-schreibwaren","9":"first","10":"instock","11":"purchasable","12":"product-type-simple"},"acf":[],"_links":{"self":[{"href":"https:\/\/www.regionalis.shop\/huizbirn\/wp-json\/wp\/v2\/product\/2676","targetHints":{"allow":["GET"]}}],"collection":[{"href":"https:\/\/www.regionalis.shop\/huizbirn\/wp-json\/wp\/v2\/product"}],"about":[{"href":"https:\/\/www.regionalis.shop\/huizbirn\/wp-json\/wp\/v2\/types\/product"}],"wp:featuredmedia":[{"embeddable":true,"href":"https:\/\/www.regionalis.shop\/huizbirn\/wp-json\/wp\/v2\/media\/2677"}],"wp:attachment":[{"href":"https:\/\/www.regionalis.shop\/huizbirn\/wp-json\/wp\/v2\/media?parent=2676"}],"wp:term":[{"taxonomy":"product_brand","embeddable":true,"href":"https:\/\/www.regionalis.shop\/huizbirn\/wp-json\/wp\/v2\/product_brand?post=2676"},{"taxonomy":"product_cat","embeddable":true,"href":"https:\/\/www.regionalis.shop\/huizbirn\/wp-json\/wp\/v2\/product_cat?post=2676"},{"taxonomy":"product_tag","embeddable":true,"href":"https:\/\/www.regionalis.shop\/huizbirn\/wp-json\/wp\/v2\/product_tag?post=2676"}],"curies":[{"name":"wp","href":"https:\/\/api.w.org\/{rel}","templated":true}]}}