{"id":3,"date":"2023-10-31T09:02:46","date_gmt":"2023-10-31T09:02:46","guid":{"rendered":"https:\/\/stage.shop-it.at\/?page_id=3"},"modified":"2025-10-23T16:29:26","modified_gmt":"2025-10-23T14:29:26","slug":"datenschutzerklarung","status":"publish","type":"page","link":"https:\/\/www.regionalis.shop\/jb-kreativ-boutique\/datenschutzerklarung\/","title":{"rendered":"Datenschutzerkl\u00e4rung"},"content":{"rendered":"<section>\n            <p>&#8211;Aquarell &#038; Handlettering sind meine Leidenschaft.&#8211;<\/p>\n<p>In meinem Regionalis-Shop findest du eine kleine Auswahl meiner Produkte: Geburtsbilder, T\u00fcrschilder, Monogramme und Gru\u00df-\/Postkarten.<br \/>\nGr\u00f6\u00dfe, Farben, Motive (z.B. Tiere, Blumen&#8230;), Spr\u00fcche\u2026. (fast) alles kann individualisiert und nach Deinen W\u00fcnschen gestaltet werden. <\/p>\n<p>Alle meine Bilder sind Unikate und werden h\u00e4ndisch von mir gemalt. Ich m\u00f6chte Dir garantieren, dass mein Kunstwerk genau Deinen Vorstellungen entspricht und biete daher keine Drucke an.<\/p>\n<p>\/\/Gerne stehe ich Dir auch f\u00fcr Deine individuelle Anfrage jederzeit zur Verf\u00fcgung!\/\/<\/p>\n\n    <\/section>","protected":false},"excerpt":{"rendered":"","protected":false},"author":1,"featured_media":0,"parent":0,"menu_order":0,"comment_status":"closed","ping_status":"closed","template":"","meta":{"_acf_changed":false,"footnotes":""},"class_list":["post-3","page","type-page","status-publish","hentry"],"acf":[],"_links":{"self":[{"href":"https:\/\/www.regionalis.shop\/jb-kreativ-boutique\/wp-json\/wp\/v2\/pages\/3","targetHints":{"allow":["GET"]}}],"collection":[{"href":"https:\/\/www.regionalis.shop\/jb-kreativ-boutique\/wp-json\/wp\/v2\/pages"}],"about":[{"href":"https:\/\/www.regionalis.shop\/jb-kreativ-boutique\/wp-json\/wp\/v2\/types\/page"}],"author":[{"embeddable":true,"href":"https:\/\/www.regionalis.shop\/jb-kreativ-boutique\/wp-json\/wp\/v2\/users\/1"}],"replies":[{"embeddable":true,"href":"https:\/\/www.regionalis.shop\/jb-kreativ-boutique\/wp-json\/wp\/v2\/comments?post=3"}],"version-history":[{"count":4,"href":"https:\/\/www.regionalis.shop\/jb-kreativ-boutique\/wp-json\/wp\/v2\/pages\/3\/revisions"}],"predecessor-version":[{"id":1047,"href":"https:\/\/www.regionalis.shop\/jb-kreativ-boutique\/wp-json\/wp\/v2\/pages\/3\/revisions\/1047"}],"wp:attachment":[{"href":"https:\/\/www.regionalis.shop\/jb-kreativ-boutique\/wp-json\/wp\/v2\/media?parent=3"}],"curies":[{"name":"wp","href":"https:\/\/api.w.org\/{rel}","templated":true}]}}