{"id":1053,"date":"2025-04-18T03:04:53","date_gmt":"2025-04-18T01:04:53","guid":{"rendered":"https:\/\/www.regionalis.shop\/jb-kreativ-boutique\/product\/tuerschild-dschungel\/"},"modified":"2025-04-18T03:04:53","modified_gmt":"2025-04-18T01:04:53","slug":"tuerschild-dschungel","status":"publish","type":"product","link":"https:\/\/www.regionalis.shop\/jb-kreativ-boutique\/shop\/tuerschild-dschungel\/","title":{"rendered":"T\u00fcrschild &#8222;Dschungel&#8220;"},"content":{"rendered":"<p>Dieses besondere Unikat eignet sich perfekt als Geschenk zum Umzug ins eigene Zimmer. Das abgebildete Motiv ist in Aquarell-Technik auf 300g\/m\u00b2 starkes Papier von mir handgemalt und ein Einzelst\u00fcck &#8211; deshalb kann es nat\u00fcrlich zu kleinen Abweichungen kommen. <\/p>\n<p>Folgende Informationen ben\u00f6tige ich von Dir:<br \/>\n\u2661 Name<\/p>\n<p>__Ablauf:__ Nach Abschluss Deiner Bestellung und einlangen aller ben\u00f6tigten Details fertige ich Dein Kunstwerk mit hochwertigen Aquarellfarben an. <\/p>\n<p>Solltest Du das T\u00fcrschild als Last-Minute-Geschenk ben\u00f6tigen, schreib mir gerne eine Nachricht und ich werde mein Bestm\u00f6gliches tun, damit Dein Bild zeitgerecht bei Dir ankommt.<\/p>\n<p>\/\/Bitte beachte, dass bei diesem Artikel kein Rahmen inklusive ist. Gerne besorge ich Dir einen passenden Rahmen zu einem Aufpreis von \u20ac 10,00. (Holzoptik, schwarz oder wei\u00df) \/\/<\/p>\n<p>&#8211;Das Bild ist 23&#215;23 cm gro\u00df, falls Du ein anderes Format w\u00fcnscht, gib mir gerne Bescheid!&#8211;<\/p>\n<p>Copyright \u00a9 2021 JB Kreativ-Boutique, Julia Burgstaller &#8211; alle Rechte vorbehalten.<\/p>\n","protected":false},"excerpt":{"rendered":"<p>Dieses besondere Unikat eignet sich perfekt als Geschenk zum Umzug ins eigene Zimmer. Das abgebildete Motiv ist in Aquarell-Technik auf 300g\/m\u00b2 starkes Papier von mir handgemalt und ein Einzelst\u00fcck &#8211; deshalb kann es nat\u00fcrlich zu kleinen Abweichungen kommen. Folgende Informationen ben\u00f6tige ich von Dir: \u2661 Name __Ablauf:__ Nach Abschluss Deiner Bestellung und einlangen aller ben\u00f6tigten &hellip; <a href=\"https:\/\/www.regionalis.shop\/jb-kreativ-boutique\/shop\/tuerschild-dschungel\/\">Continued<\/a><\/p>\n","protected":false},"featured_media":1054,"template":"","meta":{"_acf_changed":false},"product_brand":[],"product_cat":[38,50],"product_tag":[],"class_list":{"0":"post-1053","1":"product","2":"type-product","3":"status-publish","4":"has-post-thumbnail","6":"product_cat-baby-kinder","7":"product_cat-kinderzimmer","9":"first","10":"instock","11":"purchasable","12":"product-type-simple"},"acf":[],"_links":{"self":[{"href":"https:\/\/www.regionalis.shop\/jb-kreativ-boutique\/wp-json\/wp\/v2\/product\/1053","targetHints":{"allow":["GET"]}}],"collection":[{"href":"https:\/\/www.regionalis.shop\/jb-kreativ-boutique\/wp-json\/wp\/v2\/product"}],"about":[{"href":"https:\/\/www.regionalis.shop\/jb-kreativ-boutique\/wp-json\/wp\/v2\/types\/product"}],"wp:featuredmedia":[{"embeddable":true,"href":"https:\/\/www.regionalis.shop\/jb-kreativ-boutique\/wp-json\/wp\/v2\/media\/1054"}],"wp:attachment":[{"href":"https:\/\/www.regionalis.shop\/jb-kreativ-boutique\/wp-json\/wp\/v2\/media?parent=1053"}],"wp:term":[{"taxonomy":"product_brand","embeddable":true,"href":"https:\/\/www.regionalis.shop\/jb-kreativ-boutique\/wp-json\/wp\/v2\/product_brand?post=1053"},{"taxonomy":"product_cat","embeddable":true,"href":"https:\/\/www.regionalis.shop\/jb-kreativ-boutique\/wp-json\/wp\/v2\/product_cat?post=1053"},{"taxonomy":"product_tag","embeddable":true,"href":"https:\/\/www.regionalis.shop\/jb-kreativ-boutique\/wp-json\/wp\/v2\/product_tag?post=1053"}],"curies":[{"name":"wp","href":"https:\/\/api.w.org\/{rel}","templated":true}]}}