{"id":1055,"date":"2025-04-18T05:56:32","date_gmt":"2025-04-18T03:56:32","guid":{"rendered":"https:\/\/www.regionalis.shop\/jessbag-more\/product\/automistkuebel-cargarbagebag-trashbag-braun\/"},"modified":"2025-04-18T05:56:32","modified_gmt":"2025-04-18T03:56:32","slug":"automistkuebel-cargarbagebag-trashbag-braun","status":"publish","type":"product","link":"https:\/\/www.regionalis.shop\/jessbag-more\/shop\/automistkuebel-cargarbagebag-trashbag-braun\/","title":{"rendered":"Automistk\u00fcbel &#8211; CarGarbageBag &#8211; TrashBag &#8211; Braun"},"content":{"rendered":"<p>Der Mistk\u00fcbel f\u00fcrs Auto hat Platz f\u00fcr Taschent\u00fccher, leere Dosen, Parktickets&#8230;<br \/>\nEinfach mit dem Band mit Klettverschluss am Schaltknauf oder an der Kopfst\u00fctze befestigen. Aus strapazierf\u00e4higem Cabrio Verdeck Stoff gen\u00e4ht, waschbar und bietet sogar noch eigene F\u00e4cher f\u00fcr Stift und Handy.<\/p>\n","protected":false},"excerpt":{"rendered":"<p>Der Mistk\u00fcbel f\u00fcrs Auto hat Platz f\u00fcr Taschent\u00fccher, leere Dosen, Parktickets&#8230; Einfach mit dem Band mit Klettverschluss am Schaltknauf oder an der Kopfst\u00fctze befestigen. Aus strapazierf\u00e4higem Cabrio Verdeck Stoff gen\u00e4ht, waschbar und bietet sogar noch eigene F\u00e4cher f\u00fcr Stift und Handy.<\/p>\n","protected":false},"featured_media":1056,"template":"","meta":{"_acf_changed":false},"product_brand":[],"product_cat":[170,95],"product_tag":[],"class_list":{"0":"post-1055","1":"product","2":"type-product","3":"status-publish","4":"has-post-thumbnail","6":"product_cat-sport-freizeit","7":"product_cat-taschen","9":"first","10":"instock","11":"purchasable","12":"product-type-simple"},"acf":[],"_links":{"self":[{"href":"https:\/\/www.regionalis.shop\/jessbag-more\/wp-json\/wp\/v2\/product\/1055","targetHints":{"allow":["GET"]}}],"collection":[{"href":"https:\/\/www.regionalis.shop\/jessbag-more\/wp-json\/wp\/v2\/product"}],"about":[{"href":"https:\/\/www.regionalis.shop\/jessbag-more\/wp-json\/wp\/v2\/types\/product"}],"wp:featuredmedia":[{"embeddable":true,"href":"https:\/\/www.regionalis.shop\/jessbag-more\/wp-json\/wp\/v2\/media\/1056"}],"wp:attachment":[{"href":"https:\/\/www.regionalis.shop\/jessbag-more\/wp-json\/wp\/v2\/media?parent=1055"}],"wp:term":[{"taxonomy":"product_brand","embeddable":true,"href":"https:\/\/www.regionalis.shop\/jessbag-more\/wp-json\/wp\/v2\/product_brand?post=1055"},{"taxonomy":"product_cat","embeddable":true,"href":"https:\/\/www.regionalis.shop\/jessbag-more\/wp-json\/wp\/v2\/product_cat?post=1055"},{"taxonomy":"product_tag","embeddable":true,"href":"https:\/\/www.regionalis.shop\/jessbag-more\/wp-json\/wp\/v2\/product_tag?post=1055"}],"curies":[{"name":"wp","href":"https:\/\/api.w.org\/{rel}","templated":true}]}}