{"id":1066,"date":"2025-04-18T04:32:33","date_gmt":"2025-04-18T02:32:33","guid":{"rendered":"https:\/\/www.regionalis.shop\/jessbag-more\/product\/zirbenkissen-pusteblume-maxi\/"},"modified":"2025-04-18T04:32:33","modified_gmt":"2025-04-18T02:32:33","slug":"zirbenkissen-pusteblume-maxi","status":"publish","type":"product","link":"https:\/\/www.regionalis.shop\/jessbag-more\/shop\/zirbenkissen-pusteblume-maxi\/","title":{"rendered":"Zirbenkissen &#8211; Pusteblume  &#8211; Maxi"},"content":{"rendered":"<p>Zirbenkissen Maxi Pusteblume<\/p>\n<p>ca 25&#215;25 cm gro\u00df<br \/>\nAussenstoff Baumwolle<br \/>\nInlett gef\u00fcllt mit gro\u00dfen Zirbensp\u00e4nen und antiallergener F\u00fcllwatte, waschbar<\/p>\n<p>Beidseitig bemalt von uns mit waschbarer, nachtleuchtender Acrylfarbe<br \/>\n-Daher gibt es leichte Unterschiede der gemalten Pusteblumen in Gr\u00f6\u00dfe und Position-<\/p>\n","protected":false},"excerpt":{"rendered":"<p>Zirbenkissen Maxi Pusteblume ca 25&#215;25 cm gro\u00df Aussenstoff Baumwolle Inlett gef\u00fcllt mit gro\u00dfen Zirbensp\u00e4nen und antiallergener F\u00fcllwatte, waschbar Beidseitig bemalt von uns mit waschbarer, nachtleuchtender Acrylfarbe -Daher gibt es leichte Unterschiede der gemalten Pusteblumen in Gr\u00f6\u00dfe und Position-<\/p>\n","protected":false},"featured_media":1067,"template":"","meta":{"_acf_changed":false},"product_brand":[],"product_cat":[41,53],"product_tag":[],"class_list":{"0":"post-1066","1":"product","2":"type-product","3":"status-publish","4":"has-post-thumbnail","6":"product_cat-freizeit-lifestyle","7":"product_cat-kraeuterkissen","9":"first","10":"instock","11":"purchasable","12":"product-type-simple"},"acf":[],"_links":{"self":[{"href":"https:\/\/www.regionalis.shop\/jessbag-more\/wp-json\/wp\/v2\/product\/1066","targetHints":{"allow":["GET"]}}],"collection":[{"href":"https:\/\/www.regionalis.shop\/jessbag-more\/wp-json\/wp\/v2\/product"}],"about":[{"href":"https:\/\/www.regionalis.shop\/jessbag-more\/wp-json\/wp\/v2\/types\/product"}],"wp:featuredmedia":[{"embeddable":true,"href":"https:\/\/www.regionalis.shop\/jessbag-more\/wp-json\/wp\/v2\/media\/1067"}],"wp:attachment":[{"href":"https:\/\/www.regionalis.shop\/jessbag-more\/wp-json\/wp\/v2\/media?parent=1066"}],"wp:term":[{"taxonomy":"product_brand","embeddable":true,"href":"https:\/\/www.regionalis.shop\/jessbag-more\/wp-json\/wp\/v2\/product_brand?post=1066"},{"taxonomy":"product_cat","embeddable":true,"href":"https:\/\/www.regionalis.shop\/jessbag-more\/wp-json\/wp\/v2\/product_cat?post=1066"},{"taxonomy":"product_tag","embeddable":true,"href":"https:\/\/www.regionalis.shop\/jessbag-more\/wp-json\/wp\/v2\/product_tag?post=1066"}],"curies":[{"name":"wp","href":"https:\/\/api.w.org\/{rel}","templated":true}]}}