{"id":1069,"date":"2025-04-18T03:17:18","date_gmt":"2025-04-18T01:17:18","guid":{"rendered":"https:\/\/www.regionalis.shop\/jessbag-more\/product\/foldover-bagpusteblumeschultertaschehandtasche\/"},"modified":"2025-04-18T03:17:18","modified_gmt":"2025-04-18T01:17:18","slug":"foldover-bagpusteblumeschultertaschehandtasche","status":"publish","type":"product","link":"https:\/\/www.regionalis.shop\/jessbag-more\/shop\/foldover-bagpusteblumeschultertaschehandtasche\/","title":{"rendered":"\u00b0FoldOver &#8211; Bag\u00b0Pusteblume\u00b0Schultertasche\u00b0Handtasche"},"content":{"rendered":"<p>Dieser FoldOver-Bag ist in liebevoller Handarbeit gefertigt aus Canvas, Kunstleder und KunstlederTr\u00e4ger.<br \/>\nVon mir bemalt mit waschechter Acrylfarbe, Nachtleuchtend<br \/>\nTr\u00e4ger in verschiedenen Farben und L\u00e4ngen erh\u00e4ltlich, zum Wechseln mit Karabiner<br \/>\nGr\u00f6\u00dfe etwa 22&#215;30 cm<\/p>\n","protected":false},"excerpt":{"rendered":"<p>Dieser FoldOver-Bag ist in liebevoller Handarbeit gefertigt aus Canvas, Kunstleder und KunstlederTr\u00e4ger. Von mir bemalt mit waschechter Acrylfarbe, Nachtleuchtend Tr\u00e4ger in verschiedenen Farben und L\u00e4ngen erh\u00e4ltlich, zum Wechseln mit Karabiner Gr\u00f6\u00dfe etwa 22&#215;30 cm<\/p>\n","protected":false},"featured_media":1070,"template":"","meta":{"_acf_changed":false},"product_brand":[],"product_cat":[142,95],"product_tag":[],"class_list":{"0":"post-1069","1":"product","2":"type-product","3":"status-publish","4":"has-post-thumbnail","6":"product_cat-handtaschen","7":"product_cat-taschen","9":"first","10":"instock","11":"purchasable","12":"product-type-simple"},"acf":[],"_links":{"self":[{"href":"https:\/\/www.regionalis.shop\/jessbag-more\/wp-json\/wp\/v2\/product\/1069","targetHints":{"allow":["GET"]}}],"collection":[{"href":"https:\/\/www.regionalis.shop\/jessbag-more\/wp-json\/wp\/v2\/product"}],"about":[{"href":"https:\/\/www.regionalis.shop\/jessbag-more\/wp-json\/wp\/v2\/types\/product"}],"wp:featuredmedia":[{"embeddable":true,"href":"https:\/\/www.regionalis.shop\/jessbag-more\/wp-json\/wp\/v2\/media\/1070"}],"wp:attachment":[{"href":"https:\/\/www.regionalis.shop\/jessbag-more\/wp-json\/wp\/v2\/media?parent=1069"}],"wp:term":[{"taxonomy":"product_brand","embeddable":true,"href":"https:\/\/www.regionalis.shop\/jessbag-more\/wp-json\/wp\/v2\/product_brand?post=1069"},{"taxonomy":"product_cat","embeddable":true,"href":"https:\/\/www.regionalis.shop\/jessbag-more\/wp-json\/wp\/v2\/product_cat?post=1069"},{"taxonomy":"product_tag","embeddable":true,"href":"https:\/\/www.regionalis.shop\/jessbag-more\/wp-json\/wp\/v2\/product_tag?post=1069"}],"curies":[{"name":"wp","href":"https:\/\/api.w.org\/{rel}","templated":true}]}}