{"id":1088,"date":"2025-04-18T00:11:45","date_gmt":"2025-04-17T22:11:45","guid":{"rendered":"https:\/\/www.regionalis.shop\/jessbag-more\/product\/dirndl-bagbucket-bagb-bag\/"},"modified":"2025-04-18T00:11:45","modified_gmt":"2025-04-17T22:11:45","slug":"dirndl-bagbucket-bagb-bag","status":"publish","type":"product","link":"https:\/\/www.regionalis.shop\/jessbag-more\/shop\/dirndl-bagbucket-bagb-bag\/","title":{"rendered":"\u00b0Dirndl-Bag\u00b0Bucket Bag\u00b0B-Bag"},"content":{"rendered":"<p>B-Bag oder Bucketbag &#8222;Dirndl&#8220; &#8211; die etwas andere Art, Dirndl zu tragen!<\/p>\n<p>\u00b0Gen\u00e4ht aus einem kaum getragenen Dirndl<br \/>\n\u00b0H\u00f6he ca. 31cm , Bodenma\u00dfe ca. 23cm x 15cm<br \/>\n\u00b0kleines Innenfach mit Rei\u00dfverschluss<br \/>\n\u00b0Tr\u00e4ger aus der Sch\u00fcrze &#8211; L\u00e4nge individuell verknotbar<\/p>\n","protected":false},"excerpt":{"rendered":"<p>B-Bag oder Bucketbag &#8222;Dirndl&#8220; &#8211; die etwas andere Art, Dirndl zu tragen! \u00b0Gen\u00e4ht aus einem kaum getragenen Dirndl \u00b0H\u00f6he ca. 31cm , Bodenma\u00dfe ca. 23cm x 15cm \u00b0kleines Innenfach mit Rei\u00dfverschluss \u00b0Tr\u00e4ger aus der Sch\u00fcrze &#8211; L\u00e4nge individuell verknotbar<\/p>\n","protected":false},"featured_media":1089,"template":"","meta":{"_acf_changed":false},"product_brand":[],"product_cat":[142,95],"product_tag":[],"class_list":{"0":"post-1088","1":"product","2":"type-product","3":"status-publish","4":"has-post-thumbnail","6":"product_cat-handtaschen","7":"product_cat-taschen","9":"first","10":"instock","11":"purchasable","12":"product-type-simple"},"acf":[],"_links":{"self":[{"href":"https:\/\/www.regionalis.shop\/jessbag-more\/wp-json\/wp\/v2\/product\/1088","targetHints":{"allow":["GET"]}}],"collection":[{"href":"https:\/\/www.regionalis.shop\/jessbag-more\/wp-json\/wp\/v2\/product"}],"about":[{"href":"https:\/\/www.regionalis.shop\/jessbag-more\/wp-json\/wp\/v2\/types\/product"}],"wp:featuredmedia":[{"embeddable":true,"href":"https:\/\/www.regionalis.shop\/jessbag-more\/wp-json\/wp\/v2\/media\/1089"}],"wp:attachment":[{"href":"https:\/\/www.regionalis.shop\/jessbag-more\/wp-json\/wp\/v2\/media?parent=1088"}],"wp:term":[{"taxonomy":"product_brand","embeddable":true,"href":"https:\/\/www.regionalis.shop\/jessbag-more\/wp-json\/wp\/v2\/product_brand?post=1088"},{"taxonomy":"product_cat","embeddable":true,"href":"https:\/\/www.regionalis.shop\/jessbag-more\/wp-json\/wp\/v2\/product_cat?post=1088"},{"taxonomy":"product_tag","embeddable":true,"href":"https:\/\/www.regionalis.shop\/jessbag-more\/wp-json\/wp\/v2\/product_tag?post=1088"}],"curies":[{"name":"wp","href":"https:\/\/api.w.org\/{rel}","templated":true}]}}