{"id":3,"date":"2023-10-31T09:02:46","date_gmt":"2023-10-31T09:02:46","guid":{"rendered":"https:\/\/stage.shop-it.at\/?page_id=3"},"modified":"2025-10-23T16:29:26","modified_gmt":"2025-10-23T14:29:26","slug":"datenschutzerklarung","status":"publish","type":"page","link":"https:\/\/www.regionalis.shop\/jf-design\/datenschutzerklarung\/","title":{"rendered":"Datenschutzerkl\u00e4rung"},"content":{"rendered":"<section>\n            <p>Ich hei\u00dfe Judit und bin K\u00fcnstlerin und Inhaberin dieses Shops. Meine Kunstwerke sind Erz\u00e4hlungen \u00fcber Wandel und Verg\u00e4nglichkeit sowie den subtilen Verbindungen zwischen innerer und \u00e4u\u00dferer Welt \u2013 inspiriert von der flie\u00dfenden Regelm\u00e4\u00dfigkeit der Natur. \u2028Ich m\u00f6chte Dich dazu einladen innezuhalten, die Harmonie und den Rhythmus der Natur zu entdecken und einen Raum schaffen, in dem Ruhe, Achtsamkeit und die Wertsch\u00e4tzung f\u00fcr die kleinen Augenblicke erfahrbar werden.<\/p>\n<p>Vielen Dank f\u00fcr Ihren Besuch in meinem Shop! Ich freue mich, meine Leidenschaft f\u00fcr Kunst mit Dir zu teilen. Bitte nimm dir einen Moment Zeit, um die Shop-Richtlinien und Hinweise durchzulesen, um ein reibungsloses Einkaufserlebnis zu gew\u00e4hrleisten.<\/p>\n<p>Besuchen Sie auch meine Website: <a href=\"https:\/\/www.jf-design-vienna.com\/\">www.jf-design-vienna.com<\/a><\/p>\n\n    <\/section>","protected":false},"excerpt":{"rendered":"","protected":false},"author":1,"featured_media":0,"parent":0,"menu_order":0,"comment_status":"closed","ping_status":"closed","template":"","meta":{"_acf_changed":false,"footnotes":""},"class_list":["post-3","page","type-page","status-publish","hentry"],"acf":[],"_links":{"self":[{"href":"https:\/\/www.regionalis.shop\/jf-design\/wp-json\/wp\/v2\/pages\/3","targetHints":{"allow":["GET"]}}],"collection":[{"href":"https:\/\/www.regionalis.shop\/jf-design\/wp-json\/wp\/v2\/pages"}],"about":[{"href":"https:\/\/www.regionalis.shop\/jf-design\/wp-json\/wp\/v2\/types\/page"}],"author":[{"embeddable":true,"href":"https:\/\/www.regionalis.shop\/jf-design\/wp-json\/wp\/v2\/users\/1"}],"replies":[{"embeddable":true,"href":"https:\/\/www.regionalis.shop\/jf-design\/wp-json\/wp\/v2\/comments?post=3"}],"version-history":[{"count":4,"href":"https:\/\/www.regionalis.shop\/jf-design\/wp-json\/wp\/v2\/pages\/3\/revisions"}],"predecessor-version":[{"id":1047,"href":"https:\/\/www.regionalis.shop\/jf-design\/wp-json\/wp\/v2\/pages\/3\/revisions\/1047"}],"wp:attachment":[{"href":"https:\/\/www.regionalis.shop\/jf-design\/wp-json\/wp\/v2\/media?parent=3"}],"curies":[{"name":"wp","href":"https:\/\/api.w.org\/{rel}","templated":true}]}}