{"id":862,"date":"2025-05-24T13:44:06","date_gmt":"2025-05-24T11:44:06","guid":{"rendered":"https:\/\/starter.stage.shop-it.at\/?page_id=862"},"modified":"2025-10-23T15:21:37","modified_gmt":"2025-10-23T13:21:37","slug":"startseite","status":"publish","type":"page","link":"https:\/\/www.regionalis.shop\/jf-design\/","title":{"rendered":"Startseite"},"content":{"rendered":"<section>\n        <div class=\"header-image\">\n            <img decoding=\"async\" src=\"https:\/\/www.regionalis.shop\/app\/uploads\/sites\/280\/492_2023_12_14_10_04_15_467280050.jpg\" alt=\"\">\n        <\/div>\n    \n    <\/section>\n    <section>\n    <div class=\"header-title\">\n        <h1 class=\"h2\">Willkommen bei JF Design<\/h1>\n    <\/div>\n            <h2 class=\"h3\">Handgemacht in Wien<\/h2>\n                <p>Ich hei\u00dfe Judit und bin K\u00fcnstlerin und Inhaberin dieses Shops. Meine Kunstwerke sind Erz\u00e4hlungen \u00fcber Wandel und Verg\u00e4nglichkeit sowie den subtilen Verbindungen zwischen innerer und \u00e4u\u00dferer Welt \u2013 inspiriert von der flie\u00dfenden Regelm\u00e4\u00dfigkeit der Natur. \u2028Ich m\u00f6chte Dich dazu einladen innezuhalten, die Harmonie und den Rhythmus der Natur zu entdecken und einen Raum schaffen, in dem Ruhe, Achtsamkeit und die Wertsch\u00e4tzung f\u00fcr die kleinen Augenblicke erfahrbar werden.<\/p>\n<p>Vielen Dank f\u00fcr Ihren Besuch in meinem Shop! Ich freue mich, meine Leidenschaft f\u00fcr Kunst mit Dir zu teilen. Bitte nimm dir einen Moment Zeit, um die Shop-Richtlinien und Hinweise durchzulesen, um ein reibungsloses Einkaufserlebnis zu gew\u00e4hrleisten.<\/p>\n<p>Besuchen Sie auch meine Website: <a href=\"https:\/\/www.jf-design-vienna.com\/\">www.jf-design-vienna.com<\/a><\/p>\n\n    \n    <h3>Produkte<\/h3>\n\n    <div class=\"woocommerce columns-3 \"><ul class=\"products columns-3\">\n<li class=\"product type-product post-1298 status-publish first instock product_cat-kunst-fotografie product_cat-kunstdrucke product_tag-aquarell-illustration product_tag-einweihungsgeschenk product_tag-essen-und-trinken product_tag-gesund-kochen product_tag-kunstdruck-kueche product_tag-obst-und-gemuese product_tag-obst-und-gemuese-der-saison product_tag-saisonkalender product_tag-schautafel-obst-und-gemuese has-post-thumbnail purchasable product-type-simple\">\n\t<a href=\"https:\/\/www.regionalis.shop\/jf-design\/shop\/poster-saisonkalender-obst-und-gemuese-a2\/\" class=\"woocommerce-LoopProduct-link woocommerce-loop-product__link\"><div class=\"wc-block-grid__product-image\"><img loading=\"lazy\" decoding=\"async\" width=\"1024\" height=\"683\" src=\"https:\/\/www.regionalis.shop\/app\/uploads\/sites\/280\/Saisonkalender-D-rahmen-1024x683.jpg\" class=\"attachment-large size-large\" alt=\"Saisonkalender Obst und Gem\u00fcse\" srcset=\"https:\/\/www.regionalis.shop\/app\/uploads\/sites\/280\/Saisonkalender-D-rahmen-1024x683.jpg 1024w, https:\/\/www.regionalis.shop\/app\/uploads\/sites\/280\/Saisonkalender-D-rahmen-300x200.jpg 300w, https:\/\/www.regionalis.shop\/app\/uploads\/sites\/280\/Saisonkalender-D-rahmen-768x513.jpg 768w, https:\/\/www.regionalis.shop\/app\/uploads\/sites\/280\/Saisonkalender-D-rahmen-1536x1025.jpg 1536w, https:\/\/www.regionalis.shop\/app\/uploads\/sites\/280\/Saisonkalender-D-rahmen-2048x1367.jpg 2048w, https:\/\/www.regionalis.shop\/app\/uploads\/sites\/280\/Saisonkalender-D-rahmen-600x400.jpg 600w\" sizes=\"auto, (max-width: 1024px) 100vw, 1024px\" \/><\/div><h2 class=\"woocommerce-loop-product__title\">Poster Saisonkalender Obst und Gem\u00fcse \/ A2<\/h2>\n\t<span class=\"price\"><span class=\"woocommerce-Price-amount amount\"><bdi>35,00&nbsp;<span class=\"woocommerce-Price-currencySymbol\">&euro;<\/span><\/bdi><\/span><\/span>\n<\/a><\/li>\n<li class=\"product type-product post-1290 status-publish instock product_cat-geschenk-gruskarten product_cat-papeterie-schreibwaren product_tag-beileidskarte product_tag-cyanotypie product_tag-grusskarte product_tag-grusskarte-beileid product_tag-trauerkarte has-post-thumbnail purchasable product-type-simple\">\n\t<a href=\"https:\/\/www.regionalis.shop\/jf-design\/shop\/trauerkarte-3\/\" class=\"woocommerce-LoopProduct-link woocommerce-loop-product__link\"><div class=\"wc-block-grid__product-image\"><img loading=\"lazy\" decoding=\"async\" width=\"1024\" height=\"648\" src=\"https:\/\/www.regionalis.shop\/app\/uploads\/sites\/280\/il_fullxfull.5594816072_sdxf-1024x648.jpg\" class=\"attachment-large size-large\" alt=\"Trauerkarte\" srcset=\"https:\/\/www.regionalis.shop\/app\/uploads\/sites\/280\/il_fullxfull.5594816072_sdxf-1024x648.jpg 1024w, https:\/\/www.regionalis.shop\/app\/uploads\/sites\/280\/il_fullxfull.5594816072_sdxf-300x190.jpg 300w, https:\/\/www.regionalis.shop\/app\/uploads\/sites\/280\/il_fullxfull.5594816072_sdxf-768x486.jpg 768w, https:\/\/www.regionalis.shop\/app\/uploads\/sites\/280\/il_fullxfull.5594816072_sdxf-1536x972.jpg 1536w, https:\/\/www.regionalis.shop\/app\/uploads\/sites\/280\/il_fullxfull.5594816072_sdxf-600x380.jpg 600w, https:\/\/www.regionalis.shop\/app\/uploads\/sites\/280\/il_fullxfull.5594816072_sdxf.jpg 2000w\" sizes=\"auto, (max-width: 1024px) 100vw, 1024px\" \/><\/div><h2 class=\"woocommerce-loop-product__title\">Trauerkarte &#8222;Aufrichtige Anteilnahme&#8220;<\/h2>\n\t<span class=\"price\"><span class=\"woocommerce-Price-amount amount\"><bdi>3,00&nbsp;<span class=\"woocommerce-Price-currencySymbol\">&euro;<\/span><\/bdi><\/span><\/span>\n<\/a><\/li>\n<li class=\"product type-product post-1287 status-publish last instock product_cat-geschenk-gruskarten product_cat-papeterie-schreibwaren product_tag-beileidskarte product_tag-cyanotypie product_tag-grusskarte product_tag-grusskarte-beileid product_tag-trauerkarte has-post-thumbnail purchasable product-type-simple\">\n\t<a href=\"https:\/\/www.regionalis.shop\/jf-design\/shop\/trauerkarte-2\/\" class=\"woocommerce-LoopProduct-link woocommerce-loop-product__link\"><div class=\"wc-block-grid__product-image\"><img loading=\"lazy\" decoding=\"async\" width=\"794\" height=\"503\" src=\"https:\/\/www.regionalis.shop\/app\/uploads\/sites\/280\/il_794xN.5642924001_p3w3.webp\" class=\"attachment-large size-large\" alt=\"Trauerkarte\" srcset=\"https:\/\/www.regionalis.shop\/app\/uploads\/sites\/280\/il_794xN.5642924001_p3w3.webp 794w, https:\/\/www.regionalis.shop\/app\/uploads\/sites\/280\/il_794xN.5642924001_p3w3-300x190.webp 300w, https:\/\/www.regionalis.shop\/app\/uploads\/sites\/280\/il_794xN.5642924001_p3w3-768x487.webp 768w, https:\/\/www.regionalis.shop\/app\/uploads\/sites\/280\/il_794xN.5642924001_p3w3-600x380.webp 600w\" sizes=\"auto, (max-width: 794px) 100vw, 794px\" \/><\/div><h2 class=\"woocommerce-loop-product__title\">Trauerkarte &#8222;In stillem Gedenken&#8220;<\/h2>\n\t<span class=\"price\"><span class=\"woocommerce-Price-amount amount\"><bdi>3,00&nbsp;<span class=\"woocommerce-Price-currencySymbol\">&euro;<\/span><\/bdi><\/span><\/span>\n<\/a><\/li>\n<\/ul>\n<\/div>\n    <p>\n        <a href=\"https:\/\/www.regionalis.shop\/jf-design\/shop\/\" class=\"btn btn-primary btn-icon-right\">\n            Alle Produkte <i class=\"bi bi-arrow-right-short\"><\/i>\n        <\/a>\n    <\/p>\n<\/section>\n\n<div data-block-name=\"woocommerce\/store-notices\" class=\"wc-block-store-notices woocommerce alignwide alignwide wp-block-woocommerce-store-notices\"><div class=\"woocommerce-notices-wrapper\"><\/div><\/div>","protected":false},"excerpt":{"rendered":"","protected":false},"author":1,"featured_media":0,"parent":0,"menu_order":0,"comment_status":"closed","ping_status":"closed","template":"template-home.blade.php","meta":{"_acf_changed":false,"footnotes":""},"class_list":["post-862","page","type-page","status-publish","hentry"],"acf":[],"_links":{"self":[{"href":"https:\/\/www.regionalis.shop\/jf-design\/wp-json\/wp\/v2\/pages\/862","targetHints":{"allow":["GET"]}}],"collection":[{"href":"https:\/\/www.regionalis.shop\/jf-design\/wp-json\/wp\/v2\/pages"}],"about":[{"href":"https:\/\/www.regionalis.shop\/jf-design\/wp-json\/wp\/v2\/types\/page"}],"author":[{"embeddable":true,"href":"https:\/\/www.regionalis.shop\/jf-design\/wp-json\/wp\/v2\/users\/1"}],"replies":[{"embeddable":true,"href":"https:\/\/www.regionalis.shop\/jf-design\/wp-json\/wp\/v2\/comments?post=862"}],"version-history":[{"count":28,"href":"https:\/\/www.regionalis.shop\/jf-design\/wp-json\/wp\/v2\/pages\/862\/revisions"}],"predecessor-version":[{"id":1041,"href":"https:\/\/www.regionalis.shop\/jf-design\/wp-json\/wp\/v2\/pages\/862\/revisions\/1041"}],"wp:attachment":[{"href":"https:\/\/www.regionalis.shop\/jf-design\/wp-json\/wp\/v2\/media?parent=862"}],"curies":[{"name":"wp","href":"https:\/\/api.w.org\/{rel}","templated":true}]}}