{"id":1054,"date":"2025-04-28T03:57:51","date_gmt":"2025-04-28T01:57:51","guid":{"rendered":"https:\/\/www.regionalis.shop\/jf-design\/product\/a6-grusskarte-kleines-wunder\/"},"modified":"2025-11-13T12:20:50","modified_gmt":"2025-11-13T11:20:50","slug":"grusskarte-kleineswunder","status":"publish","type":"product","link":"https:\/\/www.regionalis.shop\/jf-design\/shop\/grusskarte-kleineswunder\/","title":{"rendered":"Gru\u00dfkarte \u201ekleines Wunder&#8220;"},"content":{"rendered":"<p>Gru\u00dfkarte &amp; Kuvert<\/p>\n<p>F\u00fcr die frischgebackene Familie: Eine illustrierte Gru\u00dfkarte mit dem Schriftzug &#8222;kleines Wunder&#8220; als kleine Aufmerksamkeit zur Geburt von einem kleinen M\u00e4dchen.<br \/>\nInnen ist die Karte wei\u00df, perfekt f\u00fcr eine liebevolle Nachricht.<\/p>\n<p>* * *<br \/>\nDesign: JF Design \/ Judit Fortelny<br \/>\nPapier 220g Premiumkarton<br \/>\nFormat: A6<br \/>\nHergestellt in \u00d6sterreich<br \/>\nKarte wird sch\u00f6n verpack mit passendem Kuvert geliefert<br \/>\n* * *<\/p>\n","protected":false},"excerpt":{"rendered":"<p>Gru\u00dfkarte &amp; Kuvert F\u00fcr die frischgebackene Familie: Eine illustrierte Gru\u00dfkarte mit dem Schriftzug &#8222;kleines Wunder&#8220; als kleine Aufmerksamkeit zur Geburt von einem kleinen M\u00e4dchen. Innen ist die Karte wei\u00df, perfekt f\u00fcr eine liebevolle Nachricht. * * * Design: JF Design \/ Judit Fortelny Papier 220g Premiumkarton Format: A6 Hergestellt in \u00d6sterreich Karte wird sch\u00f6n verpack &hellip; <a href=\"https:\/\/www.regionalis.shop\/jf-design\/shop\/grusskarte-kleineswunder\/\">Continued<\/a><\/p>\n","protected":false},"featured_media":1055,"template":"","meta":{"_acf_changed":false},"product_brand":[],"product_cat":[134,62],"product_tag":[187,216,214,218,215,217,213],"class_list":{"0":"post-1054","1":"product","2":"type-product","3":"status-publish","4":"has-post-thumbnail","6":"product_cat-geschenk-gruskarten","7":"product_cat-papeterie-schreibwaren","8":"product_tag-aquarell-illustration","9":"product_tag-geburt-maedchen","10":"product_tag-geburtsgeschenk","11":"product_tag-geburtstagskarte","12":"product_tag-geschenk-taufe","13":"product_tag-grusskarte-familie","14":"product_tag-grusskarte-geburt","16":"first","17":"instock","18":"purchasable","19":"product-type-simple"},"acf":[],"_links":{"self":[{"href":"https:\/\/www.regionalis.shop\/jf-design\/wp-json\/wp\/v2\/product\/1054","targetHints":{"allow":["GET"]}}],"collection":[{"href":"https:\/\/www.regionalis.shop\/jf-design\/wp-json\/wp\/v2\/product"}],"about":[{"href":"https:\/\/www.regionalis.shop\/jf-design\/wp-json\/wp\/v2\/types\/product"}],"wp:featuredmedia":[{"embeddable":true,"href":"https:\/\/www.regionalis.shop\/jf-design\/wp-json\/wp\/v2\/media\/1055"}],"wp:attachment":[{"href":"https:\/\/www.regionalis.shop\/jf-design\/wp-json\/wp\/v2\/media?parent=1054"}],"wp:term":[{"taxonomy":"product_brand","embeddable":true,"href":"https:\/\/www.regionalis.shop\/jf-design\/wp-json\/wp\/v2\/product_brand?post=1054"},{"taxonomy":"product_cat","embeddable":true,"href":"https:\/\/www.regionalis.shop\/jf-design\/wp-json\/wp\/v2\/product_cat?post=1054"},{"taxonomy":"product_tag","embeddable":true,"href":"https:\/\/www.regionalis.shop\/jf-design\/wp-json\/wp\/v2\/product_tag?post=1054"}],"curies":[{"name":"wp","href":"https:\/\/api.w.org\/{rel}","templated":true}]}}