{"id":1091,"date":"2025-04-18T05:47:21","date_gmt":"2025-04-18T03:47:21","guid":{"rendered":"https:\/\/www.regionalis.shop\/jf-design\/product\/handgemaltes-aquarell-a4-personalisierte-brautstrauss-illustration\/"},"modified":"2025-11-13T12:26:54","modified_gmt":"2025-11-13T11:26:54","slug":"handgemaltes-aquarell-a4-personalisierte-brautstrauss-illustration","status":"publish","type":"product","link":"https:\/\/www.regionalis.shop\/jf-design\/shop\/handgemaltes-aquarell-a4-personalisierte-brautstrauss-illustration\/","title":{"rendered":"Handgemaltes Aquarell, personalisierte Brautstrau\u00df-Illustration"},"content":{"rendered":"<p>Hangemaltes Aquarell, personalisierte Brautstrau\u00df-Illustration nach einem Foto<\/p>\n<p>Symbolisierte der Brautstrau\u00df fr\u00fcher den Schutz vor b\u00f6sen Geistern,<br \/>\nist er heute zu einem wundersch\u00f6nen Accessoire f\u00fcr die Braut an ihrem<br \/>\nbesonderen Tag geworden. Damit das Brautpaar auch nach diesem Tag<br \/>\neine einzigartige Erinnerung an ihren Strau\u00df hat, biete ich pers\u00f6nliche<br \/>\nund handegmalte Brautstrau\u00df-Illustrationen nach einem Foto, an.<\/p>\n<p>Das Brautpaar bekommt ein handgemaltes Aquarell, sch\u00f6n<br \/>\nund edel verpackt. Diese Gem\u00e4lde k\u00f6nnen auch zum Hochzeitstag,<br \/>\nTaufen oder andere Jubil\u00e4en verschenkt werden.<\/p>\n<p>* * *<br \/>\nPapier: Hahnem\u00fchle Britannia \/ 300g<br \/>\nFormat: A4 (hoch- oder querformat m\u00f6glich)<br \/>\nBen\u00f6tigtes Material: Hochaufl\u00f6sende Fotos vom gew\u00fcnschten Blumenstrau\u00df<br \/>\nBearbeitungszeit: 3-4 Wochen<\/p>\n<p>* * *<br \/>\nDie Kunstdrucke sind nicht gerahmt &#8211; der abgebildete Bilderrahmen dient nur als Gestaltungsbeispiel ist nicht Teil des Angebots.<\/p>\n<p>* * *<\/p>\n","protected":false},"excerpt":{"rendered":"<p>Hangemaltes Aquarell, personalisierte Brautstrau\u00df-Illustration nach einem Foto Symbolisierte der Brautstrau\u00df fr\u00fcher den Schutz vor b\u00f6sen Geistern, ist er heute zu einem wundersch\u00f6nen Accessoire f\u00fcr die Braut an ihrem besonderen Tag geworden. Damit das Brautpaar auch nach diesem Tag eine einzigartige Erinnerung an ihren Strau\u00df hat, biete ich pers\u00f6nliche und handegmalte Brautstrau\u00df-Illustrationen nach einem Foto, an. &hellip; <a href=\"https:\/\/www.regionalis.shop\/jf-design\/shop\/handgemaltes-aquarell-a4-personalisierte-brautstrauss-illustration\/\">Continued<\/a><\/p>\n","protected":false},"featured_media":1092,"template":"","meta":{"_acf_changed":false},"product_brand":[],"product_cat":[54,57],"product_tag":[221,220,224,219,222,225,226,227,223],"class_list":{"0":"post-1091","1":"product","2":"type-product","3":"status-publish","4":"has-post-thumbnail","6":"product_cat-kunst-fotografie","7":"product_cat-malerei","8":"product_tag-aquarell-blumenstrauss","9":"product_tag-brautstrauss-illustration","10":"product_tag-hochzeit","11":"product_tag-hochzeitsgeschenk","12":"product_tag-hochzeitstrauss","13":"product_tag-kunst-geschenk","14":"product_tag-originale-malerei","15":"product_tag-originalkunst-blumen","16":"product_tag-personalisiertes-geschenk","18":"first","19":"instock","20":"purchasable","21":"product-type-simple"},"acf":[],"_links":{"self":[{"href":"https:\/\/www.regionalis.shop\/jf-design\/wp-json\/wp\/v2\/product\/1091","targetHints":{"allow":["GET"]}}],"collection":[{"href":"https:\/\/www.regionalis.shop\/jf-design\/wp-json\/wp\/v2\/product"}],"about":[{"href":"https:\/\/www.regionalis.shop\/jf-design\/wp-json\/wp\/v2\/types\/product"}],"wp:featuredmedia":[{"embeddable":true,"href":"https:\/\/www.regionalis.shop\/jf-design\/wp-json\/wp\/v2\/media\/1092"}],"wp:attachment":[{"href":"https:\/\/www.regionalis.shop\/jf-design\/wp-json\/wp\/v2\/media?parent=1091"}],"wp:term":[{"taxonomy":"product_brand","embeddable":true,"href":"https:\/\/www.regionalis.shop\/jf-design\/wp-json\/wp\/v2\/product_brand?post=1091"},{"taxonomy":"product_cat","embeddable":true,"href":"https:\/\/www.regionalis.shop\/jf-design\/wp-json\/wp\/v2\/product_cat?post=1091"},{"taxonomy":"product_tag","embeddable":true,"href":"https:\/\/www.regionalis.shop\/jf-design\/wp-json\/wp\/v2\/product_tag?post=1091"}],"curies":[{"name":"wp","href":"https:\/\/api.w.org\/{rel}","templated":true}]}}