{"id":1106,"date":"2025-04-17T23:55:03","date_gmt":"2025-04-17T21:55:03","guid":{"rendered":"https:\/\/www.regionalis.shop\/jf-design\/product\/poster-saisonkalender-obst-und-gemuese-verschiedene-groessen-2\/"},"modified":"2025-11-27T11:49:21","modified_gmt":"2025-11-27T10:49:21","slug":"saisonkalender2","status":"publish","type":"product","link":"https:\/\/www.regionalis.shop\/jf-design\/shop\/saisonkalender2\/","title":{"rendered":"Poster Saisonkalender Obst und Gem\u00fcse A3"},"content":{"rendered":"<p>Ein wundersch\u00f6ner Kunstdruck mit illustrierten saisonalen Fr\u00fcchten und Gem\u00fcsesorten im Jahreskreis. Format: A3<\/p>\n<p>Die Kunstdrucke sind nicht gerahmt &#8211; der abgebildete Bilderrahmen dient nur als Gestaltungsbeispiel ist nicht Teil des Angebots.<\/p>\n<p>Design: JF Design \/ Judit Fortelny<br \/>\nPapier: Premium Matte Papier<\/p>\n","protected":false},"excerpt":{"rendered":"<p>Ein wundersch\u00f6ner Kunstdruck mit illustrierten saisonalen Fr\u00fcchten und Gem\u00fcsesorten im Jahreskreis. Format: A3 Die Kunstdrucke sind nicht gerahmt &#8211; der abgebildete Bilderrahmen dient nur als Gestaltungsbeispiel ist nicht Teil des Angebots. Design: JF Design \/ Judit Fortelny Papier: Premium Matte Papier<\/p>\n","protected":false},"featured_media":1297,"template":"","meta":{"_acf_changed":false},"product_brand":[],"product_cat":[54,55],"product_tag":[195,306,309,303,308,307,305,310],"class_list":{"0":"post-1106","1":"product","2":"type-product","3":"status-publish","4":"has-post-thumbnail","6":"product_cat-kunst-fotografie","7":"product_cat-kunstdrucke","8":"product_tag-einweihungsgeschenk","9":"product_tag-gemuese-der-saison","10":"product_tag-gemuese-obst-jahreskreis","11":"product_tag-gesund-kochen","12":"product_tag-kunstdruck-fuer-die-kueche","13":"product_tag-poster-saisonkalender","14":"product_tag-saisonkalender-obst-gemuese","15":"product_tag-schautafel-obst-ud-gemuese","17":"first","18":"instock","19":"purchasable","20":"product-type-simple"},"acf":[],"_links":{"self":[{"href":"https:\/\/www.regionalis.shop\/jf-design\/wp-json\/wp\/v2\/product\/1106","targetHints":{"allow":["GET"]}}],"collection":[{"href":"https:\/\/www.regionalis.shop\/jf-design\/wp-json\/wp\/v2\/product"}],"about":[{"href":"https:\/\/www.regionalis.shop\/jf-design\/wp-json\/wp\/v2\/types\/product"}],"wp:featuredmedia":[{"embeddable":true,"href":"https:\/\/www.regionalis.shop\/jf-design\/wp-json\/wp\/v2\/media\/1297"}],"wp:attachment":[{"href":"https:\/\/www.regionalis.shop\/jf-design\/wp-json\/wp\/v2\/media?parent=1106"}],"wp:term":[{"taxonomy":"product_brand","embeddable":true,"href":"https:\/\/www.regionalis.shop\/jf-design\/wp-json\/wp\/v2\/product_brand?post=1106"},{"taxonomy":"product_cat","embeddable":true,"href":"https:\/\/www.regionalis.shop\/jf-design\/wp-json\/wp\/v2\/product_cat?post=1106"},{"taxonomy":"product_tag","embeddable":true,"href":"https:\/\/www.regionalis.shop\/jf-design\/wp-json\/wp\/v2\/product_tag?post=1106"}],"curies":[{"name":"wp","href":"https:\/\/api.w.org\/{rel}","templated":true}]}}