{"id":1115,"date":"2025-11-05T09:54:38","date_gmt":"2025-11-05T08:54:38","guid":{"rendered":"https:\/\/www.regionalis.shop\/jf-design\/?post_type=product&#038;p=1115"},"modified":"2025-11-13T12:19:32","modified_gmt":"2025-11-13T11:19:32","slug":"grusskarte-sachertorte","status":"publish","type":"product","link":"https:\/\/www.regionalis.shop\/jf-design\/shop\/grusskarte-sachertorte\/","title":{"rendered":"Gru\u00dfkarte Sacher Torte &#8211; Wiener Mehlspeise"},"content":{"rendered":"<p>Gru\u00dfkarte &amp; Kuvert<br \/>\n<strong>Sacher Torte &#8211; Wiener Mehlspeise<\/strong><\/p>\n<p>K\u00f6stliche Karte zum verschenken: Die Sacher Torte<\/p>\n<p>Diese Karte ist ein Druck von meinem handgezeichneten Aquarell der Sacher Torte, die in keinem Wiener Kaffeehaus fehlen darf. Zus\u00e4tzlich findet sich auf der Karte Rezeptinfos, Geschichtliches und fun facts.<br \/>\nEin sch\u00f6nes Geschenk f\u00fcr alle LiebhaberInnen der Wiener K\u00fcche!<\/p>\n<p>Innen sind die Karten wei\u00df, perfekt f\u00fcr eine liebevolle Nachricht.<\/p>\n<p>* * *<br \/>\nDesign: JF Design \/ Judit Fortelny<br \/>\nPapier 220g Premiumkarton<br \/>\nFormat: A6<br \/>\nHergestellt in \u00d6sterreich<br \/>\nmit passenden Kraftpapier-Kuvert geliefert<\/p>\n<p>* * *<\/p>\n<p>Vielen Dank f\u00fcr Ihren Besuch in unserem Shop! Ich freue mich, meine Leidenschaft f\u00fcr Kunst mit Dir zu teilen. Bitte nimm dir einen Moment Zeit, um die Shop-Richtlinien und Hinweise durchzulesen, um ein reibungsloses Einkaufserlebnis zu gew\u00e4hrleisten.<\/p>\n<p>Besuchen Sie auch meine Website: https:\/\/www.jf-design-vienna.com\/<\/p>\n","protected":false},"excerpt":{"rendered":"<p>Gru\u00dfkarte &amp; Kuvert<br \/>\n<strong>Sacher Torte &#8211; Wiener Mehlspeise<\/strong><\/p>\n<p>K\u00f6stliche Karte zum verschenken: Die Sacher Torte<\/p>\n<p>Diese Karte ist ein Druck von meinem handgezeichneten Aquarell der Sacher Torte, die in keinem Wiener Kaffeehaus fehlen darf. Zus\u00e4tzlich findet sich auf der Karte Rezeptinfos, Geschichtliches und fun facts.<br \/>\nEin sch\u00f6nes Geschenk f\u00fcr alle LiebhaberInnen der Wiener K\u00fcche!<\/p>\n<p>Innen sind die Karten wei\u00df, perfekt f\u00fcr eine liebevolle Nachricht.<\/p>\n","protected":false},"featured_media":1116,"template":"","meta":{"_acf_changed":false},"product_brand":[],"product_cat":[134,62],"product_tag":[188,212,211,178,210,208,198,205,190,209],"class_list":{"0":"post-1115","1":"product","2":"type-product","3":"status-publish","4":"has-post-thumbnail","6":"product_cat-geschenk-gruskarten","7":"product_cat-papeterie-schreibwaren","8":"product_tag-bild-sachertorte","9":"product_tag-bild-torte","10":"product_tag-dessert","11":"product_tag-geschenkidee-baecker","12":"product_tag-grusskarte-kochen","13":"product_tag-grusskarte-sachertorte","14":"product_tag-kochen-und-backen","15":"product_tag-kuchen-und-torten","16":"product_tag-wiener-kaffeehaus","17":"product_tag-wiener-mehlspeise","19":"first","20":"instock","21":"purchasable","22":"product-type-simple"},"acf":[],"_links":{"self":[{"href":"https:\/\/www.regionalis.shop\/jf-design\/wp-json\/wp\/v2\/product\/1115","targetHints":{"allow":["GET"]}}],"collection":[{"href":"https:\/\/www.regionalis.shop\/jf-design\/wp-json\/wp\/v2\/product"}],"about":[{"href":"https:\/\/www.regionalis.shop\/jf-design\/wp-json\/wp\/v2\/types\/product"}],"wp:featuredmedia":[{"embeddable":true,"href":"https:\/\/www.regionalis.shop\/jf-design\/wp-json\/wp\/v2\/media\/1116"}],"wp:attachment":[{"href":"https:\/\/www.regionalis.shop\/jf-design\/wp-json\/wp\/v2\/media?parent=1115"}],"wp:term":[{"taxonomy":"product_brand","embeddable":true,"href":"https:\/\/www.regionalis.shop\/jf-design\/wp-json\/wp\/v2\/product_brand?post=1115"},{"taxonomy":"product_cat","embeddable":true,"href":"https:\/\/www.regionalis.shop\/jf-design\/wp-json\/wp\/v2\/product_cat?post=1115"},{"taxonomy":"product_tag","embeddable":true,"href":"https:\/\/www.regionalis.shop\/jf-design\/wp-json\/wp\/v2\/product_tag?post=1115"}],"curies":[{"name":"wp","href":"https:\/\/api.w.org\/{rel}","templated":true}]}}