{"id":1150,"date":"2025-11-05T10:12:50","date_gmt":"2025-11-05T09:12:50","guid":{"rendered":"https:\/\/www.regionalis.shop\/jf-design\/?post_type=product&#038;p=1150"},"modified":"2025-11-05T10:19:30","modified_gmt":"2025-11-05T09:19:30","slug":"kunstdruck-punschkrapfen","status":"publish","type":"product","link":"https:\/\/www.regionalis.shop\/jf-design\/shop\/kunstdruck-punschkrapfen\/","title":{"rendered":"Kunstdruck Punschkrapfen"},"content":{"rendered":"<p><strong>Kunstdruck Aquarell-Illustration<\/strong><br \/>\n<strong>Punschkrapfen<\/strong><\/p>\n<p>Die Wiener Mehlspeisen f\u00fcr dein Zuhause: Dieser Kunstdruck im Format A4 zeigt einen liebevoll illustrierten Punschkrapfen in zarten Aquarellfarben mit geschichtlichen Infos und Fun Facts.<\/p>\n<p>Punschkrapfen d\u00fcrfen in der Wiener Mehlspeisen-K\u00fcche nicht fehlen &#8211; gerade in der Winter- und Faschingszeit geh\u00f6rt dieser rosa Kuchen in das Sortiment jeder B\u00e4ckerei.<\/p>\n<p>Perfekt als Wanddekoration f\u00fcr K\u00fcche oder Esszimmer, als humorvolles Detail oder als Geschenk f\u00fcr alle, die Kuchen und Torten lieben.<\/p>\n<p>* * *<br \/>\nDesign: JF Design \/ Judit Fortelny<br \/>\nPapier 220g Premiumpapier<br \/>\nFormat: A4, Hergestellt in \u00d6sterreich<br \/>\n* * *<\/p>\n<p>Vielen Dank f\u00fcr Ihren Besuch in unserem Shop! Ich freue mich, meine Leidenschaft f\u00fcr Kunst mit Dir zu teilen. Bitte nimm dir einen Moment Zeit, um die Shop-Richtlinien und Hinweise durchzulesen, um ein reibungsloses Einkaufserlebnis zu gew\u00e4hrleisten.<\/p>\n<p>Besuchen Sie auch meine Website: <a href=\"https:\/\/www.jf-design-vienna.com\/\">www.jf-design-vienna.com<\/a><\/p>\n","protected":false},"excerpt":{"rendered":"<p><strong>Kunstdruck Aquarell-Illustration<\/strong><br \/>\n<strong>Punschkrapfen<\/strong><\/p>\n<p>Die Wiener Mehlspeisen f\u00fcr dein Zuhause: Dieser Kunstdruck im Format A4 zeigt einen liebevoll illustrierten Punschkrapfen in zarten Aquarellfarben mit geschichtlichen Infos und Fun Facts.<\/p>\n<p>Punschkrapfen d\u00fcrfen in der Wiener Mehlspeisen-K\u00fcche nicht fehlen &#8211; gerade in der Winter- und Faschingszeit geh\u00f6rt dieser rosa Kuchen in das Sortiment jeder B\u00e4ckerei.<\/p>\n<p>Perfekt als Wanddekoration f\u00fcr K\u00fcche oder Esszimmer, als humorvolles Detail oder als Geschenk f\u00fcr alle, die Kuchen und Torten lieben.<\/p>\n","protected":false},"featured_media":1151,"template":"","meta":{"_acf_changed":false},"product_brand":[],"product_cat":[54,55],"product_tag":[180,178,179,184,177,181,183,185,186,182,176],"class_list":{"0":"post-1150","1":"product","2":"type-product","3":"status-publish","4":"has-post-thumbnail","6":"product_cat-kunst-fotografie","7":"product_cat-kunstdrucke","8":"product_tag-aquarell-illustration-kuchen","9":"product_tag-geschenkidee-baecker","10":"product_tag-geschenkidee-fuer-esszimmer","11":"product_tag-humorvolle-kuechen-deko","12":"product_tag-kunst-fuer-die-kueche","13":"product_tag-petit-four-bild","14":"product_tag-punschkrapfen-bild","15":"product_tag-rosa-torte-druck","16":"product_tag-wiener-kueche","17":"product_tag-wiener-kuchen-poster","18":"product_tag-wiener-mehlspeisen","20":"first","21":"instock","22":"purchasable","23":"product-type-simple"},"acf":[],"_links":{"self":[{"href":"https:\/\/www.regionalis.shop\/jf-design\/wp-json\/wp\/v2\/product\/1150","targetHints":{"allow":["GET"]}}],"collection":[{"href":"https:\/\/www.regionalis.shop\/jf-design\/wp-json\/wp\/v2\/product"}],"about":[{"href":"https:\/\/www.regionalis.shop\/jf-design\/wp-json\/wp\/v2\/types\/product"}],"wp:featuredmedia":[{"embeddable":true,"href":"https:\/\/www.regionalis.shop\/jf-design\/wp-json\/wp\/v2\/media\/1151"}],"wp:attachment":[{"href":"https:\/\/www.regionalis.shop\/jf-design\/wp-json\/wp\/v2\/media?parent=1150"}],"wp:term":[{"taxonomy":"product_brand","embeddable":true,"href":"https:\/\/www.regionalis.shop\/jf-design\/wp-json\/wp\/v2\/product_brand?post=1150"},{"taxonomy":"product_cat","embeddable":true,"href":"https:\/\/www.regionalis.shop\/jf-design\/wp-json\/wp\/v2\/product_cat?post=1150"},{"taxonomy":"product_tag","embeddable":true,"href":"https:\/\/www.regionalis.shop\/jf-design\/wp-json\/wp\/v2\/product_tag?post=1150"}],"curies":[{"name":"wp","href":"https:\/\/api.w.org\/{rel}","templated":true}]}}