{"id":1158,"date":"2025-11-13T10:48:16","date_gmt":"2025-11-13T09:48:16","guid":{"rendered":"https:\/\/www.regionalis.shop\/jf-design\/?post_type=product&#038;p=1158"},"modified":"2025-11-13T12:18:05","modified_gmt":"2025-11-13T11:18:05","slug":"grusskarte-linzertorte","status":"publish","type":"product","link":"https:\/\/www.regionalis.shop\/jf-design\/shop\/grusskarte-linzertorte\/","title":{"rendered":"Gru\u00dfkarte Linzer Torte &#8211; Wiener Mehlspeise"},"content":{"rendered":"<p>Gru\u00dfkarte &amp; Kuvert<br \/>\n<strong>Linzer Torte &#8211; Wiener Mehlspeise<\/strong><\/p>\n<p>K\u00f6stliche Karte zum verschenken: Die Linzer Torte<\/p>\n<p>Diese Karte ist ein Druck von meinem handgezeichneten Aquarell der Linzer Torte, die in keinem Wiener Kaffeehaus fehlen darf. Zus\u00e4tzlich findet sich auf der Karte Rezeptinfos, Geschichtliches und fun facts.<br \/>\nEin sch\u00f6nes Geschenk f\u00fcr alle LiebhaberInnen der Wiener K\u00fcche!<\/p>\n<p>Innen sind die Karten wei\u00df, perfekt f\u00fcr eine liebevolle Nachricht.<\/p>\n<p>* * *<br \/>\nDesign: JF Design \/ Judit Fortelny<br \/>\nPapier 220g Premiumkarton<br \/>\nFormat: A6<br \/>\nHergestellt in \u00d6sterreich<br \/>\nmit passenden Kraftpapier-Kuvert geliefert<\/p>\n<p>* * *<\/p>\n<p>Vielen Dank f\u00fcr Ihren Besuch in unserem Shop! Ich freue mich, meine Leidenschaft f\u00fcr Kunst mit Dir zu teilen. Bitte nimm dir einen Moment Zeit, um die Shop-Richtlinien und Hinweise durchzulesen, um ein reibungsloses Einkaufserlebnis zu gew\u00e4hrleisten.<\/p>\n<p>Besuchen Sie auch meine Website: https:\/\/www.jf-design-vienna.com\/<\/p>\n","protected":false},"excerpt":{"rendered":"<p>Gru\u00dfkarte &amp; Kuvert Linzer Torte &#8211; Wiener Mehlspeise K\u00f6stliche Karte zum verschenken: Die Linzer Torte Diese Karte ist ein Druck von meinem handgezeichneten Aquarell der Linzer Torte, die in keinem Wiener Kaffeehaus fehlen darf. Zus\u00e4tzlich findet sich auf der Karte Rezeptinfos, Geschichtliches und fun facts. Ein sch\u00f6nes Geschenk f\u00fcr alle LiebhaberInnen der Wiener K\u00fcche! Innen &hellip; <a href=\"https:\/\/www.regionalis.shop\/jf-design\/shop\/grusskarte-linzertorte\/\">Continued<\/a><\/p>\n","protected":false},"featured_media":1119,"template":"","meta":{"_acf_changed":false},"product_brand":[],"product_cat":[134,62],"product_tag":[199,201,178,200,196,202,198,197,190],"class_list":{"0":"post-1158","1":"product","2":"type-product","3":"status-publish","4":"has-post-thumbnail","6":"product_cat-geschenk-gruskarten","7":"product_cat-papeterie-schreibwaren","8":"product_tag-einweihungskarte","9":"product_tag-essen-und-trinken","10":"product_tag-geschenkidee-baecker","11":"product_tag-grusskarte","12":"product_tag-grusskarte-wiener-mehlspeisen","13":"product_tag-kaffee-und-kuchen","14":"product_tag-kochen-und-backen","15":"product_tag-linzer-torte","16":"product_tag-wiener-kaffeehaus","18":"first","19":"instock","20":"purchasable","21":"product-type-simple"},"acf":[],"_links":{"self":[{"href":"https:\/\/www.regionalis.shop\/jf-design\/wp-json\/wp\/v2\/product\/1158","targetHints":{"allow":["GET"]}}],"collection":[{"href":"https:\/\/www.regionalis.shop\/jf-design\/wp-json\/wp\/v2\/product"}],"about":[{"href":"https:\/\/www.regionalis.shop\/jf-design\/wp-json\/wp\/v2\/types\/product"}],"wp:featuredmedia":[{"embeddable":true,"href":"https:\/\/www.regionalis.shop\/jf-design\/wp-json\/wp\/v2\/media\/1119"}],"wp:attachment":[{"href":"https:\/\/www.regionalis.shop\/jf-design\/wp-json\/wp\/v2\/media?parent=1158"}],"wp:term":[{"taxonomy":"product_brand","embeddable":true,"href":"https:\/\/www.regionalis.shop\/jf-design\/wp-json\/wp\/v2\/product_brand?post=1158"},{"taxonomy":"product_cat","embeddable":true,"href":"https:\/\/www.regionalis.shop\/jf-design\/wp-json\/wp\/v2\/product_cat?post=1158"},{"taxonomy":"product_tag","embeddable":true,"href":"https:\/\/www.regionalis.shop\/jf-design\/wp-json\/wp\/v2\/product_tag?post=1158"}],"curies":[{"name":"wp","href":"https:\/\/api.w.org\/{rel}","templated":true}]}}