{"id":1160,"date":"2025-11-13T10:57:16","date_gmt":"2025-11-13T09:57:16","guid":{"rendered":"https:\/\/www.regionalis.shop\/jf-design\/?post_type=product&#038;p=1160"},"modified":"2025-11-13T12:54:52","modified_gmt":"2025-11-13T11:54:52","slug":"grusskarte-schaumrollen","status":"publish","type":"product","link":"https:\/\/www.regionalis.shop\/jf-design\/shop\/grusskarte-schaumrollen\/","title":{"rendered":"Gru\u00dfkarte Schaumrollen &#8211; Wiener Mehlspeisen"},"content":{"rendered":"<p>Gru\u00dfkarte &amp; Kuvert<br \/>\n<strong>Schaumrollen &#8211; Wiener Mehlspeise<\/strong><\/p>\n<p>K\u00f6stliche Karte zum verschenken: Die Schaumrollen<\/p>\n<p>Diese Karte ist ein Druck von meinem handgezeichneten Aquarell der Schaumrollen, die in keinem Wiener Kaffeehaus fehlen darf. Zus\u00e4tzlich findet sich auf der Karte Rezeptinfos, Geschichtliches und fun facts. Ein sch\u00f6nes Geschenk f\u00fcr alle LiebhaberInnen der Wiener K\u00fcche! Innen sind die Karten wei\u00df, perfekt f\u00fcr eine liebevolle Nachricht.<\/p>\n<p>* * *<br \/>\nDesign: JF Design \/ Judit Fortelny<br \/>\nPapier 220g Premiumkarton<br \/>\nFormat: A6<br \/>\nHergestellt in \u00d6sterreich<br \/>\nmit passenden Kraftpapier-Kuvert geliefert<\/p>\n<p>* * *<\/p>\n","protected":false},"excerpt":{"rendered":"<p>Gru\u00dfkarte &amp; Kuvert Schaumrollen &#8211; Wiener Mehlspeise K\u00f6stliche Karte zum verschenken: Die Schaumrollen Diese Karte ist ein Druck von meinem handgezeichneten Aquarell der Schaumrollen, die in keinem Wiener Kaffeehaus fehlen darf. Zus\u00e4tzlich findet sich auf der Karte Rezeptinfos, Geschichtliches und fun facts. Ein sch\u00f6nes Geschenk f\u00fcr alle LiebhaberInnen der Wiener K\u00fcche! Innen sind die Karten &hellip; <a href=\"https:\/\/www.regionalis.shop\/jf-design\/shop\/grusskarte-schaumrollen\/\">Continued<\/a><\/p>\n","protected":false},"featured_media":1117,"template":"","meta":{"_acf_changed":false},"product_brand":[],"product_cat":[134,62],"product_tag":[199,201,178,200,207,196,202,198,190],"class_list":{"0":"post-1160","1":"product","2":"type-product","3":"status-publish","4":"has-post-thumbnail","6":"product_cat-geschenk-gruskarten","7":"product_cat-papeterie-schreibwaren","8":"product_tag-einweihungskarte","9":"product_tag-essen-und-trinken","10":"product_tag-geschenkidee-baecker","11":"product_tag-grusskarte","12":"product_tag-grusskarte-schaumrollen","13":"product_tag-grusskarte-wiener-mehlspeisen","14":"product_tag-kaffee-und-kuchen","15":"product_tag-kochen-und-backen","16":"product_tag-wiener-kaffeehaus","18":"first","19":"instock","20":"purchasable","21":"product-type-simple"},"acf":[],"_links":{"self":[{"href":"https:\/\/www.regionalis.shop\/jf-design\/wp-json\/wp\/v2\/product\/1160","targetHints":{"allow":["GET"]}}],"collection":[{"href":"https:\/\/www.regionalis.shop\/jf-design\/wp-json\/wp\/v2\/product"}],"about":[{"href":"https:\/\/www.regionalis.shop\/jf-design\/wp-json\/wp\/v2\/types\/product"}],"wp:featuredmedia":[{"embeddable":true,"href":"https:\/\/www.regionalis.shop\/jf-design\/wp-json\/wp\/v2\/media\/1117"}],"wp:attachment":[{"href":"https:\/\/www.regionalis.shop\/jf-design\/wp-json\/wp\/v2\/media?parent=1160"}],"wp:term":[{"taxonomy":"product_brand","embeddable":true,"href":"https:\/\/www.regionalis.shop\/jf-design\/wp-json\/wp\/v2\/product_brand?post=1160"},{"taxonomy":"product_cat","embeddable":true,"href":"https:\/\/www.regionalis.shop\/jf-design\/wp-json\/wp\/v2\/product_cat?post=1160"},{"taxonomy":"product_tag","embeddable":true,"href":"https:\/\/www.regionalis.shop\/jf-design\/wp-json\/wp\/v2\/product_tag?post=1160"}],"curies":[{"name":"wp","href":"https:\/\/api.w.org\/{rel}","templated":true}]}}