{"id":1176,"date":"2025-11-13T12:38:10","date_gmt":"2025-11-13T11:38:10","guid":{"rendered":"https:\/\/www.regionalis.shop\/jf-design\/?post_type=product&#038;p=1176"},"modified":"2025-11-13T12:54:07","modified_gmt":"2025-11-13T11:54:07","slug":"grusskarte-pfingstrose","status":"publish","type":"product","link":"https:\/\/www.regionalis.shop\/jf-design\/shop\/grusskarte-pfingstrose\/","title":{"rendered":"Zarte Gru\u00dfkarte Pfingstrose"},"content":{"rendered":"<p><strong>A6 Gl\u00fcckwunschkarte inkl. Kuvert<\/strong><\/p>\n<p>Sie bekommen 1 St\u00fcck eines Aquarell-Gru\u00dfkartes mit einem Druck von meiner handgemalten, rosa Pfingstrose.<\/p>\n<p>Meine eleganten Blumenkarten sind f\u00fcr jeden Anlass passend &#8211; ob zum Geburtstag, als Gl\u00fcckwunschkarte zur Hochzeit, f\u00fcr die Brautjungfern, das Taufkind oder einfach so!<\/p>\n<p>Innen ist die Karte wei\u00df, perfekt f\u00fcr eine liebevolle Nachricht. Die Karte wird elegant verpackt mit passendem Kuvert geliefert<\/p>\n<p>***<br \/>\nDesign: JF Design \/ Judit Fortelny<br \/>\nPapier: Premium Matte Papier<br \/>\nPapiergewicht: 300 gsm \/ 100 lb<br \/>\nFormat: A6 inkl. Kuvert<\/p>\n","protected":false},"excerpt":{"rendered":"<p>A6 Gl\u00fcckwunschkarte inkl. Kuvert Sie bekommen 1 St\u00fcck eines Aquarell-Gru\u00dfkartes mit einem Druck von meiner handgemalten, rosa Pfingstrose. Meine eleganten Blumenkarten sind f\u00fcr jeden Anlass passend &#8211; ob zum Geburtstag, als Gl\u00fcckwunschkarte zur Hochzeit, f\u00fcr die Brautjungfern, das Taufkind oder einfach so! Innen ist die Karte wei\u00df, perfekt f\u00fcr eine liebevolle Nachricht. Die Karte wird &hellip; <a href=\"https:\/\/www.regionalis.shop\/jf-design\/shop\/grusskarte-pfingstrose\/\">Continued<\/a><\/p>\n","protected":false},"featured_media":1177,"template":"","meta":{"_acf_changed":false},"product_brand":[],"product_cat":[134,62],"product_tag":[187,234,218,228,200,213,235,233],"class_list":{"0":"post-1176","1":"product","2":"type-product","3":"status-publish","4":"has-post-thumbnail","6":"product_cat-geschenk-gruskarten","7":"product_cat-papeterie-schreibwaren","8":"product_tag-aquarell-illustration","9":"product_tag-die-besten-wuensche","10":"product_tag-geburtstagskarte","11":"product_tag-glueckwunschkarte","12":"product_tag-grusskarte","13":"product_tag-grusskarte-geburt","14":"product_tag-grusskarte-pfingstrose","15":"product_tag-karte-blumen","17":"first","18":"instock","19":"purchasable","20":"product-type-simple"},"acf":[],"_links":{"self":[{"href":"https:\/\/www.regionalis.shop\/jf-design\/wp-json\/wp\/v2\/product\/1176","targetHints":{"allow":["GET"]}}],"collection":[{"href":"https:\/\/www.regionalis.shop\/jf-design\/wp-json\/wp\/v2\/product"}],"about":[{"href":"https:\/\/www.regionalis.shop\/jf-design\/wp-json\/wp\/v2\/types\/product"}],"wp:featuredmedia":[{"embeddable":true,"href":"https:\/\/www.regionalis.shop\/jf-design\/wp-json\/wp\/v2\/media\/1177"}],"wp:attachment":[{"href":"https:\/\/www.regionalis.shop\/jf-design\/wp-json\/wp\/v2\/media?parent=1176"}],"wp:term":[{"taxonomy":"product_brand","embeddable":true,"href":"https:\/\/www.regionalis.shop\/jf-design\/wp-json\/wp\/v2\/product_brand?post=1176"},{"taxonomy":"product_cat","embeddable":true,"href":"https:\/\/www.regionalis.shop\/jf-design\/wp-json\/wp\/v2\/product_cat?post=1176"},{"taxonomy":"product_tag","embeddable":true,"href":"https:\/\/www.regionalis.shop\/jf-design\/wp-json\/wp\/v2\/product_tag?post=1176"}],"curies":[{"name":"wp","href":"https:\/\/api.w.org\/{rel}","templated":true}]}}