{"id":1179,"date":"2025-11-13T12:42:22","date_gmt":"2025-11-13T11:42:22","guid":{"rendered":"https:\/\/www.regionalis.shop\/jf-design\/?post_type=product&#038;p=1179"},"modified":"2025-11-13T12:53:59","modified_gmt":"2025-11-13T11:53:59","slug":"grusskarte-ranunkeln","status":"publish","type":"product","link":"https:\/\/www.regionalis.shop\/jf-design\/shop\/grusskarte-ranunkeln\/","title":{"rendered":"Zarte Gru\u00dfkarte Ranunkeln, \u201eHerzlichen Gl\u00fcckwunsch\u201d"},"content":{"rendered":"<p>A6 Blumen-Gru\u00dfkarte inkl. Kuvert<br \/>\n<strong>\u201eHerzlichen Gl\u00fcckwunsch&#8220;<\/strong><\/p>\n<p>Sie bekommen 1 St\u00fcck eines Aquarell-Gru\u00dfkartes mit einem Druck von meinen handgemalten Ranunkeln.<\/p>\n<p>Meine eleganten Blumenkarten sind f\u00fcr jeden Anlass passend &#8211; ob zum Geburtstag, als Gl\u00fcckwunschkarte zur Hochzeit, f\u00fcr die Brautjungfern, das Taufkind oder einfach so.<\/p>\n<p>Innen ist die Karte wei\u00df, perfekt f\u00fcr eine liebevolle Nachricht. Die Karte wird elegant verpackt mit passendem Kuvert geliefert.<\/p>\n<p>***<br \/>\nDesign: JF Design \/ Judit Fortelny<br \/>\nPapier: Premium Matte Papier<br \/>\nPapiergewicht: 300 gsm \/ 100 lb<br \/>\nFormat: A6 inkl. Kuvert<\/p>\n","protected":false},"excerpt":{"rendered":"<p>A6 Blumen-Gru\u00dfkarte inkl. Kuvert \u201eHerzlichen Gl\u00fcckwunsch&#8220; Sie bekommen 1 St\u00fcck eines Aquarell-Gru\u00dfkartes mit einem Druck von meinen handgemalten Ranunkeln. Meine eleganten Blumenkarten sind f\u00fcr jeden Anlass passend &#8211; ob zum Geburtstag, als Gl\u00fcckwunschkarte zur Hochzeit, f\u00fcr die Brautjungfern, das Taufkind oder einfach so. Innen ist die Karte wei\u00df, perfekt f\u00fcr eine liebevolle Nachricht. Die Karte &hellip; <a href=\"https:\/\/www.regionalis.shop\/jf-design\/shop\/grusskarte-ranunkeln\/\">Continued<\/a><\/p>\n","protected":false},"featured_media":1180,"template":"","meta":{"_acf_changed":false},"product_brand":[],"product_cat":[116,134,62],"product_tag":[187,234,218,228,200,213,236,237,233],"class_list":{"0":"post-1179","1":"product","2":"type-product","3":"status-publish","4":"has-post-thumbnail","6":"product_cat-billets-geschenkanhanger","7":"product_cat-geschenk-gruskarten","8":"product_cat-papeterie-schreibwaren","9":"product_tag-aquarell-illustration","10":"product_tag-die-besten-wuensche","11":"product_tag-geburtstagskarte","12":"product_tag-glueckwunschkarte","13":"product_tag-grusskarte","14":"product_tag-grusskarte-geburt","15":"product_tag-grusskarte-ranunkeln","16":"product_tag-herzlichen-glueckwunsch","17":"product_tag-karte-blumen","19":"first","20":"instock","21":"purchasable","22":"product-type-simple"},"acf":[],"_links":{"self":[{"href":"https:\/\/www.regionalis.shop\/jf-design\/wp-json\/wp\/v2\/product\/1179","targetHints":{"allow":["GET"]}}],"collection":[{"href":"https:\/\/www.regionalis.shop\/jf-design\/wp-json\/wp\/v2\/product"}],"about":[{"href":"https:\/\/www.regionalis.shop\/jf-design\/wp-json\/wp\/v2\/types\/product"}],"wp:featuredmedia":[{"embeddable":true,"href":"https:\/\/www.regionalis.shop\/jf-design\/wp-json\/wp\/v2\/media\/1180"}],"wp:attachment":[{"href":"https:\/\/www.regionalis.shop\/jf-design\/wp-json\/wp\/v2\/media?parent=1179"}],"wp:term":[{"taxonomy":"product_brand","embeddable":true,"href":"https:\/\/www.regionalis.shop\/jf-design\/wp-json\/wp\/v2\/product_brand?post=1179"},{"taxonomy":"product_cat","embeddable":true,"href":"https:\/\/www.regionalis.shop\/jf-design\/wp-json\/wp\/v2\/product_cat?post=1179"},{"taxonomy":"product_tag","embeddable":true,"href":"https:\/\/www.regionalis.shop\/jf-design\/wp-json\/wp\/v2\/product_tag?post=1179"}],"curies":[{"name":"wp","href":"https:\/\/api.w.org\/{rel}","templated":true}]}}