{"id":1183,"date":"2025-11-13T12:46:25","date_gmt":"2025-11-13T11:46:25","guid":{"rendered":"https:\/\/www.regionalis.shop\/jf-design\/?post_type=product&#038;p=1183"},"modified":"2025-11-13T12:53:40","modified_gmt":"2025-11-13T11:53:40","slug":"grusskarte-rosen","status":"publish","type":"product","link":"https:\/\/www.regionalis.shop\/jf-design\/shop\/grusskarte-rosen\/","title":{"rendered":"Zarte Gru\u00dfkarte Rosenstrau\u00df \u201eAlle Liebe&#8220;"},"content":{"rendered":"<p>A6 Blumen-Gru\u00dfkarte inkl. Kuvert<br \/>\n<strong>&#8222;Alles Liebe&#8220;<\/strong><\/p>\n<p>Sie bekommen 1 St\u00fcck eines Aquarell-Gru\u00dfkartes mit einem Druck von meinem handgemalten Blumenstrau\u00df von Rosen und L\u00f6wenmaul.<\/p>\n<p>Meine eleganten Blumenkarten sind f\u00fcr jeden Anlass passend &#8211; ob zum Geburtstag, als Gl\u00fcckwunschkarte zur Hochzeit, f\u00fcr die Brautjungfern, das Taufkind oder einfach so! Innen ist die Karte wei\u00df, perfekt f\u00fcr eine liebevolle Nachricht. Die Karte wird elegant verpackt mit passendem Kuvert geliefert.<\/p>\n<p>***<br \/>\nDesign: JF Design \/ Judit Fortelny<br \/>\nPapier: Premium Matte Papier<br \/>\nPapiergewicht: 300 gsm \/ 100 lb<br \/>\nFormat: A6 inkl. Kuvert<\/p>\n","protected":false},"excerpt":{"rendered":"<p>A6 Blumen-Gru\u00dfkarte inkl. Kuvert &#8222;Alles Liebe&#8220; Sie bekommen 1 St\u00fcck eines Aquarell-Gru\u00dfkartes mit einem Druck von meinem handgemalten Blumenstrau\u00df von Rosen und L\u00f6wenmaul. Meine eleganten Blumenkarten sind f\u00fcr jeden Anlass passend &#8211; ob zum Geburtstag, als Gl\u00fcckwunschkarte zur Hochzeit, f\u00fcr die Brautjungfern, das Taufkind oder einfach so! Innen ist die Karte wei\u00df, perfekt f\u00fcr eine &hellip; <a href=\"https:\/\/www.regionalis.shop\/jf-design\/shop\/grusskarte-rosen\/\">Continued<\/a><\/p>\n","protected":false},"featured_media":1184,"template":"","meta":{"_acf_changed":false},"product_brand":[],"product_cat":[116,134,62],"product_tag":[239,187,218,228,200,213,238,237,233],"class_list":{"0":"post-1183","1":"product","2":"type-product","3":"status-publish","4":"has-post-thumbnail","6":"product_cat-billets-geschenkanhanger","7":"product_cat-geschenk-gruskarten","8":"product_cat-papeterie-schreibwaren","9":"product_tag-alles-liebe","10":"product_tag-aquarell-illustration","11":"product_tag-geburtstagskarte","12":"product_tag-glueckwunschkarte","13":"product_tag-grusskarte","14":"product_tag-grusskarte-geburt","15":"product_tag-grusskarte-rosen","16":"product_tag-herzlichen-glueckwunsch","17":"product_tag-karte-blumen","19":"first","20":"instock","21":"purchasable","22":"product-type-simple"},"acf":[],"_links":{"self":[{"href":"https:\/\/www.regionalis.shop\/jf-design\/wp-json\/wp\/v2\/product\/1183","targetHints":{"allow":["GET"]}}],"collection":[{"href":"https:\/\/www.regionalis.shop\/jf-design\/wp-json\/wp\/v2\/product"}],"about":[{"href":"https:\/\/www.regionalis.shop\/jf-design\/wp-json\/wp\/v2\/types\/product"}],"wp:featuredmedia":[{"embeddable":true,"href":"https:\/\/www.regionalis.shop\/jf-design\/wp-json\/wp\/v2\/media\/1184"}],"wp:attachment":[{"href":"https:\/\/www.regionalis.shop\/jf-design\/wp-json\/wp\/v2\/media?parent=1183"}],"wp:term":[{"taxonomy":"product_brand","embeddable":true,"href":"https:\/\/www.regionalis.shop\/jf-design\/wp-json\/wp\/v2\/product_brand?post=1183"},{"taxonomy":"product_cat","embeddable":true,"href":"https:\/\/www.regionalis.shop\/jf-design\/wp-json\/wp\/v2\/product_cat?post=1183"},{"taxonomy":"product_tag","embeddable":true,"href":"https:\/\/www.regionalis.shop\/jf-design\/wp-json\/wp\/v2\/product_tag?post=1183"}],"curies":[{"name":"wp","href":"https:\/\/api.w.org\/{rel}","templated":true}]}}