{"id":1194,"date":"2025-11-13T13:07:09","date_gmt":"2025-11-13T12:07:09","guid":{"rendered":"https:\/\/www.regionalis.shop\/jf-design\/?post_type=product&#038;p=1194"},"modified":"2025-11-13T13:09:16","modified_gmt":"2025-11-13T12:09:16","slug":"grusskarte-blumenstrauss","status":"publish","type":"product","link":"https:\/\/www.regionalis.shop\/jf-design\/shop\/grusskarte-blumenstrauss\/","title":{"rendered":"Zarte Gru\u00dfkarte Blumenstrau\u00df"},"content":{"rendered":"<p>A6 Blumen-Gru\u00dfkarte inkl. Kuvert<\/p>\n<p>Sie bekommen 1 St\u00fcck eines Aquarell-Gru\u00dfkartes mit einem Druck meiner handgemalten Blumenstrau\u00df aus Cosmea und Lavendel.<\/p>\n<p>***<br \/>\nDesign: JF Design \/ Judit Fortelny<br \/>\nPapier: Premium Matte Papier<br \/>\nPapiergewicht: 300 gsm \/ 100 lb<br \/>\nFormat: A6 inkl. Kuvert<\/p>\n","protected":false},"excerpt":{"rendered":"<p>A6 Blumen-Gru\u00dfkarte inkl. Kuvert Sie bekommen 1 St\u00fcck eines Aquarell-Gru\u00dfkartes mit einem Druck meiner handgemalten Blumenstrau\u00df aus Cosmea und Lavendel. *** Design: JF Design \/ Judit Fortelny Papier: Premium Matte Papier Papiergewicht: 300 gsm \/ 100 lb Format: A6 inkl. Kuvert<\/p>\n","protected":false},"featured_media":1195,"template":"","meta":{"_acf_changed":false},"product_brand":[],"product_cat":[116,134,62],"product_tag":[239,187,245,218,228,200,213,237,233,244],"class_list":{"0":"post-1194","1":"product","2":"type-product","3":"status-publish","4":"has-post-thumbnail","6":"product_cat-billets-geschenkanhanger","7":"product_cat-geschenk-gruskarten","8":"product_cat-papeterie-schreibwaren","9":"product_tag-alles-liebe","10":"product_tag-aquarell-illustration","11":"product_tag-cosmea-und-lavendel","12":"product_tag-geburtstagskarte","13":"product_tag-glueckwunschkarte","14":"product_tag-grusskarte","15":"product_tag-grusskarte-geburt","16":"product_tag-herzlichen-glueckwunsch","17":"product_tag-karte-blumen","18":"product_tag-karte-blumenstrauss","20":"first","21":"instock","22":"purchasable","23":"product-type-simple"},"acf":[],"_links":{"self":[{"href":"https:\/\/www.regionalis.shop\/jf-design\/wp-json\/wp\/v2\/product\/1194","targetHints":{"allow":["GET"]}}],"collection":[{"href":"https:\/\/www.regionalis.shop\/jf-design\/wp-json\/wp\/v2\/product"}],"about":[{"href":"https:\/\/www.regionalis.shop\/jf-design\/wp-json\/wp\/v2\/types\/product"}],"wp:featuredmedia":[{"embeddable":true,"href":"https:\/\/www.regionalis.shop\/jf-design\/wp-json\/wp\/v2\/media\/1195"}],"wp:attachment":[{"href":"https:\/\/www.regionalis.shop\/jf-design\/wp-json\/wp\/v2\/media?parent=1194"}],"wp:term":[{"taxonomy":"product_brand","embeddable":true,"href":"https:\/\/www.regionalis.shop\/jf-design\/wp-json\/wp\/v2\/product_brand?post=1194"},{"taxonomy":"product_cat","embeddable":true,"href":"https:\/\/www.regionalis.shop\/jf-design\/wp-json\/wp\/v2\/product_cat?post=1194"},{"taxonomy":"product_tag","embeddable":true,"href":"https:\/\/www.regionalis.shop\/jf-design\/wp-json\/wp\/v2\/product_tag?post=1194"}],"curies":[{"name":"wp","href":"https:\/\/api.w.org\/{rel}","templated":true}]}}