{"id":1203,"date":"2025-11-13T13:15:28","date_gmt":"2025-11-13T12:15:28","guid":{"rendered":"https:\/\/www.regionalis.shop\/jf-design\/?post_type=product&#038;p=1203"},"modified":"2025-11-13T13:18:42","modified_gmt":"2025-11-13T12:18:42","slug":"karte-feeundmaus","status":"publish","type":"product","link":"https:\/\/www.regionalis.shop\/jf-design\/shop\/karte-feeundmaus\/","title":{"rendered":"Karte f\u00fcr Kinder, Aquarell Fee und Maus mit Blaubeeren"},"content":{"rendered":"<p>Liebevoll illustriert Gru\u00dfkarte f\u00fcr Kinder, zum Geburtstag oder einfach so<\/p>\n<p>Diese Gru\u00dfkarte ist ein Druck meiner originalen, handgemalten Illustration: Eine Fee mit einer kleinen Maus die mit Blaubeeren gef\u00fcttert wird.<\/p>\n<p>Innen ist die Karte wei\u00df, perfekt f\u00fcr eine liebevolle Nachricht.<\/p>\n<p>* * *<br \/>\nDesign: JF Design \/ Judit Fortelny<br \/>\nPapier 220g Premiumkarton<br \/>\nFormat: A6<br \/>\nHergestellt in \u00d6sterreich<br \/>\nKarte wird sch\u00f6n verpackt mit passendem Kuvert geliefert<\/p>\n","protected":false},"excerpt":{"rendered":"<p>Liebevoll illustriert Gru\u00dfkarte f\u00fcr Kinder, zum Geburtstag oder einfach so Diese Gru\u00dfkarte ist ein Druck meiner originalen, handgemalten Illustration: Eine Fee mit einer kleinen Maus die mit Blaubeeren gef\u00fcttert wird. Innen ist die Karte wei\u00df, perfekt f\u00fcr eine liebevolle Nachricht. * * * Design: JF Design \/ Judit Fortelny Papier 220g Premiumkarton Format: A6 Hergestellt &hellip; <a href=\"https:\/\/www.regionalis.shop\/jf-design\/shop\/karte-feeundmaus\/\">Continued<\/a><\/p>\n","protected":false},"featured_media":1205,"template":"","meta":{"_acf_changed":false},"product_brand":[],"product_cat":[116,134,62],"product_tag":[187,247,218,228,200,213,248,237,250,249,246],"class_list":{"0":"post-1203","1":"product","2":"type-product","3":"status-publish","4":"has-post-thumbnail","6":"product_cat-billets-geschenkanhanger","7":"product_cat-geschenk-gruskarten","8":"product_cat-papeterie-schreibwaren","9":"product_tag-aquarell-illustration","10":"product_tag-fee-und-maus","11":"product_tag-geburtstagskarte","12":"product_tag-glueckwunschkarte","13":"product_tag-grusskarte","14":"product_tag-grusskarte-geburt","15":"product_tag-heidelbeeren-karte","16":"product_tag-herzlichen-glueckwunsch","17":"product_tag-karte-fuer-kinder","18":"product_tag-kindergeburtstag","19":"product_tag-maerchenkarte","21":"first","22":"instock","23":"purchasable","24":"product-type-simple"},"acf":[],"_links":{"self":[{"href":"https:\/\/www.regionalis.shop\/jf-design\/wp-json\/wp\/v2\/product\/1203","targetHints":{"allow":["GET"]}}],"collection":[{"href":"https:\/\/www.regionalis.shop\/jf-design\/wp-json\/wp\/v2\/product"}],"about":[{"href":"https:\/\/www.regionalis.shop\/jf-design\/wp-json\/wp\/v2\/types\/product"}],"wp:featuredmedia":[{"embeddable":true,"href":"https:\/\/www.regionalis.shop\/jf-design\/wp-json\/wp\/v2\/media\/1205"}],"wp:attachment":[{"href":"https:\/\/www.regionalis.shop\/jf-design\/wp-json\/wp\/v2\/media?parent=1203"}],"wp:term":[{"taxonomy":"product_brand","embeddable":true,"href":"https:\/\/www.regionalis.shop\/jf-design\/wp-json\/wp\/v2\/product_brand?post=1203"},{"taxonomy":"product_cat","embeddable":true,"href":"https:\/\/www.regionalis.shop\/jf-design\/wp-json\/wp\/v2\/product_cat?post=1203"},{"taxonomy":"product_tag","embeddable":true,"href":"https:\/\/www.regionalis.shop\/jf-design\/wp-json\/wp\/v2\/product_tag?post=1203"}],"curies":[{"name":"wp","href":"https:\/\/api.w.org\/{rel}","templated":true}]}}