{"id":1210,"date":"2025-11-13T13:20:48","date_gmt":"2025-11-13T12:20:48","guid":{"rendered":"https:\/\/www.regionalis.shop\/jf-design\/?post_type=product&#038;p=1210"},"modified":"2025-11-13T13:22:52","modified_gmt":"2025-11-13T12:22:52","slug":"fruehlingskind","status":"publish","type":"product","link":"https:\/\/www.regionalis.shop\/jf-design\/shop\/fruehlingskind\/","title":{"rendered":"Fr\u00fchlingskind Geburtstagskarte"},"content":{"rendered":"<p>Gru\u00dfkarte zur Geburt, Taufe oder Geburtstag im Fr\u00fchling<\/p>\n<p>Fr\u00fchlingskind Geburtstagskarte: Diese Gru\u00dfkarte ist ein Druck meiner handgemalten Illustration. Ideal als kleine Aufmerksamkeit zum Geburtstag f\u00fcr Kinder, passend zur Jahreszeit. Innen wei\u00df f\u00fcr eine liebevolle Nachricht.<\/p>\n<p>A6 Klappkarte f\u00fcr Kinder, Kuvert inklusive.<\/p>\n<p>* * *<br \/>\nDesign: JF Design \/ Judit Fortelny<br \/>\nPapier 220g Premiumkarton<br \/>\nFormat: A6<br \/>\nHergestellt in \u00d6sterreich<br \/>\nKarte wird sch\u00f6n verpackt mit passendem Kuvert geliefert<\/p>\n","protected":false},"excerpt":{"rendered":"<p>Gru\u00dfkarte zur Geburt, Taufe oder Geburtstag im Fr\u00fchling Fr\u00fchlingskind Geburtstagskarte: Diese Gru\u00dfkarte ist ein Druck meiner handgemalten Illustration. Ideal als kleine Aufmerksamkeit zum Geburtstag f\u00fcr Kinder, passend zur Jahreszeit. Innen wei\u00df f\u00fcr eine liebevolle Nachricht. A6 Klappkarte f\u00fcr Kinder, Kuvert inklusive. * * * Design: JF Design \/ Judit Fortelny Papier 220g Premiumkarton Format: A6 &hellip; <a href=\"https:\/\/www.regionalis.shop\/jf-design\/shop\/fruehlingskind\/\">Continued<\/a><\/p>\n","protected":false},"featured_media":1211,"template":"","meta":{"_acf_changed":false},"product_brand":[],"product_cat":[134,62],"product_tag":[187,251,252,218,228,200,213,248,237,250,249],"class_list":{"0":"post-1210","1":"product","2":"type-product","3":"status-publish","4":"has-post-thumbnail","6":"product_cat-geschenk-gruskarten","7":"product_cat-papeterie-schreibwaren","8":"product_tag-aquarell-illustration","9":"product_tag-fruehlingskind","10":"product_tag-geburtstag-fruehling","11":"product_tag-geburtstagskarte","12":"product_tag-glueckwunschkarte","13":"product_tag-grusskarte","14":"product_tag-grusskarte-geburt","15":"product_tag-heidelbeeren-karte","16":"product_tag-herzlichen-glueckwunsch","17":"product_tag-karte-fuer-kinder","18":"product_tag-kindergeburtstag","20":"first","21":"instock","22":"purchasable","23":"product-type-simple"},"acf":[],"_links":{"self":[{"href":"https:\/\/www.regionalis.shop\/jf-design\/wp-json\/wp\/v2\/product\/1210","targetHints":{"allow":["GET"]}}],"collection":[{"href":"https:\/\/www.regionalis.shop\/jf-design\/wp-json\/wp\/v2\/product"}],"about":[{"href":"https:\/\/www.regionalis.shop\/jf-design\/wp-json\/wp\/v2\/types\/product"}],"wp:featuredmedia":[{"embeddable":true,"href":"https:\/\/www.regionalis.shop\/jf-design\/wp-json\/wp\/v2\/media\/1211"}],"wp:attachment":[{"href":"https:\/\/www.regionalis.shop\/jf-design\/wp-json\/wp\/v2\/media?parent=1210"}],"wp:term":[{"taxonomy":"product_brand","embeddable":true,"href":"https:\/\/www.regionalis.shop\/jf-design\/wp-json\/wp\/v2\/product_brand?post=1210"},{"taxonomy":"product_cat","embeddable":true,"href":"https:\/\/www.regionalis.shop\/jf-design\/wp-json\/wp\/v2\/product_cat?post=1210"},{"taxonomy":"product_tag","embeddable":true,"href":"https:\/\/www.regionalis.shop\/jf-design\/wp-json\/wp\/v2\/product_tag?post=1210"}],"curies":[{"name":"wp","href":"https:\/\/api.w.org\/{rel}","templated":true}]}}