{"id":1229,"date":"2025-11-13T13:34:17","date_gmt":"2025-11-13T12:34:17","guid":{"rendered":"https:\/\/www.regionalis.shop\/jf-design\/?post_type=product&#038;p=1229"},"modified":"2025-11-13T13:36:23","modified_gmt":"2025-11-13T12:36:23","slug":"feeimgarten","status":"publish","type":"product","link":"https:\/\/www.regionalis.shop\/jf-design\/shop\/feeimgarten\/","title":{"rendered":"Karte f\u00fcr Kinder, Aquarell Fee im Garten"},"content":{"rendered":"<p>Liebevoll illustriert Gru\u00dfkarte f\u00fcr Kinder, zum Geburtstag oder einfach so<\/p>\n<p>Diese Gru\u00dfkarte ist ein Druck meiner originalen, handgemalten Illustration: Gru\u00dfkarte mit einer Fee in einem Garten aus Mohnblumen, mit einem kleinen blauen Vogel.<\/p>\n<p>Innen ist die Karte wei\u00df, perfekt f\u00fcr eine liebevolle Nachricht.<\/p>\n<p>&nbsp;<\/p>\n<p>* * *<br \/>\nDesign: JF Design \/ Judit Fortelny<br \/>\nPapier 220g Premiumkarton<br \/>\nFormat: A6<br \/>\nHergestellt in \u00d6sterreich<br \/>\nKarte wird sch\u00f6n verpackt mit passendem Kuvert geliefert<\/p>\n","protected":false},"excerpt":{"rendered":"<p>Liebevoll illustriert Gru\u00dfkarte f\u00fcr Kinder, zum Geburtstag oder einfach so Diese Gru\u00dfkarte ist ein Druck meiner originalen, handgemalten Illustration: Gru\u00dfkarte mit einer Fee in einem Garten aus Mohnblumen, mit einem kleinen blauen Vogel. Innen ist die Karte wei\u00df, perfekt f\u00fcr eine liebevolle Nachricht. &nbsp; * * * Design: JF Design \/ Judit Fortelny Papier 220g &hellip; <a href=\"https:\/\/www.regionalis.shop\/jf-design\/shop\/feeimgarten\/\">Continued<\/a><\/p>\n","protected":false},"featured_media":1231,"template":"","meta":{"_acf_changed":false},"product_brand":[],"product_cat":[116,134,62],"product_tag":[187,265,264,218,228,200,213,237,250,249,246],"class_list":{"0":"post-1229","1":"product","2":"type-product","3":"status-publish","4":"has-post-thumbnail","6":"product_cat-billets-geschenkanhanger","7":"product_cat-geschenk-gruskarten","8":"product_cat-papeterie-schreibwaren","9":"product_tag-aquarell-illustration","10":"product_tag-elfen-und-feen","11":"product_tag-fee-im-garten","12":"product_tag-geburtstagskarte","13":"product_tag-glueckwunschkarte","14":"product_tag-grusskarte","15":"product_tag-grusskarte-geburt","16":"product_tag-herzlichen-glueckwunsch","17":"product_tag-karte-fuer-kinder","18":"product_tag-kindergeburtstag","19":"product_tag-maerchenkarte","21":"first","22":"instock","23":"purchasable","24":"product-type-simple"},"acf":[],"_links":{"self":[{"href":"https:\/\/www.regionalis.shop\/jf-design\/wp-json\/wp\/v2\/product\/1229","targetHints":{"allow":["GET"]}}],"collection":[{"href":"https:\/\/www.regionalis.shop\/jf-design\/wp-json\/wp\/v2\/product"}],"about":[{"href":"https:\/\/www.regionalis.shop\/jf-design\/wp-json\/wp\/v2\/types\/product"}],"wp:featuredmedia":[{"embeddable":true,"href":"https:\/\/www.regionalis.shop\/jf-design\/wp-json\/wp\/v2\/media\/1231"}],"wp:attachment":[{"href":"https:\/\/www.regionalis.shop\/jf-design\/wp-json\/wp\/v2\/media?parent=1229"}],"wp:term":[{"taxonomy":"product_brand","embeddable":true,"href":"https:\/\/www.regionalis.shop\/jf-design\/wp-json\/wp\/v2\/product_brand?post=1229"},{"taxonomy":"product_cat","embeddable":true,"href":"https:\/\/www.regionalis.shop\/jf-design\/wp-json\/wp\/v2\/product_cat?post=1229"},{"taxonomy":"product_tag","embeddable":true,"href":"https:\/\/www.regionalis.shop\/jf-design\/wp-json\/wp\/v2\/product_tag?post=1229"}],"curies":[{"name":"wp","href":"https:\/\/api.w.org\/{rel}","templated":true}]}}