{"id":1272,"date":"2025-11-13T14:12:42","date_gmt":"2025-11-13T13:12:42","guid":{"rendered":"https:\/\/www.regionalis.shop\/jf-design\/?post_type=product&#038;p=1272"},"modified":"2025-11-13T14:14:58","modified_gmt":"2025-11-13T13:14:58","slug":"set-sami","status":"publish","type":"product","link":"https:\/\/www.regionalis.shop\/jf-design\/shop\/set-sami\/","title":{"rendered":"Gru\u00dfkarten Set \u201eS\u00e1mi\u201d"},"content":{"rendered":"<p>3 St\u00fcck Gru\u00dfkarten &amp; Kuverts<\/p>\n<p>Diese handgezeichneten Illustrationen sind von antiken Holz- und Schmuckarbeiten des skandinavischen S\u00e1mi-Volkes inspiriert und passt im minimalistischen Stil gut als skandinavisch-inspirierten Weihnachtsgru\u00df.<br \/>\nDie Karten werden mit einem passenden Kuvert geliefert, innen sind die Karten wei\u00df.<\/p>\n<p>&nbsp;<\/p>\n<p>* * *<br \/>\nDesign: JF Design \/ Judit Fortelny<br \/>\nPapier 220g Premiumkarton<br \/>\nFormat: A6<br \/>\nHergestellt in \u00d6sterreich<br \/>\nKarte wird sch\u00f6n verpackt mit passendem Kuvert geliefert<\/p>\n","protected":false},"excerpt":{"rendered":"<p>3 St\u00fcck Gru\u00dfkarten &amp; Kuverts Diese handgezeichneten Illustrationen sind von antiken Holz- und Schmuckarbeiten des skandinavischen S\u00e1mi-Volkes inspiriert und passt im minimalistischen Stil gut als skandinavisch-inspirierten Weihnachtsgru\u00df. Die Karten werden mit einem passenden Kuvert geliefert, innen sind die Karten wei\u00df. &nbsp; * * * Design: JF Design \/ Judit Fortelny Papier 220g Premiumkarton Format: A6 &hellip; <a href=\"https:\/\/www.regionalis.shop\/jf-design\/shop\/set-sami\/\">Continued<\/a><\/p>\n","protected":false},"featured_media":1273,"template":"","meta":{"_acf_changed":false},"product_brand":[],"product_cat":[134,62],"product_tag":[187,218,228,200,258,237,256,257,254,255,253,259],"class_list":{"0":"post-1272","1":"product","2":"type-product","3":"status-publish","4":"has-post-thumbnail","6":"product_cat-geschenk-gruskarten","7":"product_cat-papeterie-schreibwaren","8":"product_tag-aquarell-illustration","9":"product_tag-geburtstagskarte","10":"product_tag-glueckwunschkarte","11":"product_tag-grusskarte","12":"product_tag-grusskarte-freunde","13":"product_tag-herzlichen-glueckwunsch","14":"product_tag-hygge","15":"product_tag-karte-skandinavien","16":"product_tag-minimalistische-karte","17":"product_tag-sami-lappland","18":"product_tag-volkskunst","19":"product_tag-weihnachtskarte","21":"first","22":"instock","23":"purchasable","24":"product-type-simple"},"acf":[],"_links":{"self":[{"href":"https:\/\/www.regionalis.shop\/jf-design\/wp-json\/wp\/v2\/product\/1272","targetHints":{"allow":["GET"]}}],"collection":[{"href":"https:\/\/www.regionalis.shop\/jf-design\/wp-json\/wp\/v2\/product"}],"about":[{"href":"https:\/\/www.regionalis.shop\/jf-design\/wp-json\/wp\/v2\/types\/product"}],"wp:featuredmedia":[{"embeddable":true,"href":"https:\/\/www.regionalis.shop\/jf-design\/wp-json\/wp\/v2\/media\/1273"}],"wp:attachment":[{"href":"https:\/\/www.regionalis.shop\/jf-design\/wp-json\/wp\/v2\/media?parent=1272"}],"wp:term":[{"taxonomy":"product_brand","embeddable":true,"href":"https:\/\/www.regionalis.shop\/jf-design\/wp-json\/wp\/v2\/product_brand?post=1272"},{"taxonomy":"product_cat","embeddable":true,"href":"https:\/\/www.regionalis.shop\/jf-design\/wp-json\/wp\/v2\/product_cat?post=1272"},{"taxonomy":"product_tag","embeddable":true,"href":"https:\/\/www.regionalis.shop\/jf-design\/wp-json\/wp\/v2\/product_tag?post=1272"}],"curies":[{"name":"wp","href":"https:\/\/api.w.org\/{rel}","templated":true}]}}