{"id":1284,"date":"2025-11-13T14:22:52","date_gmt":"2025-11-13T13:22:52","guid":{"rendered":"https:\/\/www.regionalis.shop\/jf-design\/?post_type=product&#038;p=1284"},"modified":"2025-11-13T14:27:21","modified_gmt":"2025-11-13T13:27:21","slug":"trauerkarte-1","status":"publish","type":"product","link":"https:\/\/www.regionalis.shop\/jf-design\/shop\/trauerkarte-1\/","title":{"rendered":"Trauerkarte Cyanotypie"},"content":{"rendered":"<p>Trauerkarte inkl. Kuvert<\/p>\n<p>Verschicken Sie tr\u00f6stende Worte und Erinnerungen an einen geliebten Menschen in einer einzigartigen und eleganten Weise mit dieser modernen Trauerkarte in Cyanotypie-Stil. Diese elegante Karte bietet innen gen\u00fcgend Platz f\u00fcr pers\u00f6nliche Botschaften, Gedichte oder Erinnerungen. Teilen Sie Ihre Gef\u00fchle auf eine kreative und liebevolle Weise mit denen, die Ihnen nahestehen.<\/p>\n<p>&nbsp;<\/p>\n<p>***<br \/>\nDesign: JF Design \/ Judit Fortelny<br \/>\nPapier: Premium Matte Papier<br \/>\nPapiergewicht: 300 gsm \/ 100 lb<br \/>\nFormat: A6 inkl. Kuvert<\/p>\n","protected":false},"excerpt":{"rendered":"<p>Trauerkarte inkl. Kuvert Verschicken Sie tr\u00f6stende Worte und Erinnerungen an einen geliebten Menschen in einer einzigartigen und eleganten Weise mit dieser modernen Trauerkarte in Cyanotypie-Stil. Diese elegante Karte bietet innen gen\u00fcgend Platz f\u00fcr pers\u00f6nliche Botschaften, Gedichte oder Erinnerungen. Teilen Sie Ihre Gef\u00fchle auf eine kreative und liebevolle Weise mit denen, die Ihnen nahestehen. &nbsp; *** &hellip; <a href=\"https:\/\/www.regionalis.shop\/jf-design\/shop\/trauerkarte-1\/\">Continued<\/a><\/p>\n","protected":false},"featured_media":1285,"template":"","meta":{"_acf_changed":false},"product_brand":[],"product_cat":[134,62],"product_tag":[297,298,200,296,295],"class_list":{"0":"post-1284","1":"product","2":"type-product","3":"status-publish","4":"has-post-thumbnail","6":"product_cat-geschenk-gruskarten","7":"product_cat-papeterie-schreibwaren","8":"product_tag-beileidskarte","9":"product_tag-cyanotypie","10":"product_tag-grusskarte","11":"product_tag-grusskarte-beileid","12":"product_tag-trauerkarte","14":"first","15":"instock","16":"purchasable","17":"product-type-simple"},"acf":[],"_links":{"self":[{"href":"https:\/\/www.regionalis.shop\/jf-design\/wp-json\/wp\/v2\/product\/1284","targetHints":{"allow":["GET"]}}],"collection":[{"href":"https:\/\/www.regionalis.shop\/jf-design\/wp-json\/wp\/v2\/product"}],"about":[{"href":"https:\/\/www.regionalis.shop\/jf-design\/wp-json\/wp\/v2\/types\/product"}],"wp:featuredmedia":[{"embeddable":true,"href":"https:\/\/www.regionalis.shop\/jf-design\/wp-json\/wp\/v2\/media\/1285"}],"wp:attachment":[{"href":"https:\/\/www.regionalis.shop\/jf-design\/wp-json\/wp\/v2\/media?parent=1284"}],"wp:term":[{"taxonomy":"product_brand","embeddable":true,"href":"https:\/\/www.regionalis.shop\/jf-design\/wp-json\/wp\/v2\/product_brand?post=1284"},{"taxonomy":"product_cat","embeddable":true,"href":"https:\/\/www.regionalis.shop\/jf-design\/wp-json\/wp\/v2\/product_cat?post=1284"},{"taxonomy":"product_tag","embeddable":true,"href":"https:\/\/www.regionalis.shop\/jf-design\/wp-json\/wp\/v2\/product_tag?post=1284"}],"curies":[{"name":"wp","href":"https:\/\/api.w.org\/{rel}","templated":true}]}}