{"id":1298,"date":"2025-11-27T11:44:37","date_gmt":"2025-11-27T10:44:37","guid":{"rendered":"https:\/\/www.regionalis.shop\/jf-design\/?post_type=product&#038;p=1298"},"modified":"2025-11-27T11:46:09","modified_gmt":"2025-11-27T10:46:09","slug":"poster-saisonkalender-obst-und-gemuese-a2","status":"publish","type":"product","link":"https:\/\/www.regionalis.shop\/jf-design\/shop\/poster-saisonkalender-obst-und-gemuese-a2\/","title":{"rendered":"Poster Saisonkalender Obst und Gem\u00fcse \/ A2"},"content":{"rendered":"<p>Ein wundersch\u00f6ner Kunstdruck mit illustrierten saisonalen Fr\u00fcchten und Gem\u00fcsesorten im Jahreskreis. Format: A2<\/p>\n<p>Die Kunstdrucke sind nicht gerahmt &#8211; der abgebildete Bilderrahmen dient nur als Gestaltungsbeispiel ist nicht Teil des Angebots.<\/p>\n<p>Design: JF Design \/ Judit Fortelny<br \/>\nPapier: Premium Matte Papier<\/p>\n","protected":false},"excerpt":{"rendered":"<p>Ein wundersch\u00f6ner Kunstdruck mit illustrierten saisonalen Fr\u00fcchten und Gem\u00fcsesorten im Jahreskreis. Format: A2 Die Kunstdrucke sind nicht gerahmt &#8211; der abgebildete Bilderrahmen dient nur als Gestaltungsbeispiel ist nicht Teil des Angebots. Design: JF Design \/ Judit Fortelny Papier: Premium Matte Papier<\/p>\n","protected":false},"featured_media":1296,"template":"","meta":{"_acf_changed":false},"product_brand":[],"product_cat":[54,55],"product_tag":[187,195,201,303,304,300,302,299,301],"class_list":{"0":"post-1298","1":"product","2":"type-product","3":"status-publish","4":"has-post-thumbnail","6":"product_cat-kunst-fotografie","7":"product_cat-kunstdrucke","8":"product_tag-aquarell-illustration","9":"product_tag-einweihungsgeschenk","10":"product_tag-essen-und-trinken","11":"product_tag-gesund-kochen","12":"product_tag-kunstdruck-kueche","13":"product_tag-obst-und-gemuese","14":"product_tag-obst-und-gemuese-der-saison","15":"product_tag-saisonkalender","16":"product_tag-schautafel-obst-und-gemuese","18":"first","19":"instock","20":"purchasable","21":"product-type-simple"},"acf":[],"_links":{"self":[{"href":"https:\/\/www.regionalis.shop\/jf-design\/wp-json\/wp\/v2\/product\/1298","targetHints":{"allow":["GET"]}}],"collection":[{"href":"https:\/\/www.regionalis.shop\/jf-design\/wp-json\/wp\/v2\/product"}],"about":[{"href":"https:\/\/www.regionalis.shop\/jf-design\/wp-json\/wp\/v2\/types\/product"}],"wp:featuredmedia":[{"embeddable":true,"href":"https:\/\/www.regionalis.shop\/jf-design\/wp-json\/wp\/v2\/media\/1296"}],"wp:attachment":[{"href":"https:\/\/www.regionalis.shop\/jf-design\/wp-json\/wp\/v2\/media?parent=1298"}],"wp:term":[{"taxonomy":"product_brand","embeddable":true,"href":"https:\/\/www.regionalis.shop\/jf-design\/wp-json\/wp\/v2\/product_brand?post=1298"},{"taxonomy":"product_cat","embeddable":true,"href":"https:\/\/www.regionalis.shop\/jf-design\/wp-json\/wp\/v2\/product_cat?post=1298"},{"taxonomy":"product_tag","embeddable":true,"href":"https:\/\/www.regionalis.shop\/jf-design\/wp-json\/wp\/v2\/product_tag?post=1298"}],"curies":[{"name":"wp","href":"https:\/\/api.w.org\/{rel}","templated":true}]}}