{"id":1096,"date":"2025-12-02T17:54:43","date_gmt":"2025-12-02T16:54:43","guid":{"rendered":"https:\/\/www.regionalis.shop\/jtrecycling\/?post_type=product&#038;p=1096"},"modified":"2026-01-12T10:16:01","modified_gmt":"2026-01-12T09:16:01","slug":"zweibag-uraltes-leinen-familie-flieder","status":"publish","type":"product","link":"https:\/\/www.regionalis.shop\/jtrecycling\/shop\/taschen\/geldboersen-kartenhalter\/zweibag-uraltes-leinen-familie-flieder\/","title":{"rendered":"zweiBAG FAMILIE &#8211; uraltes Leinen"},"content":{"rendered":"<p>EINE TASCHE. ZWEI F\u00c4CHER &#8211; die zweiBAG &#8211; Gr\u00f6\u00dfe: circa 12 x 9 cm &#8211; Liebevoll bearbeiteter Stoff oft sehr SPEZIELLER HERKUNFT oder auch einfach nur vor dem M\u00fcll gerettet. Dieses T\u00c4SCHCHEN besticht durch die raffinierte Dienlichkeit als kompakte Geldtasche und Aufbewahrungsm\u00f6glichkeit unz\u00e4hliger Kleinigkeiten. Fragen zum Produkt? werkstatt@jtrecycling.at<\/p>\n","protected":false},"excerpt":{"rendered":"<p>EINE TASCHE. ZWEI F\u00c4CHER &#8211; die zweiBAG &#8211; Gr\u00f6\u00dfe: circa 12 x 9 cm &#8211; Liebevoll bearbeiteter Stoff oft sehr SPEZIELLER HERKUNFT oder auch einfach nur vor dem M\u00fcll gerettet. Dieses T\u00c4SCHCHEN besticht durch die raffinierte Dienlichkeit als kompakte Geldtasche und Aufbewahrungsm\u00f6glichkeit unz\u00e4hliger Kleinigkeiten. Fragen zum Produkt? werkstatt@jtrecycling.at<\/p>\n","protected":false},"featured_media":1097,"template":"","meta":{"_acf_changed":false},"product_brand":[],"product_cat":[37,133,68,82,168,95],"product_tag":[],"class_list":{"0":"post-1096","1":"product","2":"type-product","3":"status-publish","4":"has-post-thumbnail","6":"product_cat-accessoires","7":"product_cat-geldboersen-kartenhalter","8":"product_cat-schluesselanhaenger","9":"product_cat-sonstiges-accessoires","10":"product_cat-sonstiges-taschen","11":"product_cat-taschen","13":"first","14":"instock","15":"sold-individually","16":"purchasable","17":"product-type-simple"},"acf":[],"_links":{"self":[{"href":"https:\/\/www.regionalis.shop\/jtrecycling\/wp-json\/wp\/v2\/product\/1096","targetHints":{"allow":["GET"]}}],"collection":[{"href":"https:\/\/www.regionalis.shop\/jtrecycling\/wp-json\/wp\/v2\/product"}],"about":[{"href":"https:\/\/www.regionalis.shop\/jtrecycling\/wp-json\/wp\/v2\/types\/product"}],"wp:featuredmedia":[{"embeddable":true,"href":"https:\/\/www.regionalis.shop\/jtrecycling\/wp-json\/wp\/v2\/media\/1097"}],"wp:attachment":[{"href":"https:\/\/www.regionalis.shop\/jtrecycling\/wp-json\/wp\/v2\/media?parent=1096"}],"wp:term":[{"taxonomy":"product_brand","embeddable":true,"href":"https:\/\/www.regionalis.shop\/jtrecycling\/wp-json\/wp\/v2\/product_brand?post=1096"},{"taxonomy":"product_cat","embeddable":true,"href":"https:\/\/www.regionalis.shop\/jtrecycling\/wp-json\/wp\/v2\/product_cat?post=1096"},{"taxonomy":"product_tag","embeddable":true,"href":"https:\/\/www.regionalis.shop\/jtrecycling\/wp-json\/wp\/v2\/product_tag?post=1096"}],"curies":[{"name":"wp","href":"https:\/\/api.w.org\/{rel}","templated":true}]}}