{"id":1224,"date":"2025-12-10T11:29:24","date_gmt":"2025-12-10T10:29:24","guid":{"rendered":"https:\/\/www.regionalis.shop\/jtrecycling\/?post_type=product&#038;p=1224"},"modified":"2026-01-12T07:49:45","modified_gmt":"2026-01-12T06:49:45","slug":"delux-jeanstasche","status":"publish","type":"product","link":"https:\/\/www.regionalis.shop\/jtrecycling\/shop\/taschen\/handtaschen\/delux-jeanstasche\/","title":{"rendered":"DeLux Jeanstasche &#8211; viele Details"},"content":{"rendered":"<p>Au\u00dfergew\u00f6hnliche Jeanstasche mit vielen Details. 23 cm hoch, 33 cm breit, Innenfutter hell, 1 Einschubf\u00e4cher innen, 1 Zippfach innen, 1 Zippfach unter der Dekoklappe, 2 abnehmbare Baumwoll &#8211; Tragegurte, waschbar bei 30\u00b0C<\/p>\n","protected":false},"excerpt":{"rendered":"<p>Au\u00dfergew\u00f6hnliche Jeanstasche mit vielen Details. 23 cm hoch, 33 cm breit, Innenfutter hell, 1 Einschubf\u00e4cher innen, 1 Zippfach innen, 1 Zippfach unter der Dekoklappe, 2 abnehmbare Baumwoll &#8211; Tragegurte, waschbar bei 30\u00b0C<\/p>\n","protected":false},"featured_media":1225,"template":"","meta":{"_acf_changed":false},"product_brand":[],"product_cat":[142,168,95],"product_tag":[],"class_list":{"0":"post-1224","1":"product","2":"type-product","3":"status-publish","4":"has-post-thumbnail","6":"product_cat-handtaschen","7":"product_cat-sonstiges-taschen","8":"product_cat-taschen","10":"first","11":"instock","12":"sale","13":"sold-individually","14":"purchasable","15":"product-type-simple"},"acf":[],"_links":{"self":[{"href":"https:\/\/www.regionalis.shop\/jtrecycling\/wp-json\/wp\/v2\/product\/1224","targetHints":{"allow":["GET"]}}],"collection":[{"href":"https:\/\/www.regionalis.shop\/jtrecycling\/wp-json\/wp\/v2\/product"}],"about":[{"href":"https:\/\/www.regionalis.shop\/jtrecycling\/wp-json\/wp\/v2\/types\/product"}],"wp:featuredmedia":[{"embeddable":true,"href":"https:\/\/www.regionalis.shop\/jtrecycling\/wp-json\/wp\/v2\/media\/1225"}],"wp:attachment":[{"href":"https:\/\/www.regionalis.shop\/jtrecycling\/wp-json\/wp\/v2\/media?parent=1224"}],"wp:term":[{"taxonomy":"product_brand","embeddable":true,"href":"https:\/\/www.regionalis.shop\/jtrecycling\/wp-json\/wp\/v2\/product_brand?post=1224"},{"taxonomy":"product_cat","embeddable":true,"href":"https:\/\/www.regionalis.shop\/jtrecycling\/wp-json\/wp\/v2\/product_cat?post=1224"},{"taxonomy":"product_tag","embeddable":true,"href":"https:\/\/www.regionalis.shop\/jtrecycling\/wp-json\/wp\/v2\/product_tag?post=1224"}],"curies":[{"name":"wp","href":"https:\/\/api.w.org\/{rel}","templated":true}]}}