{"id":1276,"date":"2025-12-15T14:35:46","date_gmt":"2025-12-15T13:35:46","guid":{"rendered":"https:\/\/www.regionalis.shop\/jtrecycling\/?post_type=product&#038;p=1276"},"modified":"2025-12-28T12:27:32","modified_gmt":"2025-12-28T11:27:32","slug":"bigbag-jeanstasche-mit-vielen-details","status":"publish","type":"product","link":"https:\/\/www.regionalis.shop\/jtrecycling\/shop\/taschen\/handtaschen\/bigbag-jeanstasche-mit-vielen-details\/","title":{"rendered":"bigBAG Jeanstasche mit vielen Details"},"content":{"rendered":"<p>Gro\u00dfe Jeanstasche mit Hosenbund-Tragegurt und verstellbarem Gurtbandgurt (nicht auf Abbildung). Besonders raffinierter Hosebundabschl\u00fc\u00df oben mit Rei\u00dfverschluss. 38 cm hoch, 30 &#8211; 34 cm breit, Innenfutter beige, 3 Einschubf\u00e4cher innen, 1 Zippfach innen und au\u00dfen auf der R\u00fcckseite (Ideal f\u00fcr ein Handy), 2 Schl\u00fcsselschlaufen mit Mini-Karabiner, 2 abnehmbare Tragegurte, waschbar bei 30\u00b0C<\/p>\n","protected":false},"excerpt":{"rendered":"<p>Gro\u00dfe Jeanstasche mit Hosenbund-Tragegurt und verstellbarem Gurtbandgurt (nicht auf Abbildung). Besonders raffinierter Hosebundabschl\u00fc\u00df oben mit Rei\u00dfverschluss. 38 cm hoch, 30 &#8211; 34 cm breit, Innenfutter beige, 3 Einschubf\u00e4cher innen, 1 Zippfach innen und au\u00dfen auf der R\u00fcckseite (Ideal f\u00fcr ein Handy), 2 Schl\u00fcsselschlaufen mit Mini-Karabiner, 2 abnehmbare Tragegurte, waschbar bei 30\u00b0C<\/p>\n","protected":false},"featured_media":1278,"template":"","meta":{"_acf_changed":false},"product_brand":[],"product_cat":[142,168,95],"product_tag":[],"class_list":{"0":"post-1276","1":"product","2":"type-product","3":"status-publish","4":"has-post-thumbnail","6":"product_cat-handtaschen","7":"product_cat-sonstiges-taschen","8":"product_cat-taschen","10":"first","11":"instock","12":"sale","13":"sold-individually","14":"purchasable","15":"product-type-simple"},"acf":[],"_links":{"self":[{"href":"https:\/\/www.regionalis.shop\/jtrecycling\/wp-json\/wp\/v2\/product\/1276","targetHints":{"allow":["GET"]}}],"collection":[{"href":"https:\/\/www.regionalis.shop\/jtrecycling\/wp-json\/wp\/v2\/product"}],"about":[{"href":"https:\/\/www.regionalis.shop\/jtrecycling\/wp-json\/wp\/v2\/types\/product"}],"wp:featuredmedia":[{"embeddable":true,"href":"https:\/\/www.regionalis.shop\/jtrecycling\/wp-json\/wp\/v2\/media\/1278"}],"wp:attachment":[{"href":"https:\/\/www.regionalis.shop\/jtrecycling\/wp-json\/wp\/v2\/media?parent=1276"}],"wp:term":[{"taxonomy":"product_brand","embeddable":true,"href":"https:\/\/www.regionalis.shop\/jtrecycling\/wp-json\/wp\/v2\/product_brand?post=1276"},{"taxonomy":"product_cat","embeddable":true,"href":"https:\/\/www.regionalis.shop\/jtrecycling\/wp-json\/wp\/v2\/product_cat?post=1276"},{"taxonomy":"product_tag","embeddable":true,"href":"https:\/\/www.regionalis.shop\/jtrecycling\/wp-json\/wp\/v2\/product_tag?post=1276"}],"curies":[{"name":"wp","href":"https:\/\/api.w.org\/{rel}","templated":true}]}}