{"id":1051,"date":"2025-04-18T06:01:26","date_gmt":"2025-04-18T04:01:26","guid":{"rendered":"https:\/\/www.regionalis.shop\/kaeferlicht\/product\/babyparty-set-hase-stadt-land-baby-verschiedene-tippkarten-wuensche\/"},"modified":"2025-04-18T06:01:26","modified_gmt":"2025-04-18T04:01:26","slug":"babyparty-set-hase-stadt-land-baby-verschiedene-tippkarten-wuensche","status":"publish","type":"product","link":"https:\/\/www.regionalis.shop\/kaeferlicht\/shop\/babyparty-set-hase-stadt-land-baby-verschiedene-tippkarten-wuensche\/","title":{"rendered":"Babyparty Set Hase &#8211; Stadt Land Baby + verschiedene Tippkarten + W\u00fcnsche"},"content":{"rendered":"<p>Du bist auf der Suche nach lustigen Spielen f\u00fcr eine Babyparty? Wie w\u00e4re es mit Stadt-Land-Babyparty und einigen Tippkarten im dazupassenden Design?<br \/>\nDie werdende Mama hat mit den Karten eine bleibende Erinnerung an die Party und Spa\u00df ist garantiert :).<\/p>\n<p>Zu den Karten: Es sind insgesamt vier verschiedene Seiten (zwei Karten &#8211; hinten und vorne bedruckt)<br \/>\nTippkarte, Wer kennt Mama am besten?, Wer w\u00fcrde eher&#8230;?, Ich hoffe&#8230; (W\u00fcnsche ans Baby)<\/p>\n","protected":false},"excerpt":{"rendered":"<p>Du bist auf der Suche nach lustigen Spielen f\u00fcr eine Babyparty? Wie w\u00e4re es mit Stadt-Land-Babyparty und einigen Tippkarten im dazupassenden Design? Die werdende Mama hat mit den Karten eine bleibende Erinnerung an die Party und Spa\u00df ist garantiert :). Zu den Karten: Es sind insgesamt vier verschiedene Seiten (zwei Karten &#8211; hinten und vorne &hellip; <a href=\"https:\/\/www.regionalis.shop\/kaeferlicht\/shop\/babyparty-set-hase-stadt-land-baby-verschiedene-tippkarten-wuensche\/\">Continued<\/a><\/p>\n","protected":false},"featured_media":1052,"template":"","meta":{"_acf_changed":false},"product_brand":[],"product_cat":[38,88],"product_tag":[],"class_list":{"0":"post-1051","1":"product","2":"type-product","3":"status-publish","4":"has-post-thumbnail","6":"product_cat-baby-kinder","7":"product_cat-spielzeug","9":"first","10":"instock","11":"purchasable","12":"product-type-simple"},"acf":[],"_links":{"self":[{"href":"https:\/\/www.regionalis.shop\/kaeferlicht\/wp-json\/wp\/v2\/product\/1051","targetHints":{"allow":["GET"]}}],"collection":[{"href":"https:\/\/www.regionalis.shop\/kaeferlicht\/wp-json\/wp\/v2\/product"}],"about":[{"href":"https:\/\/www.regionalis.shop\/kaeferlicht\/wp-json\/wp\/v2\/types\/product"}],"wp:featuredmedia":[{"embeddable":true,"href":"https:\/\/www.regionalis.shop\/kaeferlicht\/wp-json\/wp\/v2\/media\/1052"}],"wp:attachment":[{"href":"https:\/\/www.regionalis.shop\/kaeferlicht\/wp-json\/wp\/v2\/media?parent=1051"}],"wp:term":[{"taxonomy":"product_brand","embeddable":true,"href":"https:\/\/www.regionalis.shop\/kaeferlicht\/wp-json\/wp\/v2\/product_brand?post=1051"},{"taxonomy":"product_cat","embeddable":true,"href":"https:\/\/www.regionalis.shop\/kaeferlicht\/wp-json\/wp\/v2\/product_cat?post=1051"},{"taxonomy":"product_tag","embeddable":true,"href":"https:\/\/www.regionalis.shop\/kaeferlicht\/wp-json\/wp\/v2\/product_tag?post=1051"}],"curies":[{"name":"wp","href":"https:\/\/api.w.org\/{rel}","templated":true}]}}