{"id":1054,"date":"2025-04-18T03:56:24","date_gmt":"2025-04-18T01:56:24","guid":{"rendered":"https:\/\/www.regionalis.shop\/kaeferlicht\/product\/xl-weihnachtsstrumpf-nikolausstrumpf-personalisiert-mit-wunschtext\/"},"modified":"2025-04-18T03:56:24","modified_gmt":"2025-04-18T01:56:24","slug":"xl-weihnachtsstrumpf-nikolausstrumpf-personalisiert-mit-wunschtext","status":"publish","type":"product","link":"https:\/\/www.regionalis.shop\/kaeferlicht\/shop\/xl-weihnachtsstrumpf-nikolausstrumpf-personalisiert-mit-wunschtext\/","title":{"rendered":"XL Weihnachtsstrumpf Nikolausstrumpf personalisiert mit Wunschtext"},"content":{"rendered":"<p>Ca. 40 cm mit viel Platz zum Bef\u00fcllen.<br \/>\nSchrift in schwarz, rot, wei\u00df oder perl (wie auf dem Foto) m\u00f6glich.<br \/>\nBitte beim Kauf um eine Nachricht bez\u00fcglich Farbe und Wunschtext<\/p>\n","protected":false},"excerpt":{"rendered":"<p>Ca. 40 cm mit viel Platz zum Bef\u00fcllen. Schrift in schwarz, rot, wei\u00df oder perl (wie auf dem Foto) m\u00f6glich. Bitte beim Kauf um eine Nachricht bez\u00fcglich Farbe und Wunschtext<\/p>\n","protected":false},"featured_media":1055,"template":"","meta":{"_acf_changed":false},"product_brand":[],"product_cat":[173,103],"product_tag":[],"class_list":{"0":"post-1054","1":"product","2":"type-product","3":"status-publish","4":"has-post-thumbnail","6":"product_cat-weihnachten","7":"product_cat-wohnen-deko","9":"first","10":"instock","11":"purchasable","12":"product-type-simple"},"acf":[],"_links":{"self":[{"href":"https:\/\/www.regionalis.shop\/kaeferlicht\/wp-json\/wp\/v2\/product\/1054","targetHints":{"allow":["GET"]}}],"collection":[{"href":"https:\/\/www.regionalis.shop\/kaeferlicht\/wp-json\/wp\/v2\/product"}],"about":[{"href":"https:\/\/www.regionalis.shop\/kaeferlicht\/wp-json\/wp\/v2\/types\/product"}],"wp:featuredmedia":[{"embeddable":true,"href":"https:\/\/www.regionalis.shop\/kaeferlicht\/wp-json\/wp\/v2\/media\/1055"}],"wp:attachment":[{"href":"https:\/\/www.regionalis.shop\/kaeferlicht\/wp-json\/wp\/v2\/media?parent=1054"}],"wp:term":[{"taxonomy":"product_brand","embeddable":true,"href":"https:\/\/www.regionalis.shop\/kaeferlicht\/wp-json\/wp\/v2\/product_brand?post=1054"},{"taxonomy":"product_cat","embeddable":true,"href":"https:\/\/www.regionalis.shop\/kaeferlicht\/wp-json\/wp\/v2\/product_cat?post=1054"},{"taxonomy":"product_tag","embeddable":true,"href":"https:\/\/www.regionalis.shop\/kaeferlicht\/wp-json\/wp\/v2\/product_tag?post=1054"}],"curies":[{"name":"wp","href":"https:\/\/api.w.org\/{rel}","templated":true}]}}