{"id":1065,"date":"2025-04-18T02:04:27","date_gmt":"2025-04-18T00:04:27","guid":{"rendered":"https:\/\/www.regionalis.shop\/kaeferlicht\/product\/2-glueckslose-kuverts-rubbellose-z-b-willst-du-meine-trauzeugin-werden\/"},"modified":"2025-04-18T02:04:27","modified_gmt":"2025-04-18T00:04:27","slug":"2-glueckslose-kuverts-rubbellose-z-b-willst-du-meine-trauzeugin-werden","status":"publish","type":"product","link":"https:\/\/www.regionalis.shop\/kaeferlicht\/shop\/2-glueckslose-kuverts-rubbellose-z-b-willst-du-meine-trauzeugin-werden\/","title":{"rendered":"2 Gl\u00fcckslose + Kuverts \/ Rubbellose (z.B. Willst du meine Trauzeugin werden?)"},"content":{"rendered":"<p>\u00dcberrasche deine Liebsten mit diesen Rubbellosen. Den Text kannst du einfach selbst reinschreiben, Sticker draufgeben und verschenken.<br \/>\nIch habe so z.B. meine Eltern informiert, dass sie Gro\u00dfeltern werden. Die \u00dcberraschung kam super an :).<\/p>\n<p>Format der Karten: DIN A6, R\u00fcckseite wei\u00df<br \/>\nKuverts: 175 x 125 cm DIN B6<\/p>\n<p>Viel Freude damit! \ud83d\ude42<\/p>\n","protected":false},"excerpt":{"rendered":"<p>\u00dcberrasche deine Liebsten mit diesen Rubbellosen. Den Text kannst du einfach selbst reinschreiben, Sticker draufgeben und verschenken. Ich habe so z.B. meine Eltern informiert, dass sie Gro\u00dfeltern werden. Die \u00dcberraschung kam super an :). Format der Karten: DIN A6, R\u00fcckseite wei\u00df Kuverts: 175 x 125 cm DIN B6 Viel Freude damit! \ud83d\ude42<\/p>\n","protected":false},"featured_media":1066,"template":"","meta":{"_acf_changed":false},"product_brand":[],"product_cat":[54,55],"product_tag":[],"class_list":{"0":"post-1065","1":"product","2":"type-product","3":"status-publish","4":"has-post-thumbnail","6":"product_cat-kunst-fotografie","7":"product_cat-kunstdrucke","9":"first","10":"instock","11":"purchasable","12":"product-type-simple"},"acf":[],"_links":{"self":[{"href":"https:\/\/www.regionalis.shop\/kaeferlicht\/wp-json\/wp\/v2\/product\/1065","targetHints":{"allow":["GET"]}}],"collection":[{"href":"https:\/\/www.regionalis.shop\/kaeferlicht\/wp-json\/wp\/v2\/product"}],"about":[{"href":"https:\/\/www.regionalis.shop\/kaeferlicht\/wp-json\/wp\/v2\/types\/product"}],"wp:featuredmedia":[{"embeddable":true,"href":"https:\/\/www.regionalis.shop\/kaeferlicht\/wp-json\/wp\/v2\/media\/1066"}],"wp:attachment":[{"href":"https:\/\/www.regionalis.shop\/kaeferlicht\/wp-json\/wp\/v2\/media?parent=1065"}],"wp:term":[{"taxonomy":"product_brand","embeddable":true,"href":"https:\/\/www.regionalis.shop\/kaeferlicht\/wp-json\/wp\/v2\/product_brand?post=1065"},{"taxonomy":"product_cat","embeddable":true,"href":"https:\/\/www.regionalis.shop\/kaeferlicht\/wp-json\/wp\/v2\/product_cat?post=1065"},{"taxonomy":"product_tag","embeddable":true,"href":"https:\/\/www.regionalis.shop\/kaeferlicht\/wp-json\/wp\/v2\/product_tag?post=1065"}],"curies":[{"name":"wp","href":"https:\/\/api.w.org\/{rel}","templated":true}]}}