{"id":862,"date":"2025-05-24T13:44:06","date_gmt":"2025-05-24T11:44:06","guid":{"rendered":"https:\/\/starter.stage.shop-it.at\/?page_id=862"},"modified":"2025-10-23T15:21:37","modified_gmt":"2025-10-23T13:21:37","slug":"startseite","status":"publish","type":"page","link":"https:\/\/www.regionalis.shop\/katharina-hagen-lebensfreude\/","title":{"rendered":"Startseite"},"content":{"rendered":"<section>\n        <div class=\"header-image\">\n            <img decoding=\"async\" src=\"https:\/\/www.regionalis.shop\/app\/uploads\/sites\/294\/3837_2021_02_24_11_06_17_125407491.png\" alt=\"\">\n        <\/div>\n    \n    <\/section>\n    <section>\n    <div class=\"header-title\">\n        <h1 class=\"h2\">Willkommen bei Katharina Hagen &#8211; Lebensfreude<\/h1>\n    <\/div>\n            <h2 class=\"h3\">Handgemacht in Neudorf im Weinviertel<\/h2>\n                <p>Handgemachte Einzelst\u00fccke &#038; Geschenke<br \/>\nMeine Leidenschaft f\u00fcr Kreatives habe ich schon lange entdeckt.<br \/>\nIn meinem Sortiment findet ihr liebevoll handgefertigte Kerzen, Geschenkideen und N\u00fctzliches!<br \/>\nReine Lebensfreude&#8230;&#8230;&#8230;.<\/p>\n<p>Ich w\u00fcnsche euch viel Spa\u00df beim St\u00f6bern!<\/p>\n\n    \n    <h3>Produkte<\/h3>\n\n    <div class=\"woocommerce columns-3 \"><ul class=\"products columns-3\">\n<li class=\"product type-product post-1057 status-publish first instock product_cat-stoffsackerl-einkaufstaschen product_cat-taschen has-post-thumbnail purchasable product-type-simple\">\n\t<a href=\"https:\/\/www.regionalis.shop\/katharina-hagen-lebensfreude\/shop\/filztasche-alleskoennerin\/\" class=\"woocommerce-LoopProduct-link woocommerce-loop-product__link\"><div class=\"wc-block-grid__product-image\"><img loading=\"lazy\" decoding=\"async\" width=\"1023\" height=\"1024\" src=\"https:\/\/www.regionalis.shop\/app\/uploads\/sites\/294\/3837_2023_05_16_19_22_10_517070207.jpg\" class=\"attachment-large size-large\" alt=\"Filztasche Allesk\u00f6nnerin\" srcset=\"https:\/\/www.regionalis.shop\/app\/uploads\/sites\/294\/3837_2023_05_16_19_22_10_517070207.jpg 1023w, https:\/\/www.regionalis.shop\/app\/uploads\/sites\/294\/3837_2023_05_16_19_22_10_517070207-300x300.jpg 300w, https:\/\/www.regionalis.shop\/app\/uploads\/sites\/294\/3837_2023_05_16_19_22_10_517070207-150x150.jpg 150w, https:\/\/www.regionalis.shop\/app\/uploads\/sites\/294\/3837_2023_05_16_19_22_10_517070207-768x769.jpg 768w, https:\/\/www.regionalis.shop\/app\/uploads\/sites\/294\/3837_2023_05_16_19_22_10_517070207-600x601.jpg 600w, https:\/\/www.regionalis.shop\/app\/uploads\/sites\/294\/3837_2023_05_16_19_22_10_517070207-100x100.jpg 100w\" sizes=\"auto, (max-width: 1023px) 100vw, 1023px\" \/><\/div><h2 class=\"woocommerce-loop-product__title\">Filztasche Allesk\u00f6nnerin<\/h2>\n\t<span class=\"price\"><span class=\"woocommerce-Price-amount amount\"><bdi>32,00&nbsp;<span class=\"woocommerce-Price-currencySymbol\">&euro;<\/span><\/bdi><\/span><\/span>\n<\/a><\/li>\n<li class=\"product type-product post-1055 status-publish instock product_cat-wohnen-deko product_cat-wohntextilien has-post-thumbnail purchasable product-type-simple\">\n\t<a href=\"https:\/\/www.regionalis.shop\/katharina-hagen-lebensfreude\/shop\/polsterbezug-ruhe\/\" class=\"woocommerce-LoopProduct-link woocommerce-loop-product__link\"><div class=\"wc-block-grid__product-image\"><img loading=\"lazy\" decoding=\"async\" width=\"1024\" height=\"1024\" src=\"https:\/\/www.regionalis.shop\/app\/uploads\/sites\/294\/3837_2023_05_16_19_14_01_521424345.jpg\" class=\"attachment-large size-large\" alt=\"Polsterbezug &quot;Ruhe&quot;\" srcset=\"https:\/\/www.regionalis.shop\/app\/uploads\/sites\/294\/3837_2023_05_16_19_14_01_521424345.jpg 1024w, https:\/\/www.regionalis.shop\/app\/uploads\/sites\/294\/3837_2023_05_16_19_14_01_521424345-300x300.jpg 300w, https:\/\/www.regionalis.shop\/app\/uploads\/sites\/294\/3837_2023_05_16_19_14_01_521424345-150x150.jpg 150w, https:\/\/www.regionalis.shop\/app\/uploads\/sites\/294\/3837_2023_05_16_19_14_01_521424345-768x768.jpg 768w, https:\/\/www.regionalis.shop\/app\/uploads\/sites\/294\/3837_2023_05_16_19_14_01_521424345-600x600.jpg 600w, https:\/\/www.regionalis.shop\/app\/uploads\/sites\/294\/3837_2023_05_16_19_14_01_521424345-100x100.jpg 100w\" sizes=\"auto, (max-width: 1024px) 100vw, 1024px\" \/><\/div><h2 class=\"woocommerce-loop-product__title\">Polsterbezug &#8222;Ruhe&#8220;<\/h2>\n\t<span class=\"price\"><span class=\"woocommerce-Price-amount amount\"><bdi>11,00&nbsp;<span class=\"woocommerce-Price-currencySymbol\">&euro;<\/span><\/bdi><\/span><\/span>\n<\/a><\/li>\n<li class=\"product type-product post-1053 status-publish last instock product_cat-sonstiges-taschen product_cat-taschen has-post-thumbnail purchasable product-type-simple\">\n\t<a href=\"https:\/\/www.regionalis.shop\/katharina-hagen-lebensfreude\/shop\/maennerhandtasche\/\" class=\"woocommerce-LoopProduct-link woocommerce-loop-product__link\"><div class=\"wc-block-grid__product-image\"><img loading=\"lazy\" decoding=\"async\" width=\"1023\" height=\"1024\" src=\"https:\/\/www.regionalis.shop\/app\/uploads\/sites\/294\/3837_2023_05_16_19_07_43_146640889.jpg\" class=\"attachment-large size-large\" alt=\"M\u00e4nnerhandtasche\" srcset=\"https:\/\/www.regionalis.shop\/app\/uploads\/sites\/294\/3837_2023_05_16_19_07_43_146640889.jpg 1023w, https:\/\/www.regionalis.shop\/app\/uploads\/sites\/294\/3837_2023_05_16_19_07_43_146640889-300x300.jpg 300w, https:\/\/www.regionalis.shop\/app\/uploads\/sites\/294\/3837_2023_05_16_19_07_43_146640889-150x150.jpg 150w, https:\/\/www.regionalis.shop\/app\/uploads\/sites\/294\/3837_2023_05_16_19_07_43_146640889-768x769.jpg 768w, https:\/\/www.regionalis.shop\/app\/uploads\/sites\/294\/3837_2023_05_16_19_07_43_146640889-600x601.jpg 600w, https:\/\/www.regionalis.shop\/app\/uploads\/sites\/294\/3837_2023_05_16_19_07_43_146640889-100x100.jpg 100w\" sizes=\"auto, (max-width: 1023px) 100vw, 1023px\" \/><\/div><h2 class=\"woocommerce-loop-product__title\">M\u00e4nnerhandtasche<\/h2>\n\t<span class=\"price\"><span class=\"woocommerce-Price-amount amount\"><bdi>21,00&nbsp;<span class=\"woocommerce-Price-currencySymbol\">&euro;<\/span><\/bdi><\/span><\/span>\n<\/a><\/li>\n<\/ul>\n<\/div>\n    <p>\n        <a href=\"https:\/\/www.regionalis.shop\/katharina-hagen-lebensfreude\/shop\/\" class=\"btn btn-primary btn-icon-right\">\n            Alle Produkte <i class=\"bi bi-arrow-right-short\"><\/i>\n        <\/a>\n    <\/p>\n<\/section>\n\n<div data-block-name=\"woocommerce\/store-notices\" class=\"wc-block-store-notices woocommerce alignwide alignwide wp-block-woocommerce-store-notices\"><div class=\"woocommerce-notices-wrapper\"><\/div><\/div>","protected":false},"excerpt":{"rendered":"","protected":false},"author":1,"featured_media":0,"parent":0,"menu_order":0,"comment_status":"closed","ping_status":"closed","template":"template-home.blade.php","meta":{"_acf_changed":false,"footnotes":""},"class_list":["post-862","page","type-page","status-publish","hentry"],"acf":[],"_links":{"self":[{"href":"https:\/\/www.regionalis.shop\/katharina-hagen-lebensfreude\/wp-json\/wp\/v2\/pages\/862","targetHints":{"allow":["GET"]}}],"collection":[{"href":"https:\/\/www.regionalis.shop\/katharina-hagen-lebensfreude\/wp-json\/wp\/v2\/pages"}],"about":[{"href":"https:\/\/www.regionalis.shop\/katharina-hagen-lebensfreude\/wp-json\/wp\/v2\/types\/page"}],"author":[{"embeddable":true,"href":"https:\/\/www.regionalis.shop\/katharina-hagen-lebensfreude\/wp-json\/wp\/v2\/users\/1"}],"replies":[{"embeddable":true,"href":"https:\/\/www.regionalis.shop\/katharina-hagen-lebensfreude\/wp-json\/wp\/v2\/comments?post=862"}],"version-history":[{"count":28,"href":"https:\/\/www.regionalis.shop\/katharina-hagen-lebensfreude\/wp-json\/wp\/v2\/pages\/862\/revisions"}],"predecessor-version":[{"id":1041,"href":"https:\/\/www.regionalis.shop\/katharina-hagen-lebensfreude\/wp-json\/wp\/v2\/pages\/862\/revisions\/1041"}],"wp:attachment":[{"href":"https:\/\/www.regionalis.shop\/katharina-hagen-lebensfreude\/wp-json\/wp\/v2\/media?parent=862"}],"curies":[{"name":"wp","href":"https:\/\/api.w.org\/{rel}","templated":true}]}}