{"id":1053,"date":"2025-04-18T12:13:56","date_gmt":"2025-04-18T10:13:56","guid":{"rendered":"https:\/\/www.regionalis.shop\/katharina-hagen-lebensfreude\/product\/maennerhandtasche\/"},"modified":"2025-04-18T12:13:56","modified_gmt":"2025-04-18T10:13:56","slug":"maennerhandtasche","status":"publish","type":"product","link":"https:\/\/www.regionalis.shop\/katharina-hagen-lebensfreude\/shop\/maennerhandtasche\/","title":{"rendered":"M\u00e4nnerhandtasche"},"content":{"rendered":"<p>Praktische Flaschentasche mit 6 F\u00e4chern f\u00fcr Flaschen oder Dosen aus robustem Filz. Diese M\u00e4nnerhandtasche ist das ideale Geschenk zu jedem Anlass.<\/p>\n<p>25x18x16 cm<br \/>\nFarbe grau<\/p>\n<p>Beschriftung individuell gestaltbar<\/p>\n","protected":false},"excerpt":{"rendered":"<p>Praktische Flaschentasche mit 6 F\u00e4chern f\u00fcr Flaschen oder Dosen aus robustem Filz. Diese M\u00e4nnerhandtasche ist das ideale Geschenk zu jedem Anlass. 25x18x16 cm Farbe grau Beschriftung individuell gestaltbar<\/p>\n","protected":false},"featured_media":1054,"template":"","meta":{"_acf_changed":false},"product_brand":[],"product_cat":[168,95],"product_tag":[],"class_list":{"0":"post-1053","1":"product","2":"type-product","3":"status-publish","4":"has-post-thumbnail","6":"product_cat-sonstiges-taschen","7":"product_cat-taschen","9":"first","10":"instock","11":"purchasable","12":"product-type-simple"},"acf":[],"_links":{"self":[{"href":"https:\/\/www.regionalis.shop\/katharina-hagen-lebensfreude\/wp-json\/wp\/v2\/product\/1053","targetHints":{"allow":["GET"]}}],"collection":[{"href":"https:\/\/www.regionalis.shop\/katharina-hagen-lebensfreude\/wp-json\/wp\/v2\/product"}],"about":[{"href":"https:\/\/www.regionalis.shop\/katharina-hagen-lebensfreude\/wp-json\/wp\/v2\/types\/product"}],"wp:featuredmedia":[{"embeddable":true,"href":"https:\/\/www.regionalis.shop\/katharina-hagen-lebensfreude\/wp-json\/wp\/v2\/media\/1054"}],"wp:attachment":[{"href":"https:\/\/www.regionalis.shop\/katharina-hagen-lebensfreude\/wp-json\/wp\/v2\/media?parent=1053"}],"wp:term":[{"taxonomy":"product_brand","embeddable":true,"href":"https:\/\/www.regionalis.shop\/katharina-hagen-lebensfreude\/wp-json\/wp\/v2\/product_brand?post=1053"},{"taxonomy":"product_cat","embeddable":true,"href":"https:\/\/www.regionalis.shop\/katharina-hagen-lebensfreude\/wp-json\/wp\/v2\/product_cat?post=1053"},{"taxonomy":"product_tag","embeddable":true,"href":"https:\/\/www.regionalis.shop\/katharina-hagen-lebensfreude\/wp-json\/wp\/v2\/product_tag?post=1053"}],"curies":[{"name":"wp","href":"https:\/\/api.w.org\/{rel}","templated":true}]}}