{"id":1059,"date":"2025-04-18T12:13:35","date_gmt":"2025-04-18T10:13:35","guid":{"rendered":"https:\/\/www.regionalis.shop\/katharina-hagen-lebensfreude\/product\/filztasche-mut-ist-die-kraft\/"},"modified":"2025-04-18T12:13:35","modified_gmt":"2025-04-18T10:13:35","slug":"filztasche-mut-ist-die-kraft","status":"publish","type":"product","link":"https:\/\/www.regionalis.shop\/katharina-hagen-lebensfreude\/shop\/filztasche-mut-ist-die-kraft\/","title":{"rendered":"Filztasche &#8222;Mut ist die Kraft&#8220;"},"content":{"rendered":"<p>&#8211;Filztasche&#8211;<\/p>\n<p>Ideal zum Einkaufen oder sonstigen Aktivit\u00e4ten. Sie hat eine wirklich praktische Gr\u00f6\u00dfe!<br \/>\nDie Vorderseite ist w\u00e4hlbar in Hellgrau oder Dunkelgrau, die Seiten in verschiedenen Farben wie gr\u00fcn, t\u00fcrkis, pink oder hellgrau.<\/p>\n<p>B: 35 cm<br \/>\nH: 30 cm<br \/>\nT: 20 cm<\/p>\n","protected":false},"excerpt":{"rendered":"<p>&#8211;Filztasche&#8211; Ideal zum Einkaufen oder sonstigen Aktivit\u00e4ten. Sie hat eine wirklich praktische Gr\u00f6\u00dfe! Die Vorderseite ist w\u00e4hlbar in Hellgrau oder Dunkelgrau, die Seiten in verschiedenen Farben wie gr\u00fcn, t\u00fcrkis, pink oder hellgrau. B: 35 cm H: 30 cm T: 20 cm<\/p>\n","protected":false},"featured_media":1060,"template":"","meta":{"_acf_changed":false},"product_brand":[],"product_cat":[171,95],"product_tag":[],"class_list":{"0":"post-1059","1":"product","2":"type-product","3":"status-publish","4":"has-post-thumbnail","6":"product_cat-stoffsackerl-einkaufstaschen","7":"product_cat-taschen","9":"first","10":"instock","11":"purchasable","12":"product-type-simple"},"acf":[],"_links":{"self":[{"href":"https:\/\/www.regionalis.shop\/katharina-hagen-lebensfreude\/wp-json\/wp\/v2\/product\/1059","targetHints":{"allow":["GET"]}}],"collection":[{"href":"https:\/\/www.regionalis.shop\/katharina-hagen-lebensfreude\/wp-json\/wp\/v2\/product"}],"about":[{"href":"https:\/\/www.regionalis.shop\/katharina-hagen-lebensfreude\/wp-json\/wp\/v2\/types\/product"}],"wp:featuredmedia":[{"embeddable":true,"href":"https:\/\/www.regionalis.shop\/katharina-hagen-lebensfreude\/wp-json\/wp\/v2\/media\/1060"}],"wp:attachment":[{"href":"https:\/\/www.regionalis.shop\/katharina-hagen-lebensfreude\/wp-json\/wp\/v2\/media?parent=1059"}],"wp:term":[{"taxonomy":"product_brand","embeddable":true,"href":"https:\/\/www.regionalis.shop\/katharina-hagen-lebensfreude\/wp-json\/wp\/v2\/product_brand?post=1059"},{"taxonomy":"product_cat","embeddable":true,"href":"https:\/\/www.regionalis.shop\/katharina-hagen-lebensfreude\/wp-json\/wp\/v2\/product_cat?post=1059"},{"taxonomy":"product_tag","embeddable":true,"href":"https:\/\/www.regionalis.shop\/katharina-hagen-lebensfreude\/wp-json\/wp\/v2\/product_tag?post=1059"}],"curies":[{"name":"wp","href":"https:\/\/api.w.org\/{rel}","templated":true}]}}