{"id":1066,"date":"2025-04-18T12:13:26","date_gmt":"2025-04-18T10:13:26","guid":{"rendered":"https:\/\/www.regionalis.shop\/katharina-hagen-lebensfreude\/product\/mosaik-kreuz\/"},"modified":"2025-04-18T12:13:26","modified_gmt":"2025-04-18T10:13:26","slug":"mosaik-kreuz","status":"publish","type":"product","link":"https:\/\/www.regionalis.shop\/katharina-hagen-lebensfreude\/shop\/mosaik-kreuz\/","title":{"rendered":"Mosaik Kreuz"},"content":{"rendered":"<p>Dieses Holzkreuz wurde liebevoll Stein f\u00fcr Stein beklebt.<\/p>\n<p>14 x 7,5<br \/>\nSt\u00e4rke 4 mm, mit Bohrung zum Aufh\u00e4ngen<\/p>\n<p>Gerne auch in Wunschfarben m\u00f6glich<\/p>\n","protected":false},"excerpt":{"rendered":"<p>Dieses Holzkreuz wurde liebevoll Stein f\u00fcr Stein beklebt. 14 x 7,5 St\u00e4rke 4 mm, mit Bohrung zum Aufh\u00e4ngen Gerne auch in Wunschfarben m\u00f6glich<\/p>\n","protected":false},"featured_media":1067,"template":"","meta":{"_acf_changed":false},"product_brand":[],"product_cat":[169,103],"product_tag":[],"class_list":{"0":"post-1066","1":"product","2":"type-product","3":"status-publish","4":"has-post-thumbnail","6":"product_cat-sonstiges-wohnen-deko","7":"product_cat-wohnen-deko","9":"first","10":"instock","11":"purchasable","12":"product-type-simple"},"acf":[],"_links":{"self":[{"href":"https:\/\/www.regionalis.shop\/katharina-hagen-lebensfreude\/wp-json\/wp\/v2\/product\/1066","targetHints":{"allow":["GET"]}}],"collection":[{"href":"https:\/\/www.regionalis.shop\/katharina-hagen-lebensfreude\/wp-json\/wp\/v2\/product"}],"about":[{"href":"https:\/\/www.regionalis.shop\/katharina-hagen-lebensfreude\/wp-json\/wp\/v2\/types\/product"}],"wp:featuredmedia":[{"embeddable":true,"href":"https:\/\/www.regionalis.shop\/katharina-hagen-lebensfreude\/wp-json\/wp\/v2\/media\/1067"}],"wp:attachment":[{"href":"https:\/\/www.regionalis.shop\/katharina-hagen-lebensfreude\/wp-json\/wp\/v2\/media?parent=1066"}],"wp:term":[{"taxonomy":"product_brand","embeddable":true,"href":"https:\/\/www.regionalis.shop\/katharina-hagen-lebensfreude\/wp-json\/wp\/v2\/product_brand?post=1066"},{"taxonomy":"product_cat","embeddable":true,"href":"https:\/\/www.regionalis.shop\/katharina-hagen-lebensfreude\/wp-json\/wp\/v2\/product_cat?post=1066"},{"taxonomy":"product_tag","embeddable":true,"href":"https:\/\/www.regionalis.shop\/katharina-hagen-lebensfreude\/wp-json\/wp\/v2\/product_tag?post=1066"}],"curies":[{"name":"wp","href":"https:\/\/api.w.org\/{rel}","templated":true}]}}