{"id":1072,"date":"2025-04-18T08:32:12","date_gmt":"2025-04-18T06:32:12","guid":{"rendered":"https:\/\/www.regionalis.shop\/katharina-hagen-lebensfreude\/product\/giraffe-2\/"},"modified":"2025-04-18T08:32:12","modified_gmt":"2025-04-18T06:32:12","slug":"giraffe-2","status":"publish","type":"product","link":"https:\/\/www.regionalis.shop\/katharina-hagen-lebensfreude\/shop\/giraffe-2\/","title":{"rendered":"Giraffe"},"content":{"rendered":"<p>Gira sucht einen Besitzer&#8230;&#8230;.<br \/>\nLiebevoll geh\u00e4kelte Giraffe.<br \/>\nSt\u00fcck f\u00fcr St\u00fcck wird jedes eine kleine Pers\u00f6nlichkeit.<\/p>\n<p>Farbw\u00fcnsche k\u00f6nnen gerne ber\u00fccksichtigt werden.<\/p>\n<p>ca. 22 cm<\/p>\n","protected":false},"excerpt":{"rendered":"<p>Gira sucht einen Besitzer&#8230;&#8230;. Liebevoll geh\u00e4kelte Giraffe. St\u00fcck f\u00fcr St\u00fcck wird jedes eine kleine Pers\u00f6nlichkeit. Farbw\u00fcnsche k\u00f6nnen gerne ber\u00fccksichtigt werden. ca. 22 cm<\/p>\n","protected":false},"featured_media":1073,"template":"","meta":{"_acf_changed":false},"product_brand":[],"product_cat":[38,93],"product_tag":[],"class_list":{"0":"post-1072","1":"product","2":"type-product","3":"status-publish","4":"has-post-thumbnail","6":"product_cat-baby-kinder","7":"product_cat-stofftiere","9":"first","10":"instock","11":"purchasable","12":"product-type-simple"},"acf":[],"_links":{"self":[{"href":"https:\/\/www.regionalis.shop\/katharina-hagen-lebensfreude\/wp-json\/wp\/v2\/product\/1072","targetHints":{"allow":["GET"]}}],"collection":[{"href":"https:\/\/www.regionalis.shop\/katharina-hagen-lebensfreude\/wp-json\/wp\/v2\/product"}],"about":[{"href":"https:\/\/www.regionalis.shop\/katharina-hagen-lebensfreude\/wp-json\/wp\/v2\/types\/product"}],"wp:featuredmedia":[{"embeddable":true,"href":"https:\/\/www.regionalis.shop\/katharina-hagen-lebensfreude\/wp-json\/wp\/v2\/media\/1073"}],"wp:attachment":[{"href":"https:\/\/www.regionalis.shop\/katharina-hagen-lebensfreude\/wp-json\/wp\/v2\/media?parent=1072"}],"wp:term":[{"taxonomy":"product_brand","embeddable":true,"href":"https:\/\/www.regionalis.shop\/katharina-hagen-lebensfreude\/wp-json\/wp\/v2\/product_brand?post=1072"},{"taxonomy":"product_cat","embeddable":true,"href":"https:\/\/www.regionalis.shop\/katharina-hagen-lebensfreude\/wp-json\/wp\/v2\/product_cat?post=1072"},{"taxonomy":"product_tag","embeddable":true,"href":"https:\/\/www.regionalis.shop\/katharina-hagen-lebensfreude\/wp-json\/wp\/v2\/product_tag?post=1072"}],"curies":[{"name":"wp","href":"https:\/\/api.w.org\/{rel}","templated":true}]}}