{"id":1084,"date":"2025-04-18T07:53:53","date_gmt":"2025-04-18T05:53:53","guid":{"rendered":"https:\/\/www.regionalis.shop\/katharina-hagen-lebensfreude\/product\/filz-schluesselanhaenger\/"},"modified":"2025-04-18T07:53:53","modified_gmt":"2025-04-18T05:53:53","slug":"filz-schluesselanhaenger","status":"publish","type":"product","link":"https:\/\/www.regionalis.shop\/katharina-hagen-lebensfreude\/shop\/filz-schluesselanhaenger\/","title":{"rendered":"Filz Schl\u00fcsselanh\u00e4nger"},"content":{"rendered":"<p>Schl\u00fcsselanh\u00e4nger aus Filz, mit Schl\u00fcsselring in Silber<\/p>\n<p>Frei gestaltbar &#8211; Auf Wunsch gerne zB mit  deinem Namen<br \/>\nOb Oma, Opa, Tante, Chef, Liebling, Schatz oder vieles mehr&#8230;. f\u00fcr alle ein passendes Geschenk<\/p>\n<p>&#8222;Name&#8220; bzw. Wunsch- Aufdruck bitte bei Bestellung bekannt geben<\/p>\n<p>Ma\u00dfe: 3 cm x 13 cm<\/p>\n","protected":false},"excerpt":{"rendered":"<p>Schl\u00fcsselanh\u00e4nger aus Filz, mit Schl\u00fcsselring in Silber Frei gestaltbar &#8211; Auf Wunsch gerne zB mit deinem Namen Ob Oma, Opa, Tante, Chef, Liebling, Schatz oder vieles mehr&#8230;. f\u00fcr alle ein passendes Geschenk &#8222;Name&#8220; bzw. Wunsch- Aufdruck bitte bei Bestellung bekannt geben Ma\u00dfe: 3 cm x 13 cm<\/p>\n","protected":false},"featured_media":1085,"template":"","meta":{"_acf_changed":false},"product_brand":[],"product_cat":[37,68],"product_tag":[],"class_list":{"0":"post-1084","1":"product","2":"type-product","3":"status-publish","4":"has-post-thumbnail","6":"product_cat-accessoires","7":"product_cat-schluesselanhaenger","9":"first","10":"instock","11":"purchasable","12":"product-type-simple"},"acf":[],"_links":{"self":[{"href":"https:\/\/www.regionalis.shop\/katharina-hagen-lebensfreude\/wp-json\/wp\/v2\/product\/1084","targetHints":{"allow":["GET"]}}],"collection":[{"href":"https:\/\/www.regionalis.shop\/katharina-hagen-lebensfreude\/wp-json\/wp\/v2\/product"}],"about":[{"href":"https:\/\/www.regionalis.shop\/katharina-hagen-lebensfreude\/wp-json\/wp\/v2\/types\/product"}],"wp:featuredmedia":[{"embeddable":true,"href":"https:\/\/www.regionalis.shop\/katharina-hagen-lebensfreude\/wp-json\/wp\/v2\/media\/1085"}],"wp:attachment":[{"href":"https:\/\/www.regionalis.shop\/katharina-hagen-lebensfreude\/wp-json\/wp\/v2\/media?parent=1084"}],"wp:term":[{"taxonomy":"product_brand","embeddable":true,"href":"https:\/\/www.regionalis.shop\/katharina-hagen-lebensfreude\/wp-json\/wp\/v2\/product_brand?post=1084"},{"taxonomy":"product_cat","embeddable":true,"href":"https:\/\/www.regionalis.shop\/katharina-hagen-lebensfreude\/wp-json\/wp\/v2\/product_cat?post=1084"},{"taxonomy":"product_tag","embeddable":true,"href":"https:\/\/www.regionalis.shop\/katharina-hagen-lebensfreude\/wp-json\/wp\/v2\/product_tag?post=1084"}],"curies":[{"name":"wp","href":"https:\/\/api.w.org\/{rel}","templated":true}]}}