{"id":1117,"date":"2025-04-18T04:28:18","date_gmt":"2025-04-18T02:28:18","guid":{"rendered":"https:\/\/www.regionalis.shop\/katharina-hagen-lebensfreude\/product\/emma-die-baerendame\/"},"modified":"2025-04-18T04:28:18","modified_gmt":"2025-04-18T02:28:18","slug":"emma-die-baerendame","status":"publish","type":"product","link":"https:\/\/www.regionalis.shop\/katharina-hagen-lebensfreude\/shop\/emma-die-baerendame\/","title":{"rendered":"Emma die B\u00e4rendame"},"content":{"rendered":"<p>Emma m\u00f6chte gerne in ihr Zuhause ziehen&#8230;..Sie ist auf der Suche nach einem Besitzer&#8230;&#8230;.<br \/>\nVon Hand geh\u00e4kelt &#8211; St\u00fcck f\u00fcr St\u00fcck wird aus einem Faden und viel Geduld eine kleine Pers\u00f6nlichkeit.<\/p>\n<p>Hose auch beliebig in einer anderen Farbe<\/p>\n<p>ca. 22 cm<\/p>\n","protected":false},"excerpt":{"rendered":"<p>Emma m\u00f6chte gerne in ihr Zuhause ziehen&#8230;..Sie ist auf der Suche nach einem Besitzer&#8230;&#8230;. Von Hand geh\u00e4kelt &#8211; St\u00fcck f\u00fcr St\u00fcck wird aus einem Faden und viel Geduld eine kleine Pers\u00f6nlichkeit. Hose auch beliebig in einer anderen Farbe ca. 22 cm<\/p>\n","protected":false},"featured_media":1118,"template":"","meta":{"_acf_changed":false},"product_brand":[],"product_cat":[38,93],"product_tag":[],"class_list":{"0":"post-1117","1":"product","2":"type-product","3":"status-publish","4":"has-post-thumbnail","6":"product_cat-baby-kinder","7":"product_cat-stofftiere","9":"first","10":"instock","11":"purchasable","12":"product-type-simple"},"acf":[],"_links":{"self":[{"href":"https:\/\/www.regionalis.shop\/katharina-hagen-lebensfreude\/wp-json\/wp\/v2\/product\/1117","targetHints":{"allow":["GET"]}}],"collection":[{"href":"https:\/\/www.regionalis.shop\/katharina-hagen-lebensfreude\/wp-json\/wp\/v2\/product"}],"about":[{"href":"https:\/\/www.regionalis.shop\/katharina-hagen-lebensfreude\/wp-json\/wp\/v2\/types\/product"}],"wp:featuredmedia":[{"embeddable":true,"href":"https:\/\/www.regionalis.shop\/katharina-hagen-lebensfreude\/wp-json\/wp\/v2\/media\/1118"}],"wp:attachment":[{"href":"https:\/\/www.regionalis.shop\/katharina-hagen-lebensfreude\/wp-json\/wp\/v2\/media?parent=1117"}],"wp:term":[{"taxonomy":"product_brand","embeddable":true,"href":"https:\/\/www.regionalis.shop\/katharina-hagen-lebensfreude\/wp-json\/wp\/v2\/product_brand?post=1117"},{"taxonomy":"product_cat","embeddable":true,"href":"https:\/\/www.regionalis.shop\/katharina-hagen-lebensfreude\/wp-json\/wp\/v2\/product_cat?post=1117"},{"taxonomy":"product_tag","embeddable":true,"href":"https:\/\/www.regionalis.shop\/katharina-hagen-lebensfreude\/wp-json\/wp\/v2\/product_tag?post=1117"}],"curies":[{"name":"wp","href":"https:\/\/api.w.org\/{rel}","templated":true}]}}