{"id":1203,"date":"2025-04-18T03:14:04","date_gmt":"2025-04-18T01:14:04","guid":{"rendered":"https:\/\/www.regionalis.shop\/katharina-hagen-lebensfreude\/product\/stiftekoerbchen\/"},"modified":"2025-04-18T03:14:04","modified_gmt":"2025-04-18T01:14:04","slug":"stiftekoerbchen","status":"publish","type":"product","link":"https:\/\/www.regionalis.shop\/katharina-hagen-lebensfreude\/shop\/stiftekoerbchen\/","title":{"rendered":"Stiftek\u00f6rbchen"},"content":{"rendered":"<p>Stifte problemlos aufbewahren&#8230;&#8230;kein Chaos mehr auf deinem Schreibtisch<br \/>\nGeh\u00e4keltes K\u00f6rbchen in deiner Wunschfarbe.<br \/>\nMa\u00dfe: 24 x 7<br \/>\nH\u00f6he: 6 cm<\/p>\n","protected":false},"excerpt":{"rendered":"<p>Stifte problemlos aufbewahren&#8230;&#8230;kein Chaos mehr auf deinem Schreibtisch Geh\u00e4keltes K\u00f6rbchen in deiner Wunschfarbe. Ma\u00dfe: 24 x 7 H\u00f6he: 6 cm<\/p>\n","protected":false},"featured_media":1204,"template":"","meta":{"_acf_changed":false},"product_brand":[],"product_cat":[37,82],"product_tag":[],"class_list":{"0":"post-1203","1":"product","2":"type-product","3":"status-publish","4":"has-post-thumbnail","6":"product_cat-accessoires","7":"product_cat-sonstiges-accessoires","9":"first","10":"instock","11":"purchasable","12":"product-type-simple"},"acf":[],"_links":{"self":[{"href":"https:\/\/www.regionalis.shop\/katharina-hagen-lebensfreude\/wp-json\/wp\/v2\/product\/1203","targetHints":{"allow":["GET"]}}],"collection":[{"href":"https:\/\/www.regionalis.shop\/katharina-hagen-lebensfreude\/wp-json\/wp\/v2\/product"}],"about":[{"href":"https:\/\/www.regionalis.shop\/katharina-hagen-lebensfreude\/wp-json\/wp\/v2\/types\/product"}],"wp:featuredmedia":[{"embeddable":true,"href":"https:\/\/www.regionalis.shop\/katharina-hagen-lebensfreude\/wp-json\/wp\/v2\/media\/1204"}],"wp:attachment":[{"href":"https:\/\/www.regionalis.shop\/katharina-hagen-lebensfreude\/wp-json\/wp\/v2\/media?parent=1203"}],"wp:term":[{"taxonomy":"product_brand","embeddable":true,"href":"https:\/\/www.regionalis.shop\/katharina-hagen-lebensfreude\/wp-json\/wp\/v2\/product_brand?post=1203"},{"taxonomy":"product_cat","embeddable":true,"href":"https:\/\/www.regionalis.shop\/katharina-hagen-lebensfreude\/wp-json\/wp\/v2\/product_cat?post=1203"},{"taxonomy":"product_tag","embeddable":true,"href":"https:\/\/www.regionalis.shop\/katharina-hagen-lebensfreude\/wp-json\/wp\/v2\/product_tag?post=1203"}],"curies":[{"name":"wp","href":"https:\/\/api.w.org\/{rel}","templated":true}]}}