{"id":1219,"date":"2025-04-18T02:51:20","date_gmt":"2025-04-18T00:51:20","guid":{"rendered":"https:\/\/www.regionalis.shop\/katharina-hagen-lebensfreude\/product\/kuschel-ente\/"},"modified":"2025-04-18T02:51:20","modified_gmt":"2025-04-18T00:51:20","slug":"kuschel-ente","status":"publish","type":"product","link":"https:\/\/www.regionalis.shop\/katharina-hagen-lebensfreude\/shop\/kuschel-ente\/","title":{"rendered":"Kuschel &#8211; Ente"},"content":{"rendered":"<p>Diese Kuschel-Ente m\u00f6chte gerne in ihr Zuhause ziehen&#8230;..Sie ist auf der Suche nach einem Besitzer&#8230;&#8230;.<br \/>\nVon Hand gestrickt &#8211; St\u00fcck f\u00fcr St\u00fcck wird aus einem Faden und viel Geduld eine kleine Pers\u00f6nlichkeit.<\/p>\n<p>31 cm (vom Schnabel bis zur Zehe)<\/p>\n","protected":false},"excerpt":{"rendered":"<p>Diese Kuschel-Ente m\u00f6chte gerne in ihr Zuhause ziehen&#8230;..Sie ist auf der Suche nach einem Besitzer&#8230;&#8230;. Von Hand gestrickt &#8211; St\u00fcck f\u00fcr St\u00fcck wird aus einem Faden und viel Geduld eine kleine Pers\u00f6nlichkeit. 31 cm (vom Schnabel bis zur Zehe)<\/p>\n","protected":false},"featured_media":1220,"template":"","meta":{"_acf_changed":false},"product_brand":[],"product_cat":[38,80],"product_tag":[],"class_list":{"0":"post-1219","1":"product","2":"type-product","3":"status-publish","4":"has-post-thumbnail","6":"product_cat-baby-kinder","7":"product_cat-sonstiges-baby-kinder","9":"first","10":"instock","11":"purchasable","12":"product-type-simple"},"acf":[],"_links":{"self":[{"href":"https:\/\/www.regionalis.shop\/katharina-hagen-lebensfreude\/wp-json\/wp\/v2\/product\/1219","targetHints":{"allow":["GET"]}}],"collection":[{"href":"https:\/\/www.regionalis.shop\/katharina-hagen-lebensfreude\/wp-json\/wp\/v2\/product"}],"about":[{"href":"https:\/\/www.regionalis.shop\/katharina-hagen-lebensfreude\/wp-json\/wp\/v2\/types\/product"}],"wp:featuredmedia":[{"embeddable":true,"href":"https:\/\/www.regionalis.shop\/katharina-hagen-lebensfreude\/wp-json\/wp\/v2\/media\/1220"}],"wp:attachment":[{"href":"https:\/\/www.regionalis.shop\/katharina-hagen-lebensfreude\/wp-json\/wp\/v2\/media?parent=1219"}],"wp:term":[{"taxonomy":"product_brand","embeddable":true,"href":"https:\/\/www.regionalis.shop\/katharina-hagen-lebensfreude\/wp-json\/wp\/v2\/product_brand?post=1219"},{"taxonomy":"product_cat","embeddable":true,"href":"https:\/\/www.regionalis.shop\/katharina-hagen-lebensfreude\/wp-json\/wp\/v2\/product_cat?post=1219"},{"taxonomy":"product_tag","embeddable":true,"href":"https:\/\/www.regionalis.shop\/katharina-hagen-lebensfreude\/wp-json\/wp\/v2\/product_tag?post=1219"}],"curies":[{"name":"wp","href":"https:\/\/api.w.org\/{rel}","templated":true}]}}