{"id":1237,"date":"2025-04-18T02:45:52","date_gmt":"2025-04-18T00:45:52","guid":{"rendered":"https:\/\/www.regionalis.shop\/katharina-hagen-lebensfreude\/product\/basti-der-baer\/"},"modified":"2025-04-18T02:45:52","modified_gmt":"2025-04-18T00:45:52","slug":"basti-der-baer","status":"publish","type":"product","link":"https:\/\/www.regionalis.shop\/katharina-hagen-lebensfreude\/shop\/basti-der-baer\/","title":{"rendered":"Basti der B\u00e4r"},"content":{"rendered":"<p>Basti der B\u00e4r sucht einen Besitzer&#8230;&#8230;.<br \/>\nLiebevoll geh\u00e4kelter B\u00e4r.<br \/>\nSt\u00fcck f\u00fcr St\u00fcck wird jeder eine kleine Pers\u00f6nlichkeit.<\/p>\n<p>Farbw\u00fcnsche werden gerne ber\u00fccksichtigt.<\/p>\n<p>ca. 22 cm<\/p>\n","protected":false},"excerpt":{"rendered":"<p>Basti der B\u00e4r sucht einen Besitzer&#8230;&#8230;. Liebevoll geh\u00e4kelter B\u00e4r. St\u00fcck f\u00fcr St\u00fcck wird jeder eine kleine Pers\u00f6nlichkeit. Farbw\u00fcnsche werden gerne ber\u00fccksichtigt. ca. 22 cm<\/p>\n","protected":false},"featured_media":1238,"template":"","meta":{"_acf_changed":false},"product_brand":[],"product_cat":[38,93],"product_tag":[],"class_list":{"0":"post-1237","1":"product","2":"type-product","3":"status-publish","4":"has-post-thumbnail","6":"product_cat-baby-kinder","7":"product_cat-stofftiere","9":"first","10":"instock","11":"purchasable","12":"product-type-simple"},"acf":[],"_links":{"self":[{"href":"https:\/\/www.regionalis.shop\/katharina-hagen-lebensfreude\/wp-json\/wp\/v2\/product\/1237","targetHints":{"allow":["GET"]}}],"collection":[{"href":"https:\/\/www.regionalis.shop\/katharina-hagen-lebensfreude\/wp-json\/wp\/v2\/product"}],"about":[{"href":"https:\/\/www.regionalis.shop\/katharina-hagen-lebensfreude\/wp-json\/wp\/v2\/types\/product"}],"wp:featuredmedia":[{"embeddable":true,"href":"https:\/\/www.regionalis.shop\/katharina-hagen-lebensfreude\/wp-json\/wp\/v2\/media\/1238"}],"wp:attachment":[{"href":"https:\/\/www.regionalis.shop\/katharina-hagen-lebensfreude\/wp-json\/wp\/v2\/media?parent=1237"}],"wp:term":[{"taxonomy":"product_brand","embeddable":true,"href":"https:\/\/www.regionalis.shop\/katharina-hagen-lebensfreude\/wp-json\/wp\/v2\/product_brand?post=1237"},{"taxonomy":"product_cat","embeddable":true,"href":"https:\/\/www.regionalis.shop\/katharina-hagen-lebensfreude\/wp-json\/wp\/v2\/product_cat?post=1237"},{"taxonomy":"product_tag","embeddable":true,"href":"https:\/\/www.regionalis.shop\/katharina-hagen-lebensfreude\/wp-json\/wp\/v2\/product_tag?post=1237"}],"curies":[{"name":"wp","href":"https:\/\/api.w.org\/{rel}","templated":true}]}}