{"id":1246,"date":"2025-04-18T02:45:52","date_gmt":"2025-04-18T00:45:52","guid":{"rendered":"https:\/\/www.regionalis.shop\/katharina-hagen-lebensfreude\/product\/zettelbox-2\/"},"modified":"2025-04-18T02:45:52","modified_gmt":"2025-04-18T00:45:52","slug":"zettelbox-2","status":"publish","type":"product","link":"https:\/\/www.regionalis.shop\/katharina-hagen-lebensfreude\/shop\/zettelbox-2\/","title":{"rendered":"Zettelbox"},"content":{"rendered":"<p>verschiedene Farben udn Muster m\u00f6glich<\/p>\n<p>Box aus Holz, f\u00fcr Standard Notizkl\u00f6tze (9&#215;9)<\/p>\n<p>liebevolle Serviettentechnik<br \/>\ninkl. 700 Stk. Zettel &#8211; Notizklotz<\/p>\n","protected":false},"excerpt":{"rendered":"<p>verschiedene Farben udn Muster m\u00f6glich Box aus Holz, f\u00fcr Standard Notizkl\u00f6tze (9&#215;9) liebevolle Serviettentechnik inkl. 700 Stk. Zettel &#8211; Notizklotz<\/p>\n","protected":false},"featured_media":1247,"template":"","meta":{"_acf_changed":false},"product_brand":[],"product_cat":[119,62],"product_tag":[],"class_list":{"0":"post-1246","1":"product","2":"type-product","3":"status-publish","4":"has-post-thumbnail","6":"product_cat-buerobedarf","7":"product_cat-papeterie-schreibwaren","9":"first","10":"instock","11":"purchasable","12":"product-type-simple"},"acf":[],"_links":{"self":[{"href":"https:\/\/www.regionalis.shop\/katharina-hagen-lebensfreude\/wp-json\/wp\/v2\/product\/1246","targetHints":{"allow":["GET"]}}],"collection":[{"href":"https:\/\/www.regionalis.shop\/katharina-hagen-lebensfreude\/wp-json\/wp\/v2\/product"}],"about":[{"href":"https:\/\/www.regionalis.shop\/katharina-hagen-lebensfreude\/wp-json\/wp\/v2\/types\/product"}],"wp:featuredmedia":[{"embeddable":true,"href":"https:\/\/www.regionalis.shop\/katharina-hagen-lebensfreude\/wp-json\/wp\/v2\/media\/1247"}],"wp:attachment":[{"href":"https:\/\/www.regionalis.shop\/katharina-hagen-lebensfreude\/wp-json\/wp\/v2\/media?parent=1246"}],"wp:term":[{"taxonomy":"product_brand","embeddable":true,"href":"https:\/\/www.regionalis.shop\/katharina-hagen-lebensfreude\/wp-json\/wp\/v2\/product_brand?post=1246"},{"taxonomy":"product_cat","embeddable":true,"href":"https:\/\/www.regionalis.shop\/katharina-hagen-lebensfreude\/wp-json\/wp\/v2\/product_cat?post=1246"},{"taxonomy":"product_tag","embeddable":true,"href":"https:\/\/www.regionalis.shop\/katharina-hagen-lebensfreude\/wp-json\/wp\/v2\/product_tag?post=1246"}],"curies":[{"name":"wp","href":"https:\/\/api.w.org\/{rel}","templated":true}]}}