{"id":1255,"date":"2025-04-18T02:45:32","date_gmt":"2025-04-18T00:45:32","guid":{"rendered":"https:\/\/www.regionalis.shop\/katharina-hagen-lebensfreude\/product\/mosaik-kugel-20-cm\/"},"modified":"2025-04-18T02:45:32","modified_gmt":"2025-04-18T00:45:32","slug":"mosaik-kugel-20-cm","status":"publish","type":"product","link":"https:\/\/www.regionalis.shop\/katharina-hagen-lebensfreude\/shop\/mosaik-kugel-20-cm\/","title":{"rendered":"Mosaik Kugel 20 cm"},"content":{"rendered":"<p>Liebevoll gestaltete Kugel, perfekt f\u00fcr Ihre Gartendekoration.<br \/>\nStein f\u00fcr Stein aufgeklebt.<br \/>\nDurchmesser von ca. 20 cm<\/p>\n<p>Auch andere Gr\u00f6\u00dfen verf\u00fcgbar!<\/p>\n<p>Farbw\u00fcnsche werden gerne ber\u00fccksichtigt.<\/p>\n","protected":false},"excerpt":{"rendered":"<p>Liebevoll gestaltete Kugel, perfekt f\u00fcr Ihre Gartendekoration. Stein f\u00fcr Stein aufgeklebt. Durchmesser von ca. 20 cm Auch andere Gr\u00f6\u00dfen verf\u00fcgbar! Farbw\u00fcnsche werden gerne ber\u00fccksichtigt.<\/p>\n","protected":false},"featured_media":1256,"template":"","meta":{"_acf_changed":false},"product_brand":[],"product_cat":[169,103],"product_tag":[],"class_list":{"0":"post-1255","1":"product","2":"type-product","3":"status-publish","4":"has-post-thumbnail","6":"product_cat-sonstiges-wohnen-deko","7":"product_cat-wohnen-deko","9":"first","10":"instock","11":"purchasable","12":"product-type-simple"},"acf":[],"_links":{"self":[{"href":"https:\/\/www.regionalis.shop\/katharina-hagen-lebensfreude\/wp-json\/wp\/v2\/product\/1255","targetHints":{"allow":["GET"]}}],"collection":[{"href":"https:\/\/www.regionalis.shop\/katharina-hagen-lebensfreude\/wp-json\/wp\/v2\/product"}],"about":[{"href":"https:\/\/www.regionalis.shop\/katharina-hagen-lebensfreude\/wp-json\/wp\/v2\/types\/product"}],"wp:featuredmedia":[{"embeddable":true,"href":"https:\/\/www.regionalis.shop\/katharina-hagen-lebensfreude\/wp-json\/wp\/v2\/media\/1256"}],"wp:attachment":[{"href":"https:\/\/www.regionalis.shop\/katharina-hagen-lebensfreude\/wp-json\/wp\/v2\/media?parent=1255"}],"wp:term":[{"taxonomy":"product_brand","embeddable":true,"href":"https:\/\/www.regionalis.shop\/katharina-hagen-lebensfreude\/wp-json\/wp\/v2\/product_brand?post=1255"},{"taxonomy":"product_cat","embeddable":true,"href":"https:\/\/www.regionalis.shop\/katharina-hagen-lebensfreude\/wp-json\/wp\/v2\/product_cat?post=1255"},{"taxonomy":"product_tag","embeddable":true,"href":"https:\/\/www.regionalis.shop\/katharina-hagen-lebensfreude\/wp-json\/wp\/v2\/product_tag?post=1255"}],"curies":[{"name":"wp","href":"https:\/\/api.w.org\/{rel}","templated":true}]}}