{"id":1291,"date":"2025-04-18T02:06:24","date_gmt":"2025-04-18T00:06:24","guid":{"rendered":"https:\/\/www.regionalis.shop\/katharina-hagen-lebensfreude\/product\/aufbewahrungskoerbchen-klein-dunkelgruen\/"},"modified":"2025-04-18T02:06:24","modified_gmt":"2025-04-18T00:06:24","slug":"aufbewahrungskoerbchen-klein-dunkelgruen","status":"publish","type":"product","link":"https:\/\/www.regionalis.shop\/katharina-hagen-lebensfreude\/shop\/aufbewahrungskoerbchen-klein-dunkelgruen\/","title":{"rendered":"Aufbewahrungsk\u00f6rbchen klein- dunkelgr\u00fcn"},"content":{"rendered":"<p>Dieses Aufbewahrungsk\u00f6rbchen darf f\u00fcr die Ordnung in deinem Zuhause nicht fehlen &#8230;. Oder aber auch als Osternest verwendbar!<br \/>\nDurchmesser: ca. 15 cm<br \/>\nH\u00f6he: ca. 7 cm <\/p>\n<p>waschbar<\/p>\n","protected":false},"excerpt":{"rendered":"<p>Dieses Aufbewahrungsk\u00f6rbchen darf f\u00fcr die Ordnung in deinem Zuhause nicht fehlen &#8230;. Oder aber auch als Osternest verwendbar! Durchmesser: ca. 15 cm H\u00f6he: ca. 7 cm waschbar<\/p>\n","protected":false},"featured_media":1292,"template":"","meta":{"_acf_changed":false},"product_brand":[],"product_cat":[169,103],"product_tag":[],"class_list":{"0":"post-1291","1":"product","2":"type-product","3":"status-publish","4":"has-post-thumbnail","6":"product_cat-sonstiges-wohnen-deko","7":"product_cat-wohnen-deko","9":"first","10":"instock","11":"purchasable","12":"product-type-simple"},"acf":[],"_links":{"self":[{"href":"https:\/\/www.regionalis.shop\/katharina-hagen-lebensfreude\/wp-json\/wp\/v2\/product\/1291","targetHints":{"allow":["GET"]}}],"collection":[{"href":"https:\/\/www.regionalis.shop\/katharina-hagen-lebensfreude\/wp-json\/wp\/v2\/product"}],"about":[{"href":"https:\/\/www.regionalis.shop\/katharina-hagen-lebensfreude\/wp-json\/wp\/v2\/types\/product"}],"wp:featuredmedia":[{"embeddable":true,"href":"https:\/\/www.regionalis.shop\/katharina-hagen-lebensfreude\/wp-json\/wp\/v2\/media\/1292"}],"wp:attachment":[{"href":"https:\/\/www.regionalis.shop\/katharina-hagen-lebensfreude\/wp-json\/wp\/v2\/media?parent=1291"}],"wp:term":[{"taxonomy":"product_brand","embeddable":true,"href":"https:\/\/www.regionalis.shop\/katharina-hagen-lebensfreude\/wp-json\/wp\/v2\/product_brand?post=1291"},{"taxonomy":"product_cat","embeddable":true,"href":"https:\/\/www.regionalis.shop\/katharina-hagen-lebensfreude\/wp-json\/wp\/v2\/product_cat?post=1291"},{"taxonomy":"product_tag","embeddable":true,"href":"https:\/\/www.regionalis.shop\/katharina-hagen-lebensfreude\/wp-json\/wp\/v2\/product_tag?post=1291"}],"curies":[{"name":"wp","href":"https:\/\/api.w.org\/{rel}","templated":true}]}}