{"id":1322,"date":"2025-04-18T02:01:34","date_gmt":"2025-04-18T00:01:34","guid":{"rendered":"https:\/\/www.regionalis.shop\/katharina-hagen-lebensfreude\/product\/knochen-small-hundespielzeug-2\/"},"modified":"2025-04-18T02:01:34","modified_gmt":"2025-04-18T00:01:34","slug":"knochen-small-hundespielzeug-2","status":"publish","type":"product","link":"https:\/\/www.regionalis.shop\/katharina-hagen-lebensfreude\/shop\/knochen-small-hundespielzeug-2\/","title":{"rendered":"Knochen Small &#8211; Hundespielzeug"},"content":{"rendered":"<p>Ob zum Kuscheln oder Spielen!<br \/>\n100 % Baumwolle, F\u00fcllung 100 % Polyester &#8211; F\u00fcllwatte<\/p>\n<p>ca. 18 cm lang<br \/>\nFarbe: dunkelblau<\/p>\n<p>Beachten Sie, dass trotz sorgf\u00e4ltiger Verarbeitung, sich Teile l\u00f6sen k\u00f6nnen. Tiere nie unbeaufsichtigt lassen. Kleinteile k\u00f6nnen bei Besch\u00e4digung verschluckt werden.<\/p>\n","protected":false},"excerpt":{"rendered":"<p>Ob zum Kuscheln oder Spielen! 100 % Baumwolle, F\u00fcllung 100 % Polyester &#8211; F\u00fcllwatte ca. 18 cm lang Farbe: dunkelblau Beachten Sie, dass trotz sorgf\u00e4ltiger Verarbeitung, sich Teile l\u00f6sen k\u00f6nnen. Tiere nie unbeaufsichtigt lassen. Kleinteile k\u00f6nnen bei Besch\u00e4digung verschluckt werden.<\/p>\n","protected":false},"featured_media":1323,"template":"","meta":{"_acf_changed":false},"product_brand":[],"product_cat":[162,83],"product_tag":[],"class_list":{"0":"post-1322","1":"product","2":"type-product","3":"status-publish","4":"has-post-thumbnail","6":"product_cat-null","7":"product_cat-sonstiges","9":"first","10":"instock","11":"purchasable","12":"product-type-simple"},"acf":[],"_links":{"self":[{"href":"https:\/\/www.regionalis.shop\/katharina-hagen-lebensfreude\/wp-json\/wp\/v2\/product\/1322","targetHints":{"allow":["GET"]}}],"collection":[{"href":"https:\/\/www.regionalis.shop\/katharina-hagen-lebensfreude\/wp-json\/wp\/v2\/product"}],"about":[{"href":"https:\/\/www.regionalis.shop\/katharina-hagen-lebensfreude\/wp-json\/wp\/v2\/types\/product"}],"wp:featuredmedia":[{"embeddable":true,"href":"https:\/\/www.regionalis.shop\/katharina-hagen-lebensfreude\/wp-json\/wp\/v2\/media\/1323"}],"wp:attachment":[{"href":"https:\/\/www.regionalis.shop\/katharina-hagen-lebensfreude\/wp-json\/wp\/v2\/media?parent=1322"}],"wp:term":[{"taxonomy":"product_brand","embeddable":true,"href":"https:\/\/www.regionalis.shop\/katharina-hagen-lebensfreude\/wp-json\/wp\/v2\/product_brand?post=1322"},{"taxonomy":"product_cat","embeddable":true,"href":"https:\/\/www.regionalis.shop\/katharina-hagen-lebensfreude\/wp-json\/wp\/v2\/product_cat?post=1322"},{"taxonomy":"product_tag","embeddable":true,"href":"https:\/\/www.regionalis.shop\/katharina-hagen-lebensfreude\/wp-json\/wp\/v2\/product_tag?post=1322"}],"curies":[{"name":"wp","href":"https:\/\/api.w.org\/{rel}","templated":true}]}}