{"id":1338,"date":"2025-04-18T01:55:47","date_gmt":"2025-04-17T23:55:47","guid":{"rendered":"https:\/\/www.regionalis.shop\/katharina-hagen-lebensfreude\/product\/halterung-abreisskalender\/"},"modified":"2025-04-18T01:55:47","modified_gmt":"2025-04-17T23:55:47","slug":"halterung-abreisskalender","status":"publish","type":"product","link":"https:\/\/www.regionalis.shop\/katharina-hagen-lebensfreude\/shop\/halterung-abreisskalender\/","title":{"rendered":"Halterung Abrei\u00dfkalender"},"content":{"rendered":"<p>Praktische Halterung aus Holz f\u00fcr Kalender<br \/>\nInklusive Abrei\u00dfkalender f\u00fcr 2022 aus Papier in der Gr\u00f6\u00dfe von 8cm x 5,5 cm<\/p>\n<p>Material: Holz , 10 cm x 25 cm<\/p>\n","protected":false},"excerpt":{"rendered":"<p>Praktische Halterung aus Holz f\u00fcr Kalender Inklusive Abrei\u00dfkalender f\u00fcr 2022 aus Papier in der Gr\u00f6\u00dfe von 8cm x 5,5 cm Material: Holz , 10 cm x 25 cm<\/p>\n","protected":false},"featured_media":1339,"template":"","meta":{"_acf_changed":false},"product_brand":[],"product_cat":[169,103],"product_tag":[],"class_list":{"0":"post-1338","1":"product","2":"type-product","3":"status-publish","4":"has-post-thumbnail","6":"product_cat-sonstiges-wohnen-deko","7":"product_cat-wohnen-deko","9":"first","10":"instock","11":"purchasable","12":"product-type-simple"},"acf":[],"_links":{"self":[{"href":"https:\/\/www.regionalis.shop\/katharina-hagen-lebensfreude\/wp-json\/wp\/v2\/product\/1338","targetHints":{"allow":["GET"]}}],"collection":[{"href":"https:\/\/www.regionalis.shop\/katharina-hagen-lebensfreude\/wp-json\/wp\/v2\/product"}],"about":[{"href":"https:\/\/www.regionalis.shop\/katharina-hagen-lebensfreude\/wp-json\/wp\/v2\/types\/product"}],"wp:featuredmedia":[{"embeddable":true,"href":"https:\/\/www.regionalis.shop\/katharina-hagen-lebensfreude\/wp-json\/wp\/v2\/media\/1339"}],"wp:attachment":[{"href":"https:\/\/www.regionalis.shop\/katharina-hagen-lebensfreude\/wp-json\/wp\/v2\/media?parent=1338"}],"wp:term":[{"taxonomy":"product_brand","embeddable":true,"href":"https:\/\/www.regionalis.shop\/katharina-hagen-lebensfreude\/wp-json\/wp\/v2\/product_brand?post=1338"},{"taxonomy":"product_cat","embeddable":true,"href":"https:\/\/www.regionalis.shop\/katharina-hagen-lebensfreude\/wp-json\/wp\/v2\/product_cat?post=1338"},{"taxonomy":"product_tag","embeddable":true,"href":"https:\/\/www.regionalis.shop\/katharina-hagen-lebensfreude\/wp-json\/wp\/v2\/product_tag?post=1338"}],"curies":[{"name":"wp","href":"https:\/\/api.w.org\/{rel}","templated":true}]}}