{"id":1342,"date":"2025-04-18T01:55:47","date_gmt":"2025-04-17T23:55:47","guid":{"rendered":"https:\/\/www.regionalis.shop\/katharina-hagen-lebensfreude\/product\/fisch-kitty-katzenspielzeug-2\/"},"modified":"2025-04-18T01:55:47","modified_gmt":"2025-04-17T23:55:47","slug":"fisch-kitty-katzenspielzeug-2","status":"publish","type":"product","link":"https:\/\/www.regionalis.shop\/katharina-hagen-lebensfreude\/shop\/fisch-kitty-katzenspielzeug-2\/","title":{"rendered":"Fisch Kitty &#8211; Katzenspielzeug"},"content":{"rendered":"<p>Ihre Katze wird diesen liebevoll gen\u00e4hten Fisch lieben.<br \/>\nMit Schnur<br \/>\nFarbe: Orange<br \/>\nGr\u00f6\u00dfe Fisch: ca, 18 cm, Schnur: ca. 70 cm<br \/>\nMaterial: 100 % Baumwolle, F\u00fcllung: 100 % Polyester F\u00fcllwatte<br \/>\nwaschbar<\/p>\n<p>Beachten Sie, dass sich trotz sorgf\u00e4ltiger Verarbeitung Teile l\u00f6sen k\u00f6nnten. Tiere nie unbeaufsichtigt lassen. Kleinteile k\u00f6nnen bei Besch\u00e4digung verschluckt werden.<\/p>\n","protected":false},"excerpt":{"rendered":"<p>Ihre Katze wird diesen liebevoll gen\u00e4hten Fisch lieben. Mit Schnur Farbe: Orange Gr\u00f6\u00dfe Fisch: ca, 18 cm, Schnur: ca. 70 cm Material: 100 % Baumwolle, F\u00fcllung: 100 % Polyester F\u00fcllwatte waschbar Beachten Sie, dass sich trotz sorgf\u00e4ltiger Verarbeitung Teile l\u00f6sen k\u00f6nnten. Tiere nie unbeaufsichtigt lassen. Kleinteile k\u00f6nnen bei Besch\u00e4digung verschluckt werden.<\/p>\n","protected":false},"featured_media":1343,"template":"","meta":{"_acf_changed":false},"product_brand":[],"product_cat":[162,83],"product_tag":[],"class_list":{"0":"post-1342","1":"product","2":"type-product","3":"status-publish","4":"has-post-thumbnail","6":"product_cat-null","7":"product_cat-sonstiges","9":"first","10":"instock","11":"purchasable","12":"product-type-simple"},"acf":[],"_links":{"self":[{"href":"https:\/\/www.regionalis.shop\/katharina-hagen-lebensfreude\/wp-json\/wp\/v2\/product\/1342","targetHints":{"allow":["GET"]}}],"collection":[{"href":"https:\/\/www.regionalis.shop\/katharina-hagen-lebensfreude\/wp-json\/wp\/v2\/product"}],"about":[{"href":"https:\/\/www.regionalis.shop\/katharina-hagen-lebensfreude\/wp-json\/wp\/v2\/types\/product"}],"wp:featuredmedia":[{"embeddable":true,"href":"https:\/\/www.regionalis.shop\/katharina-hagen-lebensfreude\/wp-json\/wp\/v2\/media\/1343"}],"wp:attachment":[{"href":"https:\/\/www.regionalis.shop\/katharina-hagen-lebensfreude\/wp-json\/wp\/v2\/media?parent=1342"}],"wp:term":[{"taxonomy":"product_brand","embeddable":true,"href":"https:\/\/www.regionalis.shop\/katharina-hagen-lebensfreude\/wp-json\/wp\/v2\/product_brand?post=1342"},{"taxonomy":"product_cat","embeddable":true,"href":"https:\/\/www.regionalis.shop\/katharina-hagen-lebensfreude\/wp-json\/wp\/v2\/product_cat?post=1342"},{"taxonomy":"product_tag","embeddable":true,"href":"https:\/\/www.regionalis.shop\/katharina-hagen-lebensfreude\/wp-json\/wp\/v2\/product_tag?post=1342"}],"curies":[{"name":"wp","href":"https:\/\/api.w.org\/{rel}","templated":true}]}}