{"id":1354,"date":"2025-04-18T01:55:26","date_gmt":"2025-04-17T23:55:26","guid":{"rendered":"https:\/\/www.regionalis.shop\/katharina-hagen-lebensfreude\/product\/netztasche-4\/"},"modified":"2025-04-18T01:55:26","modified_gmt":"2025-04-17T23:55:26","slug":"netztasche-4","status":"publish","type":"product","link":"https:\/\/www.regionalis.shop\/katharina-hagen-lebensfreude\/shop\/netztasche-4\/","title":{"rendered":"Netztasche"},"content":{"rendered":"<p>Diese Netztasche ist der ideale Begleiter beim Einkaufen! Auch als Badetasche ist sie bestens geeignet! Sie dehnt sich sehr, und passt sich so dem Inhalt ideal an!<br \/>\nLiebevoll geh\u00e4kelt!!<br \/>\n100 % Baumwolle, Waschbar<br \/>\nMa\u00dfe nur eine ungef\u00e4hre Angabe: 38 cm x 60 cm<\/p>\n","protected":false},"excerpt":{"rendered":"<p>Diese Netztasche ist der ideale Begleiter beim Einkaufen! Auch als Badetasche ist sie bestens geeignet! Sie dehnt sich sehr, und passt sich so dem Inhalt ideal an! Liebevoll geh\u00e4kelt!! 100 % Baumwolle, Waschbar Ma\u00dfe nur eine ungef\u00e4hre Angabe: 38 cm x 60 cm<\/p>\n","protected":false},"featured_media":1355,"template":"","meta":{"_acf_changed":false},"product_brand":[],"product_cat":[171,95],"product_tag":[],"class_list":{"0":"post-1354","1":"product","2":"type-product","3":"status-publish","4":"has-post-thumbnail","6":"product_cat-stoffsackerl-einkaufstaschen","7":"product_cat-taschen","9":"first","10":"instock","11":"purchasable","12":"product-type-simple"},"acf":[],"_links":{"self":[{"href":"https:\/\/www.regionalis.shop\/katharina-hagen-lebensfreude\/wp-json\/wp\/v2\/product\/1354","targetHints":{"allow":["GET"]}}],"collection":[{"href":"https:\/\/www.regionalis.shop\/katharina-hagen-lebensfreude\/wp-json\/wp\/v2\/product"}],"about":[{"href":"https:\/\/www.regionalis.shop\/katharina-hagen-lebensfreude\/wp-json\/wp\/v2\/types\/product"}],"wp:featuredmedia":[{"embeddable":true,"href":"https:\/\/www.regionalis.shop\/katharina-hagen-lebensfreude\/wp-json\/wp\/v2\/media\/1355"}],"wp:attachment":[{"href":"https:\/\/www.regionalis.shop\/katharina-hagen-lebensfreude\/wp-json\/wp\/v2\/media?parent=1354"}],"wp:term":[{"taxonomy":"product_brand","embeddable":true,"href":"https:\/\/www.regionalis.shop\/katharina-hagen-lebensfreude\/wp-json\/wp\/v2\/product_brand?post=1354"},{"taxonomy":"product_cat","embeddable":true,"href":"https:\/\/www.regionalis.shop\/katharina-hagen-lebensfreude\/wp-json\/wp\/v2\/product_cat?post=1354"},{"taxonomy":"product_tag","embeddable":true,"href":"https:\/\/www.regionalis.shop\/katharina-hagen-lebensfreude\/wp-json\/wp\/v2\/product_tag?post=1354"}],"curies":[{"name":"wp","href":"https:\/\/api.w.org\/{rel}","templated":true}]}}