{"id":1364,"date":"2025-04-18T01:54:44","date_gmt":"2025-04-17T23:54:44","guid":{"rendered":"https:\/\/www.regionalis.shop\/katharina-hagen-lebensfreude\/product\/osterkerze\/"},"modified":"2025-04-18T01:54:44","modified_gmt":"2025-04-17T23:54:44","slug":"osterkerze","status":"publish","type":"product","link":"https:\/\/www.regionalis.shop\/katharina-hagen-lebensfreude\/shop\/osterkerze\/","title":{"rendered":"Osterkerze"},"content":{"rendered":"<p>Mit viel Liebe und Geduld, wird dieser Hopl-Hase auf die Kerze gebracht.<br \/>\nIch achte auf hohe Qualit\u00e4t der Ware die ich verarbeite.<\/p>\n<p>Durchmesser: 7 cm<br \/>\nH\u00f6he: 16 cm<\/p>\n<p>Auf Wunsch gestalte ich f\u00fcr Sie die Kerze gerne auch in einer anderen Farbe.<\/p>\n","protected":false},"excerpt":{"rendered":"<p>Mit viel Liebe und Geduld, wird dieser Hopl-Hase auf die Kerze gebracht. Ich achte auf hohe Qualit\u00e4t der Ware die ich verarbeite. Durchmesser: 7 cm H\u00f6he: 16 cm Auf Wunsch gestalte ich f\u00fcr Sie die Kerze gerne auch in einer anderen Farbe.<\/p>\n","protected":false},"featured_media":1365,"template":"","meta":{"_acf_changed":false},"product_brand":[],"product_cat":[151,103],"product_tag":[],"class_list":{"0":"post-1364","1":"product","2":"type-product","3":"status-publish","4":"has-post-thumbnail","6":"product_cat-kerzen-kerzenstaender","7":"product_cat-wohnen-deko","9":"first","10":"instock","11":"purchasable","12":"product-type-simple"},"acf":[],"_links":{"self":[{"href":"https:\/\/www.regionalis.shop\/katharina-hagen-lebensfreude\/wp-json\/wp\/v2\/product\/1364","targetHints":{"allow":["GET"]}}],"collection":[{"href":"https:\/\/www.regionalis.shop\/katharina-hagen-lebensfreude\/wp-json\/wp\/v2\/product"}],"about":[{"href":"https:\/\/www.regionalis.shop\/katharina-hagen-lebensfreude\/wp-json\/wp\/v2\/types\/product"}],"wp:featuredmedia":[{"embeddable":true,"href":"https:\/\/www.regionalis.shop\/katharina-hagen-lebensfreude\/wp-json\/wp\/v2\/media\/1365"}],"wp:attachment":[{"href":"https:\/\/www.regionalis.shop\/katharina-hagen-lebensfreude\/wp-json\/wp\/v2\/media?parent=1364"}],"wp:term":[{"taxonomy":"product_brand","embeddable":true,"href":"https:\/\/www.regionalis.shop\/katharina-hagen-lebensfreude\/wp-json\/wp\/v2\/product_brand?post=1364"},{"taxonomy":"product_cat","embeddable":true,"href":"https:\/\/www.regionalis.shop\/katharina-hagen-lebensfreude\/wp-json\/wp\/v2\/product_cat?post=1364"},{"taxonomy":"product_tag","embeddable":true,"href":"https:\/\/www.regionalis.shop\/katharina-hagen-lebensfreude\/wp-json\/wp\/v2\/product_tag?post=1364"}],"curies":[{"name":"wp","href":"https:\/\/api.w.org\/{rel}","templated":true}]}}